{"id":4894,"date":"2015-12-12T23:13:28","date_gmt":"2015-12-12T23:13:28","guid":{"rendered":"http:\/\/moirai.si\/en\/?page_id=4894"},"modified":"2026-01-02T14:19:55","modified_gmt":"2026-01-02T14:19:55","slug":"opal","status":"publish","type":"page","link":"https:\/\/moirai.si\/hr\/opal\/","title":{"rendered":"Opal"},"content":{"rendered":"<div class=\"wp-block-button aligncenter\"><a class=\"wp-block-button__link has-text-color has-background wp-element-button\" href=\"https:\/\/moirai.si\/hr\/kategorija-proizvoda\/kupnja-kamenjem\/opal\/\" style=\"color:#2d2c2c;background-color:#ddc942\" target=\"_blank\" rel=\"noreferrer noopener\">Trgovina Opal<\/a><\/div>\n\n\n\n<h3 class=\"wp-block-heading\"><span style=\"color: #800080;\"><strong>Povjest<\/strong><\/span><\/h3>\n\n\n<div class=\"wp-block-image is-resized\">\n<figure class=\"alignright size-thumbnail\"><img decoding=\"async\" src=\"https:\/\/moirai.si\/wp-content\/uploads\/2020\/02\/opal-500x500.jpg\" alt=\"\" class=\"wp-image-15769\" style=\"width:125px\"\/><\/figure>\n<\/div>\n\n\n<ul class=\"wp-block-list\">\n<li>Naziv \"Opal\" dolazi od rije\u010di \"upala\", \u0161to zna\u010di dragi kamen. Poznajemo tri vrste opala: plemeniti opal, vatreni opal i neprozirnu skupinu opala. Prirodni opali su nekristalno kamenje i sadr\u017ee 30% vode. Duga koja se pojavljuje na Opalu i ovisi o kutu gledanja reflektira se svjetlom u podru\u010dju gdje se nalaze mikrosfere Cristobalita. Boja koja se pojavljuje naziva se \"vatra\" ili \"igra svjetla\". Dragocjeni opali pojavljuju se u nizu boja od bijele do crne. Fire Opal je dobio ime po svojoj boji i ne pokazuje opalescenciju. Boja vatrenog opala kre\u0107e se od \u017eute do crvene. Obi\u010dno je mlije\u010dne boje, ali najbolji primjerci trebaju biti prozirni. Obi\u010dni opal je obi\u010dno nejasan, rijetko proziran i nema igre boja. \u010cesto se nalazi pomije\u0161an s drugim dragim kamenjem kao \u0161to je Ahat Opal ili Mossy Opal.<\/li>\n\n\n\n<li><span style=\"color: #800080;\">Sinonimi, stari nazivi, trgova\u010dki nazivi:<\/span> Ahat Opal, Ananas Opal, Andski Opal, Opal An\u0111eoske Ko\u017ee, Bijeli Opal, Boulder Opal, Crni Kristalni Opal, Crni Opal, Divlji Opal, Dragocjeni Opal, Duplet Opal, Girasol, Harlequin Opal, Hyalit, Hydrophane, Quartz Sig, Drveni Opal, Mahovinasti opal, medeni opal, porculanski opal, svinjski opal, sivi opal, trostruki opal, vodeni opal\u2026<\/li>\n<\/ul>\n\n\n\n<h3 class=\"wp-block-heading\"><span style=\"color: #800080;\"><strong>Ljekovita * Metafizi\u010dka svojstva<\/strong><\/span><\/h3>\n\n\n\n<ul class=\"wp-block-list\">\n<li>crijeva, emocije, inzulin, originalnost, ljutnja, kozmi\u010dka svijest, kreativnost, krv, bubrezi, infekcije, Parkinsonova bolest, samopo\u0161tovanje, seksualnost, pam\u0107enje, spontanost, srce, umjetnost, kreativnost, volja za \u017eivotom, zavo\u0111enje, za\u0161tita, zdravlje, odanost, \u017eelu\u010dana kiselina, \u017eeludac...<\/li>\n<\/ul>\n\n\n\n<div class=\"wp-block-button aligncenter\"><a class=\"wp-block-button__link has-text-color has-background wp-element-button\" href=\"https:\/\/moirai.si\/hr\/kategorija-proizvoda\/kupnja-kamenjem\/opal\/\" style=\"color:#2d2c2c;background-color:#ddc942\" target=\"_blank\" rel=\"noreferrer noopener\">Trgovina Opal<\/a><\/div>\n\n\n<div class=\"wp-block-image is-resized\">\n<figure class=\"alignleft\"><a href=\"https:\/\/moirai.si\/hr\/cakra\/\"><img loading=\"lazy\" decoding=\"async\" width=\"500\" height=\"500\" src=\"https:\/\/moirai.si\/wp-content\/uploads\/2019\/09\/\u010dakra.jpg\" alt=\"\" class=\"wp-image-14534\" style=\"width:125px\" srcset=\"https:\/\/moirai.si\/wp-content\/uploads\/2019\/09\/\u010dakra.jpg 500w, https:\/\/moirai.si\/wp-content\/uploads\/2019\/09\/\u010dakra-100x100.jpg 100w\" sizes=\"auto, (max-width: 500px) 100vw, 500px\" \/><\/a><\/figure>\n<\/div>\n\n\n<p><a href=\"https:\/\/moirai.si\/hr\/cakra\/\">\u010cakra<\/a><\/p>\n\n\n\n<p class=\"has-small-font-size\">**** Navedena ljekovita i metafizi\u010dka svojstva kamenja prikupljena su iz vi\u0161e razli\u010ditih izvora. Informacije su dane samo kao usluga, a ne za lije\u010denje bolesti. Moirai.si ne jam\u010di potpunu valjanost gore navedenog.<\/p>\n\n\n\n<h3 class=\"wp-block-heading\"><span style=\"color: #800080;\"><strong>Karakteristike minerala<\/strong><\/span><\/h3>\n\n\n\n<figure class=\"wp-block-table\"><table><tbody><tr><td>Kemijski sastav<\/td><td>SiO<sub>2<\/sub>-nH<sub>2<\/sub>O<\/td><\/tr><tr><td>Boja<\/td><td>prozirna, sve boje<\/td><\/tr><tr><td>Tvrdo\u0107a (Mohs)<\/td><td>5.5-6<\/td><\/tr><tr><td>Gusto\u0107a<\/td><td>1.98-2.50<\/td><\/tr><tr><td>Indeks loma<\/td><td>1.370-1.450<\/td><\/tr><tr><td>Kristalni sistem<\/td><td>Amorfna<\/td><\/tr><\/tbody><\/table><\/figure>\n\n\n\n<h3 class=\"wp-block-heading\"><span style=\"color: #800080;\"><strong>Izvor minerala<\/strong><\/span><\/h3>\n\n\n<div class=\"wp-block-image is-resized\">\n<figure class=\"alignleft size-large\"><img loading=\"lazy\" decoding=\"async\" width=\"189\" height=\"104\" src=\"https:\/\/moirai.si\/wp-content\/uploads\/2020\/01\/svet.jpg\" alt=\"\" class=\"wp-image-15658\" style=\"width:125px\"\/><\/figure>\n<\/div>\n\n\n<ul class=\"wp-block-list\">\n<li>Australija, Brazil, Meksiko, \u010ce\u0161ka, Afrika i Nevada.<\/li>\n<\/ul>\n\n\n\n<h3 class=\"wp-block-heading\"><span style=\"color: #800080;\"><strong>Briga<\/strong><\/span><\/h3>\n\n\n\n<ul class=\"wp-block-list\">\n<li>Opali su osjetljivo kamenje. Opal mo\u017ee popucati i izblijediti ako se ostavi da se osu\u0161i. Ako \u017eivite u vrlo suhoj klimi ili ih dr\u017eite u vla\u017enoj prostoriji, potrebne su neke mjere. \u010cuvajte opale u dobro zatvorenoj plasti\u010dnoj vre\u0107ici s vla\u017enim komadom pamuka ili tkanine. To je jedini na\u010din da se sprije\u010di dehidracija Opala. Opali su tako\u0111er vrlo osjetljivi na nagle promjene temperature zbog sadr\u017eaja vode. Rje\u0161enje je o\u010distiti Opals mekom krpom i blagim sapunom ako je potrebno. Ne koristite agresivne kemikalije ili sredstva za \u010di\u0161\u0107enje i izbjegavajte ultrazvu\u010dne \u010dista\u010de i aparate za paru.<\/li>\n\n\n\n<li>Najbolje je pohraniti kameni nakit u kutiju prekrivenu krpom ili zamotati u tkaninu odvojeno od ostalih, \u010dime se spre\u010davaju o\u0161te\u0107enja i mogu\u0107e ogrebotine. Preporu\u010dljivo je ne nositi nakit tijekom velikih fizi\u010dkih aktivnosti kao \u0161to su vje\u017ebanje ili sport. Izbjegavajte prskanje parfema na va\u0161 nakit i kamenje.<\/li>\n<\/ul>\n\n\n\n<div class=\"wp-block-button aligncenter\"><a class=\"wp-block-button__link has-text-color has-background wp-element-button\" href=\"https:\/\/moirai.si\/hr\/kategorija-proizvoda\/kupnja-kamenjem\/opal\/\" style=\"color:#2d2c2c;background-color:#ddc942\" target=\"_blank\" rel=\"noreferrer noopener\">Trgovina Opal<\/a><\/div>\n\n\n\n<p class=\"has-text-align-center\">Za <strong><span style=\"color: #800080;\">10<\/span>%<\/strong> popusta koristite kod: <span style=\"color: #800080;\"><strong>moirai26 <\/strong><\/span>(koda je veljavna do 31.12.2026)!<\/p>\n\n\n\n<h3 class=\"wp-block-heading\"><span style=\"color: #800080;\"><strong>Horoskop<\/strong><\/span><\/h3>\n\n\n<div class=\"wp-block-image\">\n<figure class=\"alignleft size-large\"><img loading=\"lazy\" decoding=\"async\" width=\"116\" height=\"111\" src=\"https:\/\/moirai.si\/wp-content\/uploads\/2020\/01\/horoskop.jpg\" alt=\"\" class=\"wp-image-15659\"\/><\/figure>\n<\/div>\n\n\n<ul class=\"wp-block-list\">\n<li>Rak, Vaga, \u0160korpion, Ribe<\/li>\n<\/ul>","protected":false},"excerpt":{"rendered":"<p>Zgodovina Zdravilno * Metafizi\u010dne lastnosti \u010cakra **** Navedene zdravilne in metafizi\u010dne lastnosti kamnov so zbrane iz ve\u010d razli\u010dnih virov. Informacije so na voljo le kot storitev in ne za zdravljenje bolezni. Moirai.si ne jam\u010di popolne veljavnosti navedenega. Zna\u010dilnosti minerala Kemijska sestava SiO2-nH2O Barva prosojna, vse barve Trdota (Mohs) 5.5-6 Gostota 1.98-2.50 Lomni koli\u010dnik 1.370-1.450 Kristalni [&hellip;]<\/p>\n","protected":false},"author":1,"featured_media":0,"parent":0,"menu_order":0,"comment_status":"closed","ping_status":"closed","template":"template-products-page.php","meta":{"footnotes":""},"class_list":["post-4894","page","type-page","status-publish","hentry"],"_links":{"self":[{"href":"https:\/\/moirai.si\/hr\/wp-json\/wp\/v2\/pages\/4894","targetHints":{"allow":["GET"]}}],"collection":[{"href":"https:\/\/moirai.si\/hr\/wp-json\/wp\/v2\/pages"}],"about":[{"href":"https:\/\/moirai.si\/hr\/wp-json\/wp\/v2\/types\/page"}],"author":[{"embeddable":true,"href":"https:\/\/moirai.si\/hr\/wp-json\/wp\/v2\/users\/1"}],"replies":[{"embeddable":true,"href":"https:\/\/moirai.si\/hr\/wp-json\/wp\/v2\/comments?post=4894"}],"version-history":[{"count":12,"href":"https:\/\/moirai.si\/hr\/wp-json\/wp\/v2\/pages\/4894\/revisions"}],"predecessor-version":[{"id":27228,"href":"https:\/\/moirai.si\/hr\/wp-json\/wp\/v2\/pages\/4894\/revisions\/27228"}],"wp:attachment":[{"href":"https:\/\/moirai.si\/hr\/wp-json\/wp\/v2\/media?parent=4894"}],"curies":[{"name":"wp","href":"https:\/\/api.w.org\/{rel}","templated":true}]}}