{"id":4927,"date":"2015-12-13T16:29:32","date_gmt":"2015-12-13T16:29:32","guid":{"rendered":"http:\/\/moirai.si\/?page_id=4927"},"modified":"2026-01-02T14:27:30","modified_gmt":"2026-01-02T14:27:30","slug":"safir","status":"publish","type":"page","link":"https:\/\/moirai.si\/hr\/safir\/","title":{"rendered":"Safir"},"content":{"rendered":"<div class=\"wp-block-button aligncenter\"><a class=\"wp-block-button__link has-text-color has-background wp-element-button\" href=\"https:\/\/moirai.si\/hr\/kategorija-proizvoda\/kupnja-kamenjem\/safir\/\" style=\"color:#2d2c2c;background-color:#ddc942\" target=\"_blank\" rel=\"noreferrer noopener\">Trgovina Safir<\/a><\/div>\n\n\n\n<h3 class=\"wp-block-heading\"><span style=\"color: #800080;\"><strong>Povjest<\/strong><\/span><\/h3>\n\n\n<div class=\"wp-block-image is-resized\">\n<figure class=\"alignright size-thumbnail\"><img decoding=\"async\" src=\"https:\/\/moirai.si\/wp-content\/uploads\/2020\/02\/safir-500x500.jpg\" alt=\"\" class=\"wp-image-15790\" style=\"width:125px\"\/><\/figure>\n<\/div>\n\n\n<ul class=\"wp-block-list\">\n<li>Naziv safir dolazi od gr\u010dke rije\u010di \"Sappherios\" \u0161to zna\u010di \"plav\". Safir je vrsta minerala korunda. Naziv korund dolazi od rije\u010di \"Kuruvindam\" \u0161to zna\u010di \"rubin safir\". Prirodni safiri su prili\u010dno blijedi i imaju svijetlu boju. Samo mali postotak safira pokazuje \u017eive i intenzivne boje bez dodatnih tretmana. Obojeni safir \u010desto se naziva \"Fancy Safir\". \"Fancy Sapphire\" se obi\u010dno prodaje pod odre\u0111enim imenima kao \u0161to su Yellow Sapphire, Green Sapphire ili Purple Sapphire.<\/li>\n\n\n\n<li><span style=\"color: #800080;\">Sinonimi, stari nazivi, trgova\u010dki nazivi:<\/span> Leukozafir, Orijentalni ametist, Orijentalni smaragd, Orijentalni topaz, Padparad\u017ea...<\/li>\n<\/ul>\n\n\n\n<h3 class=\"wp-block-heading\"><span style=\"color: #800080;\"><strong>Ljekovita * Metafizi\u010dka svojstva<\/strong><\/span><\/h3>\n\n\n\n<ul class=\"wp-block-list\">\n<li>bol, depresija, duhovnost, hiperaktivnost, hipofiza, hormoni, po\u0161tenje, krvni tlak, bubrezi, mir, mudrost, neodlu\u010dnost, ravnote\u017ea, istina, reumatizam, zra\u010denje, srce, strah, telepatija, radost, volja, groznica, odanost, \u017eivci, \u017eu\u010d\u2026<\/li>\n<\/ul>\n\n\n<div class=\"wp-block-image is-resized\">\n<figure class=\"alignleft\"><a href=\"https:\/\/moirai.si\/hr\/cakra\/\"><img loading=\"lazy\" decoding=\"async\" width=\"500\" height=\"500\" src=\"https:\/\/moirai.si\/wp-content\/uploads\/2019\/09\/\u010dakra.jpg\" alt=\"\" class=\"wp-image-14534\" style=\"width:125px\" srcset=\"https:\/\/moirai.si\/wp-content\/uploads\/2019\/09\/\u010dakra.jpg 500w, https:\/\/moirai.si\/wp-content\/uploads\/2019\/09\/\u010dakra-100x100.jpg 100w\" sizes=\"auto, (max-width: 500px) 100vw, 500px\" \/><\/a><\/figure>\n<\/div>\n\n\n<p><a href=\"https:\/\/moirai.si\/hr\/cakra\/\">\u010cakra<\/a><\/p>\n\n\n\n<p class=\"has-small-font-size\">** Navedena ljekovita i metafizi\u010dka svojstva kamenja prikupljena su iz razli\u010ditih izvora. Informacije su dostupne samo kao usluga, a ne za lije\u010denje bolesti. Moirai ne jam\u010di potpunu valjanost gore navedenog.<\/p>\n\n\n\n<h3 class=\"wp-block-heading\"><span style=\"color: #800080;\"><strong>Karakteristike minerala<\/strong><\/span><\/h3>\n\n\n\n<figure class=\"wp-block-table\"><table><tbody><tr><td>Kemijski sastav<\/td><td>AI<sub>2<\/sub>O<sub>3<\/sub><\/td><\/tr><tr><td>Boja<\/td><td>plava<\/td><\/tr><tr><td>Tvrdo\u0107a (Mohs)<\/td><td>9<\/td><\/tr><tr><td>Gusto\u0107a<\/td><td>4.00-4.10<\/td><\/tr><tr><td>Indeks loma<\/td><td>1.760-1.772<\/td><\/tr><tr><td>Kristalni sistem<\/td><td>Trigonalni<\/td><\/tr><\/tbody><\/table><\/figure>\n\n\n\n<h3 class=\"wp-block-heading\"><span style=\"color: #800080;\"><strong>Izvor minerala<\/strong><\/span><\/h3>\n\n\n<div class=\"wp-block-image is-resized\">\n<figure class=\"alignleft size-large\"><img loading=\"lazy\" decoding=\"async\" width=\"189\" height=\"104\" src=\"https:\/\/moirai.si\/wp-content\/uploads\/2020\/01\/svet.jpg\" alt=\"\" class=\"wp-image-15658\" style=\"width:125px\"\/><\/figure>\n<\/div>\n\n\n<ul class=\"wp-block-list\">\n<li>Mianmar, \u0160ri Lanka, Indija, Australija, Afrika, Kambod\u017ea, Brazil i SAD.<\/li>\n<\/ul>\n\n\n\n<h3 class=\"wp-block-heading\"><span style=\"color: #800080;\"><strong>Briga<\/strong><\/span><\/h3>\n\n\n\n<ul class=\"wp-block-list\">\n<li>Jednostavno o\u010distite safir mekom krpom ili \u010detkom i toplom vodom i sapunom te dobro isperite kako biste uklonili ostatke sapuna. Safir mo\u017ee promijeniti boju kada je izlo\u017een visokoj toplini, stoga izbjegavajte velike temperaturne fluktuacije. Tako\u0111er izbjegavajte kori\u0161tenje bilo koje vrste agresivnih ku\u0107anskih kemikalija i sredstava za \u010di\u0161\u0107enje, uklju\u010duju\u0107i izbjeljiva\u010d ili kiselinu, jer kemikalije mogu uzrokovati koroziju.<\/li>\n\n\n\n<li>Kameni nakit je najbolje pohraniti u kutiju prekrivenu krpom ili zamotati u krpu odvojenu od ostalih, sprje\u010davaju\u0107i samo o\u0161te\u0107enja i mogu\u0107e ogrebotine. Preporu\u010dljivo je ne nositi nakit tijekom velikih fizi\u010dkih aktivnosti kao \u0161to su vje\u017ebanje ili sport. Izbjegavajte prskanje parfema na va\u0161 nakit i kamenje.<\/li>\n<\/ul>\n\n\n\n<div class=\"wp-block-button aligncenter\"><a class=\"wp-block-button__link has-text-color has-background wp-element-button\" href=\"https:\/\/moirai.si\/hr\/kategorija-proizvoda\/kupnja-kamenjem\/safir\/\" style=\"color:#2d2c2c;background-color:#ddc942\" target=\"_blank\" rel=\"noreferrer noopener\">Trgovina Safir<\/a><\/div>\n\n\n\n<p class=\"has-text-align-center\">Za <strong><span style=\"color: #800080;\">10<\/span>%<\/strong> popusta koristite kod: <span style=\"color: #800080;\"><strong>moirai26 <\/strong><\/span>(koda je veljavna do 31.12.2026)!<\/p>\n\n\n\n<h3 class=\"wp-block-heading\"><span style=\"color: #800080;\"><strong>Horoskop<\/strong><\/span><\/h3>\n\n\n<div class=\"wp-block-image\">\n<figure class=\"alignleft size-large\"><img loading=\"lazy\" decoding=\"async\" width=\"116\" height=\"111\" src=\"https:\/\/moirai.si\/wp-content\/uploads\/2020\/01\/horoskop.jpg\" alt=\"\" class=\"wp-image-15659\"\/><\/figure>\n<\/div>\n\n\n<ul class=\"wp-block-list\">\n<li>Djevica, Vaga, Strijelac, Vodenjak, Ribe, Ovan, Bik, Blizanci<\/li>\n<\/ul>","protected":false},"excerpt":{"rendered":"<p>Zgodovina Zdravilno * Metafizi\u010dne lastnosti \u010cakra ** Navedene zdravilne in metafizi\u010dne lastnosti kamnov so zbrane iz ve\u010d razli\u010dnih virov. Informacije so na voljo le kot storitev in ne za zdravljenje bolezni. Moirai.si ne jam\u010di popolne veljavnosti navedenega. Zna\u010dilnosti minerala Kemijska sestava AI2O3 Barva modra Trdota (Mohs) 9 Gostota 4.00-4.10 Lomni koli\u010dnik 1.760-1.772 Kristalni sistem Trigonalni [&hellip;]<\/p>\n","protected":false},"author":1,"featured_media":0,"parent":0,"menu_order":0,"comment_status":"closed","ping_status":"closed","template":"template-products-page.php","meta":{"footnotes":""},"class_list":["post-4927","page","type-page","status-publish","hentry"],"_links":{"self":[{"href":"https:\/\/moirai.si\/hr\/wp-json\/wp\/v2\/pages\/4927","targetHints":{"allow":["GET"]}}],"collection":[{"href":"https:\/\/moirai.si\/hr\/wp-json\/wp\/v2\/pages"}],"about":[{"href":"https:\/\/moirai.si\/hr\/wp-json\/wp\/v2\/types\/page"}],"author":[{"embeddable":true,"href":"https:\/\/moirai.si\/hr\/wp-json\/wp\/v2\/users\/1"}],"replies":[{"embeddable":true,"href":"https:\/\/moirai.si\/hr\/wp-json\/wp\/v2\/comments?post=4927"}],"version-history":[{"count":12,"href":"https:\/\/moirai.si\/hr\/wp-json\/wp\/v2\/pages\/4927\/revisions"}],"predecessor-version":[{"id":27237,"href":"https:\/\/moirai.si\/hr\/wp-json\/wp\/v2\/pages\/4927\/revisions\/27237"}],"wp:attachment":[{"href":"https:\/\/moirai.si\/hr\/wp-json\/wp\/v2\/media?parent=4927"}],"curies":[{"name":"wp","href":"https:\/\/api.w.org\/{rel}","templated":true}]}}