{"id":4950,"date":"2015-12-13T19:05:57","date_gmt":"2015-12-13T19:05:57","guid":{"rendered":"http:\/\/moirai.si\/?page_id=4950"},"modified":"2026-01-02T14:45:59","modified_gmt":"2026-01-02T14:45:59","slug":"tigrovo-oko","status":"publish","type":"page","link":"https:\/\/moirai.si\/hr\/tigrovo-oko\/","title":{"rendered":"Tigrovo oko"},"content":{"rendered":"<div class=\"wp-block-button aligncenter\"><a class=\"wp-block-button__link has-text-color has-background wp-element-button\" href=\"https:\/\/moirai.si\/hr\/kategorija-proizvoda\/kupnja-kamenjem\/tigrovo-oko\/\" style=\"color:#2d2c2c;background-color:#ddc942\" target=\"_blank\" rel=\"noreferrer noopener\">Trgovina Tigrovo oko<\/a><\/div>\n\n\n\n<h3 class=\"wp-block-heading\"><span style=\"color: #800080;\"><strong>Povjest<\/strong><\/span><\/h3>\n\n\n<div class=\"wp-block-image is-resized\">\n<figure class=\"alignright size-thumbnail\"><img decoding=\"async\" src=\"https:\/\/moirai.si\/wp-content\/uploads\/2020\/02\/tigrovo-500x500.jpg\" alt=\"\" class=\"wp-image-15816\" style=\"width:125px\"\/><\/figure>\n<\/div>\n\n\n<ul class=\"wp-block-list\">\n<li>Tigrovo oko zapravo nastaje od sokolovog oka. Tijekom procesa pseudomorfne transformacije, materijali koji sadr\u017ee vi\u0161e \u017eeljeznog oksida manifestiraju se u sme\u0111em Tigrovom oku. Kada je manje oksidacije i \u017eeljeza, boja te\u017ei izvornoj plavoj boji krokidolita.<\/li>\n\n\n\n<li><a href=\"https:\/\/moirai.si\/hr\/oko-sokolovo\/\" target=\"_blank\" rel=\"noreferrer noopener\">Sokolovo Oko<\/a> je plavo-siva do plavo-zelena varijanta kvarca. Pripada obitelji kvarcnih kristala. To je vrsta makrokristalnog kvarca. Sokolsko oko je u po\u010detku krokidolit, a kasnije prelazi u kvarc. Krocidolit je vlaknasti plavi mineral koji pripada obitelji ribekita (amfibolni silikati). Transformacija Hawkeyea po\u010dinje kada se kvarc polako stapa s vlaknima krokidolita i na kraju ga potpuno zamjenjuje, zadr\u017eavaju\u0107i svoj izvorni oblik. Sokolje oko poznato je po ma\u010djem opti\u010dkom efektu koji podsje\u0107a na oko sokolovo. Usko je povezan s tigrovim okom i pijetarzitom, koji imaju sli\u010dan u\u010dinak. Tigrovo oko je zapravo formirano od sokolovog oka. Kada se plavi krokidolit otopi s kvarcom, ostaju tragovi \u017eeljeznog oksida. Manje \u017eeljeza rezultira plavom bojom krokidolita. S druge strane, vi\u0161e \u017eeljeza \u010dini tigrovo oko sme\u0111im. Pietarsit je agregat koji se prvenstveno sastoji od Sokolja i Tigrovog Oka. Ima prili\u010dno kaoti\u010dan vrtlo\u017eni uzorak koji nastaje tijekom raspadanja i kasnije se skru\u0107uje zajedno s kvarcom.<\/li>\n\n\n\n<li><a href=\"https:\/\/moirai.si\/hr\/macje-oko\/\" target=\"_blank\" rel=\"noreferrer noopener\">Ma\u010dje oko<\/a> Ma\u010dje oko se jo\u0161 naziva i crveno tigrovo oko ili zmajevo oko. Boja mu je sme\u0111e crvena. Ima trigonalni kristalni sustav. Sjaj koji se vidi na ma\u010djem oku nastaje tijekom njegovog formiranja. Crvena boja je zbog stupnja oksidacije.<\/li>\n<\/ul>\n\n\n\n<h3 class=\"wp-block-heading\"><span style=\"color: #800080;\"><strong>Ljekovita * Metafizi\u010dka svojstva<\/strong><\/span><\/h3>\n\n\n\n<ul class=\"wp-block-list\">\n<li>astma, bipolarni poreme\u0107aj, bronhitis, depresija, glavobolja, hepatitis, hiperaktivnost, jetra, koncentracija, kosti, migrena, snaga, mozak, negativna energija, negativnost, o\u010di, fokus, paranoja, hrabrost, raspolo\u017eenje, detoksikacija, reuma, samopouzdanje, shizofrenija, sinusi, zglobovi, sre\u0107a, strah, stres, tuberkuloza, radost, izdr\u017eljivost, zubobolja...<\/li>\n<\/ul>\n\n\n\n<div class=\"wp-block-button aligncenter\"><a class=\"wp-block-button__link has-text-color has-background wp-element-button\" href=\"https:\/\/moirai.si\/hr\/kategorija-proizvoda\/kupnja-kamenjem\/tigrovo-oko\/\" style=\"color:#2d2c2c;background-color:#ddc942\" target=\"_blank\" rel=\"noreferrer noopener\">Trgovina Tigrovo oko<\/a><\/div>\n\n\n<div class=\"wp-block-image is-resized\">\n<figure class=\"alignleft\"><a href=\"https:\/\/moirai.si\/hr\/cakra\/\"><img loading=\"lazy\" decoding=\"async\" width=\"500\" height=\"500\" src=\"https:\/\/moirai.si\/wp-content\/uploads\/2019\/09\/\u010dakra.jpg\" alt=\"\" class=\"wp-image-14534\" style=\"width:125px\" srcset=\"https:\/\/moirai.si\/wp-content\/uploads\/2019\/09\/\u010dakra.jpg 500w, https:\/\/moirai.si\/wp-content\/uploads\/2019\/09\/\u010dakra-100x100.jpg 100w\" sizes=\"auto, (max-width: 500px) 100vw, 500px\" \/><\/a><\/figure>\n<\/div>\n\n\n<p><a href=\"https:\/\/moirai.si\/hr\/cakra\/\">\u010cakra<\/a><\/p>\n\n\n\n<p class=\"has-small-font-size\">** Navedena ljekovita i metafizi\u010dka svojstva kamenja prikupljena su iz razli\u010ditih izvora. Informacije su dostupne samo kao usluga, a ne za lije\u010denje bolesti. Moirai ne jam\u010di potpunu valjanost gore navedenog.<\/p>\n\n\n\n<h3 class=\"wp-block-heading\"><span style=\"color: #800080;\"><strong>Karakteristike minerala<\/strong><\/span><\/h3>\n\n\n\n<figure class=\"wp-block-table\"><table><tbody><tr><td>Kemijski sastav<\/td><td>SiO<sub>2<\/sub><\/td><\/tr><tr><td>Boja<\/td><td>zlatno-\u017euta sa sme\u0111om, tamno siva sa crnom, crvena<\/td><\/tr><tr><td>Tvrdo\u0107a (Mohs)<\/td><td>7<\/td><\/tr><tr><td>Gusto\u0107a<\/td><td>2.64-2.71<\/td><\/tr><tr><td>Indeks loma<\/td><td>1.544-1.553<\/td><\/tr><tr><td>Kristalni sistem<\/td><td>Trigonalni<\/td><\/tr><\/tbody><\/table><\/figure>\n\n\n\n<h3 class=\"wp-block-heading\"><span style=\"color: #800080;\"><strong>Izvor minerala<\/strong><\/span><\/h3>\n\n\n<div class=\"wp-block-image is-resized\">\n<figure class=\"alignleft size-large\"><img loading=\"lazy\" decoding=\"async\" width=\"189\" height=\"104\" src=\"https:\/\/moirai.si\/wp-content\/uploads\/2020\/01\/svet.jpg\" alt=\"\" class=\"wp-image-15658\" style=\"width:125px\"\/><\/figure>\n<\/div>\n\n\n<ul class=\"wp-block-list\">\n<li>Tajland, Ju\u017ena Afrika, Australija, Brazil, Kanada, Kina, Indija, Koreja, Mianmar, Namibija, \u0160panjolska i SAD.<\/li>\n<\/ul>\n\n\n\n<h3 class=\"wp-block-heading\"><span style=\"color: #800080;\"><strong>Briga<\/strong><\/span><\/h3>\n\n\n\n<ul class=\"wp-block-list\">\n<li>\u010ci\u0161\u0107enje Tigrovog oka vr\u0161i se samo toplom vodom i blagim sapunom. Izbjegavajte kemikalije, izbjeljiva\u010d, amonijak, kiseline i druga sredstva za \u010di\u0161\u0107enje. Nakit od kamenja i samo kamenje najbolje je staviti u kutiju oblo\u017eenu tkaninom ili zamotanu u krpu odvojeno od ostalih, \u010dime se sprje\u010davaju samo o\u0161te\u0107enja i eventualne ogrebotine.<\/li>\n\n\n\n<li>Kameni nakit je najbolje pohraniti u kutiju prekrivenu krpom ili zamotati u krpu odvojenu od ostalih, sprje\u010davaju\u0107i samo o\u0161te\u0107enja i mogu\u0107e ogrebotine. Preporu\u010dljivo je ne nositi nakit tijekom velikih fizi\u010dkih aktivnosti kao \u0161to su vje\u017ebanje ili sport. Izbjegavajte prskanje parfema na va\u0161 nakit i kamenje.<\/li>\n<\/ul>\n\n\n\n<div class=\"wp-block-button aligncenter\"><a class=\"wp-block-button__link has-text-color has-background wp-element-button\" href=\"https:\/\/moirai.si\/hr\/kategorija-proizvoda\/kupnja-kamenjem\/tigrovo-oko\/\" style=\"color:#2d2c2c;background-color:#ddc942\" target=\"_blank\" rel=\"noreferrer noopener\">Trgovina Tigrovo oko<\/a><\/div>\n\n\n\n<p class=\"has-text-align-center\">Za <strong><span style=\"color: #800080;\">10<\/span>%<\/strong> popusta koristite kod: <span style=\"color: #800080;\"><strong>moirai26 <\/strong><\/span>(koda je veljavna do 31.12.2026)!<\/p>\n\n\n\n<h3 class=\"wp-block-heading\"><span style=\"color: #800080;\"><strong>Horoskop<\/strong><\/span><\/h3>\n\n\n<div class=\"wp-block-image\">\n<figure class=\"alignleft size-large\"><img loading=\"lazy\" decoding=\"async\" width=\"116\" height=\"111\" src=\"https:\/\/moirai.si\/wp-content\/uploads\/2020\/01\/horoskop.jpg\" alt=\"\" class=\"wp-image-15659\"\/><\/figure>\n<\/div>\n\n\n<ul class=\"wp-block-list\">\n<li>Jarac, Strijelac, Rak, Blizanci<\/li>\n<\/ul>","protected":false},"excerpt":{"rendered":"<p>Zgodovina Zdravilno * Metafizi\u010dne lastnosti \u010cakra ** Navedene zdravilne in metafizi\u010dne lastnosti kamnov so zbrane iz ve\u010d razli\u010dnih virov. Informacije so na voljo le kot storitev in ne za zdravljenje bolezni. Moirai.si ne jam\u010di popolne veljavnosti navedenega. Zna\u010dilnosti minerala Kemijska sestava SiO2 Barva zlato-rumena z rjavo, globoko siva z \u010drno, rde\u010da Trdota (Mohs) 7 Gostota [&hellip;]<\/p>\n","protected":false},"author":1,"featured_media":0,"parent":0,"menu_order":0,"comment_status":"closed","ping_status":"closed","template":"template-products-page.php","meta":{"footnotes":""},"class_list":["post-4950","page","type-page","status-publish","hentry"],"_links":{"self":[{"href":"https:\/\/moirai.si\/hr\/wp-json\/wp\/v2\/pages\/4950","targetHints":{"allow":["GET"]}}],"collection":[{"href":"https:\/\/moirai.si\/hr\/wp-json\/wp\/v2\/pages"}],"about":[{"href":"https:\/\/moirai.si\/hr\/wp-json\/wp\/v2\/types\/page"}],"author":[{"embeddable":true,"href":"https:\/\/moirai.si\/hr\/wp-json\/wp\/v2\/users\/1"}],"replies":[{"embeddable":true,"href":"https:\/\/moirai.si\/hr\/wp-json\/wp\/v2\/comments?post=4950"}],"version-history":[{"count":13,"href":"https:\/\/moirai.si\/hr\/wp-json\/wp\/v2\/pages\/4950\/revisions"}],"predecessor-version":[{"id":27246,"href":"https:\/\/moirai.si\/hr\/wp-json\/wp\/v2\/pages\/4950\/revisions\/27246"}],"wp:attachment":[{"href":"https:\/\/moirai.si\/hr\/wp-json\/wp\/v2\/media?parent=4950"}],"curies":[{"name":"wp","href":"https:\/\/api.w.org\/{rel}","templated":true}]}}