{"id":4955,"date":"2015-12-13T19:16:39","date_gmt":"2015-12-13T19:16:39","guid":{"rendered":"http:\/\/moirai.si\/?page_id=4955"},"modified":"2026-01-02T14:46:26","modified_gmt":"2026-01-02T14:46:26","slug":"topaz","status":"publish","type":"page","link":"https:\/\/moirai.si\/hr\/topaz\/","title":{"rendered":"Topaz"},"content":{"rendered":"<div class=\"wp-block-button aligncenter\"><a class=\"wp-block-button__link has-text-color has-background wp-element-button\" href=\"https:\/\/moirai.si\/hr\/kategorija-proizvoda\/kupnja-kamenjem\/topaz\/\" style=\"color:#2d2c2c;background-color:#ddc942\" target=\"_blank\" rel=\"noreferrer noopener\">Trgovina Topaz<\/a><\/div>\n\n\n\n<h3 class=\"wp-block-heading\"><span style=\"color: #800080;\"><strong>Povjest<\/strong><\/span><\/h3>\n\n\n<div class=\"wp-block-image is-resized\">\n<figure class=\"alignright size-thumbnail\"><img loading=\"lazy\" decoding=\"async\" width=\"500\" height=\"500\" src=\"https:\/\/moirai.si\/wp-content\/uploads\/2020\/02\/topaz-500x500.jpg\" alt=\"\" class=\"wp-image-15818\" style=\"width:125px\" srcset=\"https:\/\/moirai.si\/wp-content\/uploads\/2020\/02\/topaz-500x500.jpg 500w, https:\/\/moirai.si\/wp-content\/uploads\/2020\/02\/topaz-100x100.jpg 100w, https:\/\/moirai.si\/wp-content\/uploads\/2020\/02\/topaz-501x501.jpg 501w, https:\/\/moirai.si\/wp-content\/uploads\/2020\/02\/topaz.jpg 566w\" sizes=\"auto, (max-width: 500px) 100vw, 500px\" \/><\/figure>\n<\/div>\n\n\n<ul class=\"wp-block-list\">\n<li>Neki vjeruju da je topaz srednjoengleska rije\u010d izvedena iz starofrancuske rije\u010di &quot;topace&quot; i latinske rije\u010di &quot;topazus&quot;. Podrijetlo rije\u010di je u gr\u010dkoj rije\u010di &quot;topazios&quot; ili &quot;topazion&quot;, \u0161to je anti\u010dki naziv za otok u Crvenom moru gdje su stari Grci kopali \u017euti kamen za koji su vjerovali da je topaz. Rije\u010d topaz tako\u0111er mo\u017ee biti izvedena iz rije\u010di &quot;tapas&quot; \u0161to zna\u010di &quot;vatra&quot;.<\/li>\n\n\n\n<li><span style=\"color: #800080;\">Sinonimi, stari nazivi, trgova\u010dki nazivi:<\/span> Carski topaz, zumbul topaz, carski topaz, zlatni topaz\u2026<\/li>\n<\/ul>\n\n\n\n<h3 class=\"wp-block-heading\"><span style=\"color: #800080;\"><strong>Ljekovita * Metafizi\u010dka svojstva<\/strong><\/span><\/h3>\n\n\n\n<ul class=\"wp-block-list\">\n<li>anemija, depresija, di\u0161ni putevi, glavobolja, govor, gripa, grlo, hemoroidi, iscrpljenost, krvotok, krvni tlak, ljubav, krajnici, menopauza, snaga, nesanica, katarakta, samoizra\u017eavanje, povjerenje, sre\u0107a, strah, velikodu\u0161nost, radost , briga , zdravlje, zubobolja, \u017eiv\u010dani sustav...<\/li>\n<\/ul>\n\n\n<div class=\"wp-block-image is-resized\">\n<figure class=\"alignleft\"><a href=\"https:\/\/moirai.si\/hr\/cakra\/\"><img loading=\"lazy\" decoding=\"async\" width=\"500\" height=\"500\" src=\"https:\/\/moirai.si\/wp-content\/uploads\/2019\/09\/\u010dakra.jpg\" alt=\"\" class=\"wp-image-14534\" style=\"width:125px\" srcset=\"https:\/\/moirai.si\/wp-content\/uploads\/2019\/09\/\u010dakra.jpg 500w, https:\/\/moirai.si\/wp-content\/uploads\/2019\/09\/\u010dakra-100x100.jpg 100w\" sizes=\"auto, (max-width: 500px) 100vw, 500px\" \/><\/a><\/figure>\n<\/div>\n\n\n<p><a href=\"https:\/\/moirai.si\/hr\/cakra\/\">\u010cakra<\/a><\/p>\n\n\n\n<p class=\"has-small-font-size\">** Navedena ljekovita i metafizi\u010dka svojstva kamenja prikupljena su iz razli\u010ditih izvora. Informacije su dostupne samo kao usluga, a ne za lije\u010denje bolesti. Moirai ne jam\u010di potpunu valjanost gore navedenog.<\/p>\n\n\n\n<h3 class=\"wp-block-heading\"><span style=\"color: #800080;\"><strong>Karakteristike minerala<\/strong><\/span><\/h3>\n\n\n\n<figure class=\"wp-block-table\"><table><tbody><tr><td>Kemijski sastav<\/td><td>Al<sub>2<\/sub>SiO<sub>4<\/sub>(F,OH)<sub>2<\/sub><\/td><\/tr><tr><td>Boja<\/td><td>svijetloplava<\/td><\/tr><tr><td>Tvrdo\u0107a (Mohs)<\/td><td>8<\/td><\/tr><tr><td>Gusto\u0107a<\/td><td>3.49-3.57<\/td><\/tr><tr><td>Indeks loma<\/td><td>1.606-1.638<\/td><\/tr><tr><td>Kristalni sistem<\/td><td>Rombi\u010dni<\/td><\/tr><\/tbody><\/table><\/figure>\n\n\n\n<h3 class=\"wp-block-heading\"><span style=\"color: #800080;\"><strong>Izvor minerala<\/strong><\/span><\/h3>\n\n\n<div class=\"wp-block-image is-resized\">\n<figure class=\"alignleft size-large\"><img loading=\"lazy\" decoding=\"async\" width=\"189\" height=\"104\" src=\"https:\/\/moirai.si\/wp-content\/uploads\/2020\/01\/svet.jpg\" alt=\"\" class=\"wp-image-15658\" style=\"width:125px\"\/><\/figure>\n<\/div>\n\n\n<ul class=\"wp-block-list\">\n<li>Brazil, Afganistan, Australija, Irska, Mjanmar, Kina, Njema\u010dka, Japan, Madagaskar, Meksiko, Namibija, Nigerija, Pakistan, Rusija, Zimbabve, \u0160ri Lanka, Ukrajina, SAD\u2026<\/li>\n<\/ul>\n\n\n\n<h3 class=\"wp-block-heading\"><span style=\"color: #800080;\"><strong>Briga<\/strong><\/span><\/h3>\n\n\n\n<ul class=\"wp-block-list\">\n<li>Za \u010di\u0161\u0107enje Topaza jednostavno upotrijebite sapunicu i meku krpu. Obavezno dobro operite kamen i uklonite sve ostatke sapunaste vode. Kao i kod ve\u0107ine drugih kamenja, ultrazvu\u010dni \u010dista\u010di i aparati za paru se ne preporu\u010duju. Nakit od kamenja i samo kamenje najbolje je staviti u kutiju oblo\u017eenu tkaninom ili zamotanu u krpu odvojeno od ostalih, \u010dime se sprje\u010davaju samo o\u0161te\u0107enja i eventualne ogrebotine.<\/li>\n\n\n\n<li>Kameni nakit je najbolje pohraniti u kutiju prekrivenu krpom ili zamotati u krpu odvojenu od ostalih, sprje\u010davaju\u0107i samo o\u0161te\u0107enja i mogu\u0107e ogrebotine. Preporu\u010dljivo je ne nositi nakit tijekom velikih fizi\u010dkih aktivnosti kao \u0161to su vje\u017ebanje ili sport. Izbjegavajte prskanje parfema na va\u0161 nakit i kamenje.<\/li>\n<\/ul>\n\n\n\n<div class=\"wp-block-button aligncenter\"><a class=\"wp-block-button__link has-text-color has-background wp-element-button\" href=\"https:\/\/moirai.si\/hr\/kategorija-proizvoda\/kupnja-kamenjem\/topaz\/\" style=\"color:#2d2c2c;background-color:#ddc942\" target=\"_blank\" rel=\"noreferrer noopener\">Trgovina Topaz<\/a><\/div>\n\n\n\n<p class=\"has-text-align-center\">Za <strong><span style=\"color: #800080;\">10<\/span>%<\/strong> popusta koristite kod: <span style=\"color: #800080;\"><strong>moirai26 <\/strong><\/span>(koda je veljavna do 31.12.2026)!<\/p>\n\n\n\n<h3 class=\"wp-block-heading\"><span style=\"color: #800080;\"><strong>Horoskop<\/strong><\/span><\/h3>\n\n\n<div class=\"wp-block-image\">\n<figure class=\"alignleft size-large\"><img loading=\"lazy\" decoding=\"async\" width=\"116\" height=\"111\" src=\"https:\/\/moirai.si\/wp-content\/uploads\/2020\/01\/horoskop.jpg\" alt=\"\" class=\"wp-image-15659\"\/><\/figure>\n<\/div>\n\n\n<ul class=\"wp-block-list\">\n<li>Lav, \u0160korpion, Strijelac, Vaga<\/li>\n<\/ul>","protected":false},"excerpt":{"rendered":"<p>Zgodovina Zdravilno * Metafizi\u010dne lastnosti \u010cakra ** Navedene zdravilne in metafizi\u010dne lastnosti kamnov so zbrane iz ve\u010d razli\u010dnih virov. Informacije so na voljo le kot storitev in ne za zdravljenje bolezni. Moirai.si ne jam\u010di popolne veljavnosti navedenega. Zna\u010dilnosti minerala Kemijska sestava Al2SiO4(F,OH)2 Barva svetlo modra Trdota (Mohs) 8 Gostota 3.49-3.57 Lomni koli\u010dnik 1.606-1.638 Kristalni sistem [&hellip;]<\/p>\n","protected":false},"author":1,"featured_media":0,"parent":0,"menu_order":0,"comment_status":"closed","ping_status":"closed","template":"template-products-page.php","meta":{"footnotes":""},"class_list":["post-4955","page","type-page","status-publish","hentry"],"_links":{"self":[{"href":"https:\/\/moirai.si\/hr\/wp-json\/wp\/v2\/pages\/4955","targetHints":{"allow":["GET"]}}],"collection":[{"href":"https:\/\/moirai.si\/hr\/wp-json\/wp\/v2\/pages"}],"about":[{"href":"https:\/\/moirai.si\/hr\/wp-json\/wp\/v2\/types\/page"}],"author":[{"embeddable":true,"href":"https:\/\/moirai.si\/hr\/wp-json\/wp\/v2\/users\/1"}],"replies":[{"embeddable":true,"href":"https:\/\/moirai.si\/hr\/wp-json\/wp\/v2\/comments?post=4955"}],"version-history":[{"count":11,"href":"https:\/\/moirai.si\/hr\/wp-json\/wp\/v2\/pages\/4955\/revisions"}],"predecessor-version":[{"id":27247,"href":"https:\/\/moirai.si\/hr\/wp-json\/wp\/v2\/pages\/4955\/revisions\/27247"}],"wp:attachment":[{"href":"https:\/\/moirai.si\/hr\/wp-json\/wp\/v2\/media?parent=4955"}],"curies":[{"name":"wp","href":"https:\/\/api.w.org\/{rel}","templated":true}]}}