{"id":4960,"date":"2015-12-13T19:32:08","date_gmt":"2015-12-13T19:32:08","guid":{"rendered":"http:\/\/moirai.si\/?page_id=4960"},"modified":"2026-01-02T14:46:45","modified_gmt":"2026-01-02T14:46:45","slug":"tirkiz","status":"publish","type":"page","link":"https:\/\/moirai.si\/hr\/turkiz\/","title":{"rendered":"Tirkiz"},"content":{"rendered":"<div class=\"wp-block-button aligncenter\"><a class=\"wp-block-button__link has-text-color has-background wp-element-button\" href=\"https:\/\/moirai.si\/hr\/kategorija-proizvoda\/kupnja-kamenjem\/tirkiz\/\" style=\"color:#2d2c2c;background-color:#ddc942\" target=\"_blank\" rel=\"noreferrer noopener\">Trgovina Tirkiz<\/a><\/div>\n\n\n\n<h3 class=\"wp-block-heading\"><span style=\"color: #800080;\"><strong>Povjest<\/strong><\/span><\/h3>\n\n\n<div class=\"wp-block-image is-resized\">\n<figure class=\"alignright size-thumbnail\"><img decoding=\"async\" src=\"https:\/\/moirai.si\/wp-content\/uploads\/2020\/02\/turkiz-500x500.jpg\" alt=\"\" class=\"wp-image-15820\" style=\"width:125px\"\/><\/figure>\n<\/div>\n\n\n<ul class=\"wp-block-list\">\n<li>Naziv &quot;tirkiz&quot; dolazi od francuske rije\u010di &quot;turqueise&quot; (\u0161to zna\u010di &quot;turski kamen&quot;), jer su ga Turci prvi uvezli u Europu. Tirkiz je obi\u010dno plavo-zelene boje sa sme\u0111e-crnim matriksnim venama koje prolaze kroz njega. Tirkiz se vadi po cijelom svijetu. Svaka mu lokacija daje posebnu boju i karakteristike, u rasponu od svijetle nebesko plave (uspavana ljepotica iz Arizone) do grube, organske \u017euto-zelene iz Afrike.<\/li>\n<\/ul>\n\n\n\n<h3 class=\"wp-block-heading\"><span style=\"color: #800080;\"><strong>Ljekovita * Metafizi\u010dka svojstva<\/strong><\/span><\/h3>\n\n\n\n<ul class=\"wp-block-list\">\n<li>alergije, anoreksija, blagostanje, grlo, impotencija, komunikacija, migrena, mir, mozak, noge, katarakta, o\u010di, plu\u0107a, ravnote\u017ea, razumijevanje, stopala, strah, stres, \u0161titnja\u010da, uspjeh, u\u0161i, virusi, vodstvo, vrat, groznica, za\u0161tita, \u017eelu\u010dana kiselina, \u017eeludac\u2026<\/li>\n<\/ul>\n\n\n\n<div class=\"wp-block-button aligncenter\"><a class=\"wp-block-button__link has-text-color has-background wp-element-button\" href=\"https:\/\/moirai.si\/hr\/kategorija-proizvoda\/kupnja-kamenjem\/tirkiz\/\" style=\"color:#2d2c2c;background-color:#ddc942\" target=\"_blank\" rel=\"noreferrer noopener\">Trgovina Tirkiz<\/a><\/div>\n\n\n<div class=\"wp-block-image is-resized\">\n<figure class=\"alignleft\"><a href=\"https:\/\/moirai.si\/hr\/cakra\/\"><img loading=\"lazy\" decoding=\"async\" width=\"500\" height=\"500\" src=\"https:\/\/moirai.si\/wp-content\/uploads\/2019\/09\/\u010dakra.jpg\" alt=\"\" class=\"wp-image-14534\" style=\"width:125px\" srcset=\"https:\/\/moirai.si\/wp-content\/uploads\/2019\/09\/\u010dakra.jpg 500w, https:\/\/moirai.si\/wp-content\/uploads\/2019\/09\/\u010dakra-100x100.jpg 100w\" sizes=\"auto, (max-width: 500px) 100vw, 500px\" \/><\/a><\/figure>\n<\/div>\n\n\n<p><a href=\"https:\/\/moirai.si\/hr\/cakra\/\">\u010cakra<\/a><\/p>\n\n\n\n<p class=\"has-small-font-size\">** Navedena ljekovita i metafizi\u010dka svojstva kamenja prikupljena su iz razli\u010ditih izvora. Informacije su dostupne samo kao usluga, a ne za lije\u010denje bolesti. Moirai ne jam\u010di potpunu valjanost gore navedenog.<\/p>\n\n\n\n<h3 class=\"wp-block-heading\"><span style=\"color: #800080;\"><strong>Karakteristike minerala<\/strong><\/span><\/h3>\n\n\n\n<figure class=\"wp-block-table\"><table><tbody><tr><td>Kemijski sastav<\/td><td>CuAl<sub>6<\/sub>(PO<sub>4<\/sub>)<sub>4<\/sub>(OH)<sub>8<\/sub>\u00b74H<sub>2<\/sub>O<\/td><\/tr><tr><td>Boja<\/td><td>nebesko plava, plavo-zelena, zelena<\/td><\/tr><tr><td>Tvrdo\u0107a (Mohs)<\/td><td>5-6<\/td><\/tr><tr><td>Gusto\u0107a<\/td><td>2.60-2.90<\/td><\/tr><tr><td>Indeks loma<\/td><td>1.610-1.650<\/td><\/tr><tr><td>Kristalni sistem<\/td><td>Triklinika<\/td><\/tr><\/tbody><\/table><\/figure>\n\n\n\n<h3 class=\"wp-block-heading\"><span style=\"color: #800080;\"><strong>Izvor minerala<\/strong><\/span><\/h3>\n\n\n<div class=\"wp-block-image is-resized\">\n<figure class=\"alignleft size-large\"><img loading=\"lazy\" decoding=\"async\" width=\"189\" height=\"104\" src=\"https:\/\/moirai.si\/wp-content\/uploads\/2020\/01\/svet.jpg\" alt=\"\" class=\"wp-image-15658\" style=\"width:125px\"\/><\/figure>\n<\/div>\n\n\n<ul class=\"wp-block-list\">\n<li>Iran, Afganistan, Argentina, Australija, Brazil, Kina, Izrael, Meksiko, Tanzanija, SAD...<\/li>\n<\/ul>\n\n\n\n<h3 class=\"wp-block-heading\"><span style=\"color: #800080;\"><strong>Briga<\/strong><\/span><\/h3>\n\n\n\n<ul class=\"wp-block-list\">\n<li>Tirkiz je porozan, \u0161to zna\u010di da ga kemikalije mogu o\u0161tetiti. Za \u010di\u0161\u0107enje tirkiza koristite samo \u010distu vodu i meku krpu. Nakit od kamenja i samo kamenje najbolje je staviti u kutiju oblo\u017eenu tkaninom ili zamotanu u krpu odvojeno od ostalih, \u010dime se sprje\u010davaju samo o\u0161te\u0107enja i eventualne ogrebotine.<\/li>\n\n\n\n<li>Kameni nakit je najbolje pohraniti u kutiju prekrivenu krpom ili zamotati u krpu odvojenu od ostalih, sprje\u010davaju\u0107i samo o\u0161te\u0107enja i mogu\u0107e ogrebotine. Preporu\u010dljivo je ne nositi nakit tijekom velikih fizi\u010dkih aktivnosti kao \u0161to su vje\u017ebanje ili sport. Izbjegavajte prskanje parfema na va\u0161 nakit i kamenje.<\/li>\n<\/ul>\n\n\n\n<div class=\"wp-block-button aligncenter\"><a class=\"wp-block-button__link has-text-color has-background wp-element-button\" href=\"https:\/\/moirai.si\/hr\/kategorija-proizvoda\/kupnja-kamenjem\/tirkiz\/\" style=\"color:#2d2c2c;background-color:#ddc942\" target=\"_blank\" rel=\"noreferrer noopener\">Trgovina Tirkiz<\/a><\/div>\n\n\n\n<p class=\"has-text-align-center\">Za <strong><span style=\"color: #800080;\">10<\/span>%<\/strong> popusta koristite kod: <span style=\"color: #800080;\"><strong>moirai26 <\/strong><\/span>(koda je veljavna do 31.12.2026)!<\/p>\n\n\n\n<h3 class=\"wp-block-heading\"><span style=\"color: #800080;\"><strong>Horoskop<\/strong><\/span><\/h3>\n\n\n<div class=\"wp-block-image\">\n<figure class=\"alignleft size-large\"><img loading=\"lazy\" decoding=\"async\" width=\"116\" height=\"111\" src=\"https:\/\/moirai.si\/wp-content\/uploads\/2020\/01\/horoskop.jpg\" alt=\"\" class=\"wp-image-15659\"\/><\/figure>\n<\/div>\n\n\n<ul class=\"wp-block-list\">\n<li>\u0160korpion, Strijelac, Vodenjak, Ribe, Bik<\/li>\n<\/ul>","protected":false},"excerpt":{"rendered":"<p>Zgodovina Zdravilno * Metafizi\u010dne lastnosti \u010cakra ** Navedene zdravilne in metafizi\u010dne lastnosti kamnov so zbrane iz ve\u010d razli\u010dnih virov. Informacije so na voljo le kot storitev in ne za zdravljenje bolezni. Moirai.si ne jam\u010di popolne veljavnosti navedenega. Zna\u010dilnosti minerala Kemijska sestava CuAl6(PO4)4(OH)8\u00b74H2O Barva nebesno modra, modro-zelena, zelena Trdota (Mohs) 5-6 Gostota 2.60-2.90 Lomni koli\u010dnik 1.610-1.650 [&hellip;]<\/p>\n","protected":false},"author":1,"featured_media":0,"parent":0,"menu_order":0,"comment_status":"closed","ping_status":"closed","template":"template-products-page.php","meta":{"footnotes":""},"class_list":["post-4960","page","type-page","status-publish","hentry"],"_links":{"self":[{"href":"https:\/\/moirai.si\/hr\/wp-json\/wp\/v2\/pages\/4960","targetHints":{"allow":["GET"]}}],"collection":[{"href":"https:\/\/moirai.si\/hr\/wp-json\/wp\/v2\/pages"}],"about":[{"href":"https:\/\/moirai.si\/hr\/wp-json\/wp\/v2\/types\/page"}],"author":[{"embeddable":true,"href":"https:\/\/moirai.si\/hr\/wp-json\/wp\/v2\/users\/1"}],"replies":[{"embeddable":true,"href":"https:\/\/moirai.si\/hr\/wp-json\/wp\/v2\/comments?post=4960"}],"version-history":[{"count":11,"href":"https:\/\/moirai.si\/hr\/wp-json\/wp\/v2\/pages\/4960\/revisions"}],"predecessor-version":[{"id":27248,"href":"https:\/\/moirai.si\/hr\/wp-json\/wp\/v2\/pages\/4960\/revisions\/27248"}],"wp:attachment":[{"href":"https:\/\/moirai.si\/hr\/wp-json\/wp\/v2\/media?parent=4960"}],"curies":[{"name":"wp","href":"https:\/\/api.w.org\/{rel}","templated":true}]}}