{"id":4972,"date":"2015-12-13T19:58:28","date_gmt":"2015-12-13T19:58:28","guid":{"rendered":"http:\/\/moirai.si\/?page_id=4972"},"modified":"2026-01-02T14:47:07","modified_gmt":"2026-01-02T14:47:07","slug":"turmalin","status":"publish","type":"page","link":"https:\/\/moirai.si\/hr\/turmalin\/","title":{"rendered":"Turmalin"},"content":{"rendered":"<div class=\"wp-block-button aligncenter\"><a class=\"wp-block-button__link has-text-color has-background wp-element-button\" href=\"https:\/\/moirai.si\/hr\/kategorija-proizvoda\/kupnja-kamenjem\/turmalin\/\" style=\"color:#2d2c2c;background-color:#ddc942\" target=\"_blank\" rel=\"noreferrer noopener\">Trgovina Turmalin<\/a><\/div>\n\n\n\n<h3 class=\"wp-block-heading\"><span style=\"color: #800080;\"><strong>Povjest<\/strong><\/span><\/h3>\n\n\n<div class=\"wp-block-image is-resized\">\n<figure class=\"alignright size-thumbnail\"><img decoding=\"async\" src=\"https:\/\/moirai.si\/wp-content\/uploads\/2020\/02\/turmalin-500x500.jpg\" alt=\"\" class=\"wp-image-15822\" style=\"width:125px\"\/><\/figure>\n<\/div>\n\n\n<ul class=\"wp-block-list\">\n<li> je stolje\u0107ima poznat pod imenom \u0160orl (schorl). Naziv turmalin dolazi od rije\u010di &quot;tura mali&quot;, koja dolazi sa \u0160ri Lanke i ozna\u010dava nepoznati mineral raznih boja. Turmalin ima najve\u0107i raspon boja. Naj\u010de\u0161\u0107a boja turmalina je crna, ali se mo\u017ee na\u0107i u svim duginim bojama. Vrste turmalina: Rubelit (crveno-ru\u017ei\u010dasti), Indigolit (plavi), Verdelit (zeleni), Dravit (sme\u0111i), Akroit (bezbojno-proziran), \u0160orlit (crni), Paraiba (vibrantno zeleni), Elbait (zeleni sa crvenim jezgra \u2013 turmalin lubenice)<\/li>\n\n\n\n<li><span style=\"color: #800080;\">Sinonimi, stari nazivi, trgova\u010dki nazivi:<\/span> Akroit, Tuna Quartz, Dravite, Elbait, Indigolit, Watermelon Tourmaline, Rubellite, \u0160orl, \u0160orlit, Verdelite...<\/li>\n<\/ul>\n\n\n\n<h3 class=\"wp-block-heading\"><span style=\"color: #800080;\"><strong>Ljekovita * Metafizi\u010dka svojstva<\/strong><\/span><\/h3>\n\n\n\n<ul class=\"wp-block-list\">\n<li>bol, emocionalna stabilnost, ljubav, snaga, mudrost, negativna energija, negativnost, panika, hrabrost, strpljenje, odanost, prijateljstvo, uzemljenje, suosje\u0107anje, srce, stabilnost, strah, strast, stres, radost, zbunjenost\u2026<\/li>\n<\/ul>\n\n\n\n<ul class=\"wp-block-list\">\n<li><span style=\"color: #800080;\"><strong>Ru\u017ei\u010dasti turmalin<\/strong> <\/span>predstavlja ljubav prema \u010dovje\u010danstvu i humanitarnost te suosje\u0107anje s drugima. Donosi vrlinu bezuvjetne ljubavi i prijateljstva. Dobar je za ljude koji imaju slomljeno srce jer poti\u010de ljubav i nje\u017eno ubla\u017eava emocionalnu bol i otapa uznemiruju\u0107e osje\u0107aje. Smiruje negativne emocije koje remete odnose. Pogodan je za ljude koji se boje, imaju napadaje panike ili trebaju ne\u0161to \u0161to \u0107e im pomo\u0107i da izlije\u010de unutarnju zbunjenost. Blagotvorno djeluje na na\u0161u du\u0161u kada izgubimo voljenu osobu. Ka\u017ee se da je u\u010dinkovit u lije\u010denju raka usne \u0161upljine. Re\u010deno je da poma\u017ee u smanjenju tumora i raka u ustima i grlu.<\/li>\n\n\n\n<li><span style=\"color: #800080;\"><strong>Turmalin lubenice<\/strong><\/span> je kamen pomirenja. Promi\u010de suosje\u0107anje i bistru glavu. Zra\u010di energijom koja privla\u010di novac. Dobar je za prijateljstvo i uzemljenje.<\/li>\n\n\n\n<li><span style=\"color: #800080;\"><strong>Plavi turmalin<\/strong><\/span> stvara predanost ostvarenju individualnih ciljeva i \u0161titi korisnika od opasnosti. Ka\u017ee se da je svjetloplavi turmalin u\u010dinkovit kao kristal za lije\u010denje plu\u0107a i mo\u017ee pomo\u0107i kao komplementarna terapija za rak grla i jednjaka. Tamnoplavi turmalin je rijedak kristal za koji se ka\u017ee da lije\u010di tumore mozga i rak mozga. Ako se postavi izravno na tumor, izvu\u0107i \u0107e energiju raka. Mo\u017eete ga i preko no\u0107i staviti u vodu pa izvaditi, a ujutro popiti eliksir.<\/li>\n\n\n\n<li><span style=\"color: #800080;\"><strong>Crni turmalin <\/strong><\/span>odbija negativnu energiju. Preporu\u010da se da ga nose ljudi koji su okru\u017eeni negativno\u0161\u0107u. Poma\u017ee nam u kriznim vremenima. Odbija stres, regulira hormone i blagotvorno djeluje na ko\u017eu. Turmalin \u0107e nas \u0161tititi dok ne oja\u010damo. Njeguje unutarnju mudrost, hrabrost, stabilnost i strpljenje. Ja\u010da imunolo\u0161ki sustav. Uravnote\u017euje lijevu i desnu polovicu mozga i detoksificira tijelo. Vrlo je koristan za plu\u0107ne bolesti (bronhitis, upala plu\u0107a). Ubrzava zacjeljivanje rana i ubla\u017eava bol. Pove\u0107ava duhovnost. Sprje\u010dava psihi\u010dke napade i smanjuje djelovanje zra\u010denja. Odbija i blokira negativne energije. Poma\u017ee nam od negativnih misli ljudi. Uskla\u0111uje i \u0161titi sve \u010dakre. Kada se stavi izravno na mjesto raka, navodno poma\u017ee izvu\u0107i rak i sprije\u010diti njegov rast.<\/li>\n\n\n\n<li><span style=\"color: #800080;\"><strong>Crveni turmalin<\/strong><\/span> gradi unutarnju snagu i mudrost u nama, jer ujedinjuje srce i tijelo u ljubavi i strasti. Tako\u0111er donosi radost, emocionalnu stabilnost, suosje\u0107anje i odanost.<\/li>\n\n\n\n<li><strong><span style=\"color: #800080;\">Zeleni turmalin<\/span><\/strong> u\u010di nas gledati srcem. Privla\u010di uspjeh i obilje. Koristi se za ubrzavanje duhovnog razvoja. Osvje\u017eava volju i snagu. Vrlo dobro slu\u017ei duhovno otvorenim i razvijenim ljudima. Promi\u010de snagu i vitalnost. Za\u0161titni je kamen koji uravnote\u017euje i uskla\u0111uje sve \u010dakre. Pru\u017ea osje\u0107aj mira. Zeleni turmalin nas uzemljuje i poma\u017ee kod stresa i napetosti. Poznat je i kao op\u0107i iscjelitelj. Koristi se za pomo\u0107 u lije\u010denju raka mozga i timusa. Re\u010deno je da je kristal koji mo\u017ee aktivirati imunolo\u0161ki sustav.<\/li>\n\n\n\n<li><strong><span style=\"color: #800080;\">Sme\u0111i turmalin<\/span><\/strong> poti\u010de samoizlje\u010denje. \u010cisti krv, lije\u010di crijevne bolesti i poti\u010de fizi\u010dku regeneraciju. Blagotvorno djeluje na sve unutarnje organe i ko\u017eu. Koristi se kao pomo\u0107 kod ovisnosti. Otklanja blokade i izvrstan je za uzemljenje. Poma\u017ee u razumijevanju. Promi\u010de prakti\u010dnost i stabilnost. Pretpostavlja se da je op\u0107eniti iscjelitelj, osobito na stani\u010dnoj razini. Sme\u0111i turmalin navodno poma\u017ee u regeneraciji zdravih stanica u tijelu.<\/li>\n<\/ul>\n\n\n\n<div class=\"wp-block-button aligncenter\"><a class=\"wp-block-button__link has-text-color has-background wp-element-button\" href=\"https:\/\/moirai.si\/hr\/kategorija-proizvoda\/kupnja-kamenjem\/turmalin\/\" style=\"color:#2d2c2c;background-color:#ddc942\" target=\"_blank\" rel=\"noreferrer noopener\">Trgovina Turmalin<\/a><\/div>\n\n\n<div class=\"wp-block-image is-resized\">\n<figure class=\"alignleft\"><a href=\"https:\/\/moirai.si\/hr\/cakra\/\"><img loading=\"lazy\" decoding=\"async\" width=\"500\" height=\"500\" src=\"https:\/\/moirai.si\/wp-content\/uploads\/2019\/09\/\u010dakra.jpg\" alt=\"\" class=\"wp-image-14534\" style=\"width:125px\" srcset=\"https:\/\/moirai.si\/wp-content\/uploads\/2019\/09\/\u010dakra.jpg 500w, https:\/\/moirai.si\/wp-content\/uploads\/2019\/09\/\u010dakra-100x100.jpg 100w\" sizes=\"auto, (max-width: 500px) 100vw, 500px\" \/><\/a><\/figure>\n<\/div>\n\n\n<p><a href=\"https:\/\/moirai.si\/hr\/cakra\/\">\u010cakra<\/a><\/p>\n\n\n\n<p class=\"has-small-font-size\">** Navedena ljekovita i metafizi\u010dka svojstva kamenja prikupljena su iz razli\u010ditih izvora. Informacije su dostupne samo kao usluga, a ne za lije\u010denje bolesti. Moirai ne jam\u010di potpunu valjanost gore navedenog.<\/p>\n\n\n\n<h3 class=\"wp-block-heading\"><span style=\"color: #800080;\"><strong>Karakteristike minerala<\/strong><\/span><\/h3>\n\n\n\n<figure class=\"wp-block-table\"><table><tbody><tr><td>Boja<\/td><td>crna, sme\u0111a, zlatna, plava, ljubi\u010dasta, zelena, roza, prozirno-prozirna<\/td><\/tr><tr><td>Tvrdo\u0107a (Mohs)<\/td><td>7-7.5<\/td><\/tr><tr><td>Specifi\u010dna te\u017eina<\/td><td>3.06-3.26<\/td><\/tr><tr><td>Indeks loma<\/td><td>1.635-1.650<\/td><\/tr><tr><td>Kristalni sistem<\/td><td>Trigonalni<\/td><\/tr><\/tbody><\/table><\/figure>\n\n\n\n<h3 class=\"wp-block-heading\"><span style=\"color: #800080;\"><strong>Izvor minerala<\/strong><\/span><\/h3>\n\n\n<div class=\"wp-block-image is-resized\">\n<figure class=\"alignleft size-large\"><img loading=\"lazy\" decoding=\"async\" width=\"189\" height=\"104\" src=\"https:\/\/moirai.si\/wp-content\/uploads\/2020\/01\/svet.jpg\" alt=\"\" class=\"wp-image-15658\" style=\"width:125px\"\/><\/figure>\n<\/div>\n\n\n<ul class=\"wp-block-list\">\n<li>Brazil, Afganistan, Australija, Burma, Indija, Italija, Madagaskar, Malavi, Mozambik, Namibija, Nepal, Nigerija, Pakistan, Rusija, \u0160ri Lanka, \u0160vicarska, Tanzanija, SAD, Zair, Zambija i Zimbabve.<\/li>\n<\/ul>\n\n\n\n<h3 class=\"wp-block-heading\"><span style=\"color: #800080;\"><strong>Briga<\/strong><\/span><\/h3>\n\n\n\n<ul class=\"wp-block-list\">\n<li>Nemojte \u010distiti turmalin ultrazvu\u010dnim \u010dista\u010dem ili aparatom za paru. Turmalin se lako \u010disti blagim sapunom i hladnom vodom. Nakit od kamenja i samo kamenje najbolje je staviti u kutiju oblo\u017eenu tkaninom ili zamotanu u krpu odvojeno od ostalih, \u010dime se sprje\u010davaju samo o\u0161te\u0107enja i eventualne ogrebotine.<\/li>\n\n\n\n<li>Kameni nakit je najbolje pohraniti u kutiju prekrivenu krpom ili zamotati u krpu odvojenu od ostalih, sprje\u010davaju\u0107i samo o\u0161te\u0107enja i mogu\u0107e ogrebotine. Preporu\u010dljivo je ne nositi nakit tijekom velikih fizi\u010dkih aktivnosti kao \u0161to su vje\u017ebanje ili sport. Izbjegavajte prskanje parfema na va\u0161 nakit i kamenje.<\/li>\n<\/ul>\n\n\n\n<div class=\"wp-block-button aligncenter\"><a class=\"wp-block-button__link has-text-color has-background wp-element-button\" href=\"https:\/\/moirai.si\/hr\/kategorija-proizvoda\/kupnja-kamenjem\/turmalin\/\" style=\"color:#2d2c2c;background-color:#ddc942\" target=\"_blank\" rel=\"noreferrer noopener\">Trgovina Turmalin<\/a><\/div>\n\n\n\n<p class=\"has-text-align-center\">Za <strong><span style=\"color: #800080;\">10<\/span>%<\/strong> popusta koristite kod: <span style=\"color: #800080;\"><strong>moirai26 <\/strong><\/span>(koda je veljavna do 31.12.2026)!<\/p>\n\n\n\n<h3 class=\"wp-block-heading\"><span style=\"color: #800080;\"><strong>Horoskop<\/strong><\/span><\/h3>\n\n\n<div class=\"wp-block-image\">\n<figure class=\"alignleft size-large\"><img loading=\"lazy\" decoding=\"async\" width=\"116\" height=\"111\" src=\"https:\/\/moirai.si\/wp-content\/uploads\/2020\/01\/horoskop.jpg\" alt=\"\" class=\"wp-image-15659\"\/><\/figure>\n<\/div>\n\n\n<ul class=\"wp-block-list\">\n<li>Djevica, Vaga, Jarac, Lav, Vodenjak<\/li>\n<\/ul>","protected":false},"excerpt":{"rendered":"<p>Zgodovina Zdravilno * Metafizi\u010dne lastnosti \u010cakra ** Navedene zdravilne in metafizi\u010dne lastnosti kamnov so zbrane iz ve\u010d razli\u010dnih virov. Informacije so na voljo le kot storitev in ne za zdravljenje bolezni. Moirai.si ne jam\u010di popolne veljavnosti navedenega. Zna\u010dilnosti minerala Barva \u010drna, rjava, zlata, modra, vijoli\u010dna, zelena, roza, prozorna-prosojna Trdota (Mohs) 7-7.5 Specifi\u010dna te\u017ea 3.06-3.26 Lomni [&hellip;]<\/p>\n","protected":false},"author":1,"featured_media":0,"parent":0,"menu_order":0,"comment_status":"closed","ping_status":"closed","template":"template-products-page.php","meta":{"footnotes":""},"class_list":["post-4972","page","type-page","status-publish","hentry"],"_links":{"self":[{"href":"https:\/\/moirai.si\/hr\/wp-json\/wp\/v2\/pages\/4972","targetHints":{"allow":["GET"]}}],"collection":[{"href":"https:\/\/moirai.si\/hr\/wp-json\/wp\/v2\/pages"}],"about":[{"href":"https:\/\/moirai.si\/hr\/wp-json\/wp\/v2\/types\/page"}],"author":[{"embeddable":true,"href":"https:\/\/moirai.si\/hr\/wp-json\/wp\/v2\/users\/1"}],"replies":[{"embeddable":true,"href":"https:\/\/moirai.si\/hr\/wp-json\/wp\/v2\/comments?post=4972"}],"version-history":[{"count":14,"href":"https:\/\/moirai.si\/hr\/wp-json\/wp\/v2\/pages\/4972\/revisions"}],"predecessor-version":[{"id":27249,"href":"https:\/\/moirai.si\/hr\/wp-json\/wp\/v2\/pages\/4972\/revisions\/27249"}],"wp:attachment":[{"href":"https:\/\/moirai.si\/hr\/wp-json\/wp\/v2\/media?parent=4972"}],"curies":[{"name":"wp","href":"https:\/\/api.w.org\/{rel}","templated":true}]}}