{"id":4976,"date":"2015-12-13T20:19:52","date_gmt":"2015-12-13T20:19:52","guid":{"rendered":"http:\/\/moirai.si\/?page_id=4976"},"modified":"2026-01-02T14:48:53","modified_gmt":"2026-01-02T14:48:53","slug":"iza","status":"publish","type":"page","link":"https:\/\/moirai.si\/hr\/zad\/","title":{"rendered":"\u017dad"},"content":{"rendered":"<div class=\"wp-block-button aligncenter\"><a class=\"wp-block-button__link has-text-color has-background wp-element-button\" href=\"https:\/\/moirai.si\/hr\/kategorija-proizvoda\/kupnja-kamenjem\/iza\/\" style=\"color:#2d2c2c;background-color:#ddc942\" target=\"_blank\" rel=\"noreferrer noopener\">Trgovina \u017dad<\/a><\/div>\n\n\n\n<h3 class=\"wp-block-heading\"><span style=\"color: #800080;\"><strong>Povjest<\/strong><\/span><\/h3>\n\n\n<div class=\"wp-block-image is-resized\">\n<figure class=\"alignright size-thumbnail\"><img decoding=\"async\" src=\"https:\/\/moirai.si\/wp-content\/uploads\/2020\/02\/\u017ead-500x500.jpg\" alt=\"\" class=\"wp-image-15832\" style=\"width:125px\"\/><\/figure>\n<\/div>\n\n\n<ul class=\"wp-block-list\">\n<li>Naziv \"\u017ead\" dolazi od \u0161panjolske rije\u010di \"piedra de ijada\", \u0161to zna\u010di \"kamen za bol u boku\". Kinezi \u017ead nazivaju \"yu\", \u0161to zna\u010di \"nebeski\" ili \"carski\". \u017dad s ju\u017enog otoka Novog Zelanda dobio je ime po rije\u010di \"pounamu\" \u0161to zna\u010di zeleni kamen. Tako su ga nazvali Maori, koji su \u017ead cijenili kao vrlo dragocjen kamen. Maori su izra\u0111ivali alate od \u017eada kao \u0161to su dlijeta, kuke, oru\u017eje, ukrase i nakit. \u017dad s Novog Zelanda obi\u010dno se naziva nefrit. Zeleni nefrit od \u0161pinata prona\u0111en na Bajkalskom jezeru u Rusiji poznat je kao \"ruski \u017ead\". Jadeit je rje\u0111i od te dvije vrste i stoga je vredniji. Najvrijednija vrsta \u017eada je smaragdnozeleni \u017eadeit, poznat kao \"carski \u017ead\".<\/li>\n\n\n\n<li><span style=\"color: #800080;\">Sinonimi, stari nazivi, trgova\u010dki nazivi:<\/span> Carski \u017ead, Jinan \u017ead, kineski \u017ead, \u017eadeit\u2026<\/li>\n<\/ul>\n\n\n\n<h3 class=\"wp-block-heading\"><span style=\"color: #800080;\"><strong>Ljekovita * Metafizi\u010dka svojstva<\/strong><\/span><\/h3>\n\n\n\n<ul class=\"wp-block-list\">\n<li>bol, glavobolja, harmonija, ideje, imunolo\u0161ki sustav, komunikacija, kosti, krvni tlak, bubrezi, ljubav, migrena, negativnost, no\u0107ne more, vaskularno, prijateljstvo, reumatizam, dijabetes, srce, sre\u0107a, trbuh, vitalnost, groznica, za\u0161tita, znojenje, zubi, \u017elijezde...<\/li>\n\n\n\n<li>Za \u017ead se ka\u017ee da poma\u017ee u lije\u010denju bubrega, jetre, prostate i nadbubre\u017enih \u017elijezda, a sve na stani\u010dnoj razini.<\/li>\n<\/ul>\n\n\n<div class=\"wp-block-image is-resized\">\n<figure class=\"alignleft\"><a href=\"https:\/\/moirai.si\/hr\/cakra\/\"><img loading=\"lazy\" decoding=\"async\" width=\"500\" height=\"500\" src=\"https:\/\/moirai.si\/wp-content\/uploads\/2019\/09\/\u010dakra.jpg\" alt=\"\" class=\"wp-image-14534\" style=\"width:125px\" srcset=\"https:\/\/moirai.si\/wp-content\/uploads\/2019\/09\/\u010dakra.jpg 500w, https:\/\/moirai.si\/wp-content\/uploads\/2019\/09\/\u010dakra-100x100.jpg 100w\" sizes=\"auto, (max-width: 500px) 100vw, 500px\" \/><\/a><\/figure>\n<\/div>\n\n\n<p><a href=\"https:\/\/moirai.si\/hr\/cakra\/\">\u010cakra<\/a><\/p>\n\n\n\n<p class=\"has-small-font-size\">** Navedena ljekovita i metafizi\u010dka svojstva kamenja prikupljena su iz razli\u010ditih izvora. Informacije su dostupne samo kao usluga, a ne za lije\u010denje bolesti. Moirai ne jam\u010di potpunu valjanost gore navedenog.<\/p>\n\n\n\n<h3 class=\"wp-block-heading\"><span style=\"color: #800080;\"><strong>Karakteristike minerala<\/strong><\/span><\/h3>\n\n\n\n<figure class=\"wp-block-table\"><table><tbody><tr><td>Kemijski sastav (<span style=\"color: #800080;\"><strong>Nefrit<\/strong><\/span>)<\/td><td>cca<sub>2<\/sub>(Mg,Fe)<sub>5<\/sub>ti si<sub>8<\/sub>O<sub>22<\/sub>(OH)<sub>2<\/sub><\/td><\/tr><tr><td>Boja<\/td><td>svijetlo zelena<\/td><\/tr><tr><td>Tvrdo\u0107a (Mohs)<\/td><td>6-6.5<\/td><\/tr><tr><td>Gusto\u0107a<\/td><td>2.90-3.02<\/td><\/tr><tr><td>Indeks loma<\/td><td>1.606-1.632<\/td><\/tr><tr><td>Kristalni sistem<\/td><td>Monoklina<\/td><\/tr><tr><td>Kemijski sastav (<span style=\"color: #800080;\"><strong>Jadeit<\/strong><\/span>)<\/td><td>NaAlSi<sub>2<\/sub>O<sub>6<\/sub> ili Na(Al,Fe<sup>3+<\/sup>) Ti si<sub>2<\/sub>O<sub>6<\/sub><\/td><\/tr><tr><td>Boja<\/td><td>blijedozelena<\/td><\/tr><tr><td>Tvrdo\u0107a (Mohs)<\/td><td>6.5-7<\/td><\/tr><tr><td>Gusto\u0107a<\/td><td>3.24-3.43<\/td><\/tr><tr><td>Indeks loma<\/td><td>1.654-1.693<\/td><\/tr><tr><td>Kristalni sistem<\/td><td>Monoklina<\/td><\/tr><\/tbody><\/table><\/figure>\n\n\n\n<h3 class=\"wp-block-heading\"><span style=\"color: #800080;\"><strong>Izvor minerala<\/strong><\/span><\/h3>\n\n\n<div class=\"wp-block-image is-resized\">\n<figure class=\"alignleft size-large\"><img loading=\"lazy\" decoding=\"async\" width=\"189\" height=\"104\" src=\"https:\/\/moirai.si\/wp-content\/uploads\/2020\/01\/svet.jpg\" alt=\"\" class=\"wp-image-15658\" style=\"width:125px\"\/><\/figure>\n<\/div>\n\n\n<ul class=\"wp-block-list\">\n<li>Novi Zeland, Australija, Brazil, Kina, Kanada, Zimbabve, Rusija, Tajvan, Aljaska, Poljska, Mjanmar, Japan, Gvatemala, Kazahstan, Turska, Kuba, SAD\u2026<\/li>\n<\/ul>\n\n\n\n<h3 class=\"wp-block-heading\"><span style=\"color: #800080;\"><strong>Briga<\/strong><\/span><\/h3>\n\n\n\n<ul class=\"wp-block-list\">\n<li>Za \u010di\u0161\u0107enje Jadea, jednostavno koristite vodu sa sapunom i meku krpu. Obavezno temeljito isperite kamen kako biste uklonili sve ostatke sapunaste vode. Kao i kod ve\u0107ine dragog kamenja, ultrazvu\u010dni \u010dista\u010di i aparati za paru se ne preporu\u010duju. Nakit od kamenja i samo kamenje najbolje je staviti u kutiju oblo\u017eenu tkaninom ili zamotanu u krpu odvojeno od ostalih, \u010dime se sprje\u010davaju samo o\u0161te\u0107enja i eventualne ogrebotine.<\/li>\n\n\n\n<li>Kameni nakit je najbolje pohraniti u kutiju prekrivenu krpom ili zamotati u krpu odvojenu od ostalih, sprje\u010davaju\u0107i samo o\u0161te\u0107enja i mogu\u0107e ogrebotine. Preporu\u010dljivo je ne nositi nakit tijekom velikih fizi\u010dkih aktivnosti kao \u0161to su vje\u017ebanje ili sport. Izbjegavajte prskanje parfema na va\u0161 nakit i kamenje.<\/li>\n<\/ul>\n\n\n\n<div class=\"wp-block-button aligncenter\"><a class=\"wp-block-button__link has-text-color has-background wp-element-button\" href=\"https:\/\/moirai.si\/hr\/kategorija-proizvoda\/kupnja-kamenjem\/iza\/\" style=\"color:#2d2c2c;background-color:#ddc942\" target=\"_blank\" rel=\"noreferrer noopener\">Trgovina \u017dad<\/a><\/div>\n\n\n\n<p class=\"has-text-align-center\">Za <strong><span style=\"color: #800080;\">10<\/span>%<\/strong> popusta koristite kod: <span style=\"color: #800080;\"><strong>moirai26 <\/strong><\/span>(koda je veljavna do 31.12.2026)!<\/p>\n\n\n\n<h3 class=\"wp-block-heading\"><span style=\"color: #800080;\"><strong>Horoskop<\/strong><\/span><\/h3>\n\n\n<div class=\"wp-block-image\">\n<figure class=\"alignleft size-large\"><img loading=\"lazy\" decoding=\"async\" width=\"116\" height=\"111\" src=\"https:\/\/moirai.si\/wp-content\/uploads\/2020\/01\/horoskop.jpg\" alt=\"\" class=\"wp-image-15659\"\/><\/figure>\n<\/div>\n\n\n<ul class=\"wp-block-list\">\n<li>Bik, Ovan, Blizanci, Vaga, Vodenjak, Ribe, Djevica<\/li>\n<\/ul>","protected":false},"excerpt":{"rendered":"<p>Zgodovina Zdravilno * Metafizi\u010dne lastnosti \u010cakra ** Navedene zdravilne in metafizi\u010dne lastnosti kamnov so zbrane iz ve\u010d razli\u010dnih virov. Informacije so na voljo le kot storitev in ne za zdravljenje bolezni. Moirai.si ne jam\u010di popolne veljavnosti navedenega. Zna\u010dilnosti minerala Kemijska sestava (Nefrit) Ca2(Mg,Fe)5Si8O22(OH)2 Barva svetlo zelena Trdota (Mohs) 6-6.5 Gostota 2.90-3.02 Lomni koli\u010dnik 1.606-1.632 Kristalni [&hellip;]<\/p>\n","protected":false},"author":1,"featured_media":0,"parent":0,"menu_order":0,"comment_status":"closed","ping_status":"closed","template":"template-products-page.php","meta":{"footnotes":""},"class_list":["post-4976","page","type-page","status-publish","hentry"],"_links":{"self":[{"href":"https:\/\/moirai.si\/hr\/wp-json\/wp\/v2\/pages\/4976","targetHints":{"allow":["GET"]}}],"collection":[{"href":"https:\/\/moirai.si\/hr\/wp-json\/wp\/v2\/pages"}],"about":[{"href":"https:\/\/moirai.si\/hr\/wp-json\/wp\/v2\/types\/page"}],"author":[{"embeddable":true,"href":"https:\/\/moirai.si\/hr\/wp-json\/wp\/v2\/users\/1"}],"replies":[{"embeddable":true,"href":"https:\/\/moirai.si\/hr\/wp-json\/wp\/v2\/comments?post=4976"}],"version-history":[{"count":12,"href":"https:\/\/moirai.si\/hr\/wp-json\/wp\/v2\/pages\/4976\/revisions"}],"predecessor-version":[{"id":27252,"href":"https:\/\/moirai.si\/hr\/wp-json\/wp\/v2\/pages\/4976\/revisions\/27252"}],"wp:attachment":[{"href":"https:\/\/moirai.si\/hr\/wp-json\/wp\/v2\/media?parent=4976"}],"curies":[{"name":"wp","href":"https:\/\/api.w.org\/{rel}","templated":true}]}}