{"id":5134,"date":"2015-12-18T17:21:43","date_gmt":"2015-12-18T17:21:43","guid":{"rendered":"http:\/\/moirai.si\/?page_id=5134"},"modified":"2025-01-13T16:50:28","modified_gmt":"2025-01-13T16:50:28","slug":"o-nama","status":"publish","type":"page","link":"https:\/\/moirai.si\/hr\/o-nas\/","title":{"rendered":"O nama"},"content":{"rendered":"<h3 class=\"wp-block-heading\"><span style=\"color: #800080;\">Za\u0161to Moirai?<\/span><\/h3>\n\n\n\n<ul class=\"wp-block-list\">\n<li>Prema gr\u010dkoj mitologiji, Moirai ili Moerae bile su inkarnacije sudbine koja je kontrolirala \u017eivotnu nit svakog smrtnika od ro\u0111enja do smrti. Bo\u017eice sudbine bile su neovisne, usmjeravale su sudbinu i gledale kako ta sudbina s vje\u010dnim zakonima nesmetano zadesi svako stvorenje. Moira je ime za jednu bo\u017eicu sudbine.<\/li>\n<\/ul>\n\n\n\n<h3 class=\"wp-block-heading\"><span style=\"color: #800080;\">Vjerujemo\u2026<\/span><\/h3>\n\n\n\n<ul class=\"wp-block-list\">\n<li>...da smo sami kreatori svoje sudbine i da na svakom koraku imamo priliku kreirati i uljep\u0161ati svoj \u017eivot. U tome nam mogu pomo\u0107i i prekrasni darovi majke prirode - minerali, biseri, kamenje... Samo nam oni mogu pomo\u0107i u svim \u017eivotnim situacijama, a ujedno nam uljep\u0161ati svaki dan svojom ljepotom i svojom prekrasnom energijom.<\/li>\n<\/ul>\n\n\n\n<h3 class=\"wp-block-heading\"><span style=\"color: #800080;\">Od kada?<\/span><\/h3>\n\n\n\n<ul class=\"wp-block-list\">\n<li>Od malih nogu smo ljubitelji minerala. Dizajniranjem i izradom nakita bavimo se od 2000. godine. Sav nakit koji izra\u0111ujemo izra\u0111en je od prirodnih minerala, kamenja, fosila, bisera i \u0161koljki.<\/li>\n<\/ul>\n\n\n\n<h3 class=\"wp-block-heading\"><span style=\"color: #800080;\">Izrada nakita?<\/span><\/h3>\n\n\n\n<ul class=\"wp-block-list\">\n<li>Pri izradi nakita prvenstveno se fokusiramo na svoje iskustvo, modne trendove i naravno va\u0161e \u017eelje koje volimo poslu\u0161ati i rado ispunjavamo. Zato ne oklijevajte i nazovite nas na 040781999 ili pi\u0161ite nam svoje \u017eelje na <a href=\"https:\/\/moirai.si\/hr\/nakit-po-meri\/\">info@moirai.si.&nbsp;<\/a><\/li>\n<\/ul>\n\n\n\n<h3 class=\"wp-block-heading\"><span style=\"color: #800080;\">Popravci, bu\u0161enje minerala i kamena...<\/span><\/h3>\n\n\n\n<ul class=\"wp-block-list\">\n<li>Potreban Vam je popravak, piercing minerala i kamenja ili mo\u017eda samo osvje\u017eenje Va\u0161eg nakita? Tu smo za Vas da Vam pomognemo i ispunimo Va\u0161e \u017eelje. Pi\u0161ite nam na <a href=\"https:\/\/moirai.si\/hr\/kontakt\/\">info@moirai.si<\/a>&nbsp; ili nazovite nas na 040781999.<\/li>\n<\/ul>\n\n\n\n<h3 class=\"wp-block-heading\"><span style=\"color: #800080;\">Kona\u010dno\u2026<\/span><\/h3>\n\n\n\n<ul class=\"wp-block-list\">\n<li>...ponuda na web stranici se stalno a\u017eurira i svaki tjedan se dodaju novi proizvodi. U slu\u010daju da ne mo\u017eete prona\u0107i ono \u0161to trenutno tra\u017eite na web stranici ili trebate, nazovite nas ili javite nam na <a href=\"https:\/\/moirai.si\/hr\/kontakt\/\">info@moirai.si.<\/a><\/li>\n<\/ul>\n\n\n\n<h3 class=\"wp-block-heading has-text-align-center\"><span style=\"color: #800080;\">\u017delimo Vam ugodno pregledavanje i kupovinu na web stranici!<\/span><\/h3>","protected":false},"excerpt":{"rendered":"<p>Zakaj Moirai? Verjamemo&#8230; Od kdaj? Izdelava nakita? Popravila, luknjanje mineralov in kamnov&#8230; Za konec&#8230; \u017delimo vam prijetno brskanje in nakupovanje po spletni strani!<\/p>","protected":false},"author":1,"featured_media":0,"parent":0,"menu_order":0,"comment_status":"closed","ping_status":"closed","template":"template-products-page.php","meta":{"footnotes":""},"class_list":["post-5134","page","type-page","status-publish","hentry"],"_links":{"self":[{"href":"https:\/\/moirai.si\/hr\/wp-json\/wp\/v2\/pages\/5134","targetHints":{"allow":["GET"]}}],"collection":[{"href":"https:\/\/moirai.si\/hr\/wp-json\/wp\/v2\/pages"}],"about":[{"href":"https:\/\/moirai.si\/hr\/wp-json\/wp\/v2\/types\/page"}],"author":[{"embeddable":true,"href":"https:\/\/moirai.si\/hr\/wp-json\/wp\/v2\/users\/1"}],"replies":[{"embeddable":true,"href":"https:\/\/moirai.si\/hr\/wp-json\/wp\/v2\/comments?post=5134"}],"version-history":[{"count":5,"href":"https:\/\/moirai.si\/hr\/wp-json\/wp\/v2\/pages\/5134\/revisions"}],"predecessor-version":[{"id":25906,"href":"https:\/\/moirai.si\/hr\/wp-json\/wp\/v2\/pages\/5134\/revisions\/25906"}],"wp:attachment":[{"href":"https:\/\/moirai.si\/hr\/wp-json\/wp\/v2\/media?parent=5134"}],"curies":[{"name":"wp","href":"https:\/\/api.w.org\/{rel}","templated":true}]}}