{"id":5667,"date":"2016-01-14T13:35:30","date_gmt":"2016-01-14T13:35:30","guid":{"rendered":"https:\/\/moirai.si\/?page_id=5667"},"modified":"2026-01-02T14:50:18","modified_gmt":"2026-01-02T14:50:18","slug":"cakra","status":"publish","type":"page","link":"https:\/\/moirai.si\/hr\/cakra\/","title":{"rendered":"\u010cakra"},"content":{"rendered":"<h3 class=\"wp-block-heading\"><span style=\"color: #800080;\"><strong>1. \u010dakra \u2013 KORIJEN:<\/strong><\/span><\/h3>\n\n\n\n<ul class=\"wp-block-list\">\n<li><strong><span style=\"color: #800080;\">O \u010dakri:<\/span><\/strong> Ovaj centar dopu\u0161ta Majci Prirodi da uskladi svoje \u017eivotne snage i svoju vibraciju.<\/li>\n\n\n\n<li><strong><span style=\"color: #800080;\">Ljekovita * Metafizi\u010dka svojstva:<\/span><\/strong> rektum, debelo crijevo, izgradnja stanica, kralje\u017enica, kosti, krv, nokti, uzemljenje, prostata, samoodr\u017eanje, stra\u017enjica, zubi...<\/li>\n\n\n\n<li><strong><span style=\"color: #800080;\">Mjesto:<\/span><\/strong> na po\u010detku kralje\u017enice<\/li>\n\n\n\n<li><span style=\"color: #800080;\"><strong>Boja<\/strong><\/span>: crvena, crna<\/li>\n\n\n\n<li><span style=\"color: #800080;\"><strong>Mineral<\/strong><\/span>: <a href=\"https:\/\/moirai.si\/hr\/ahat\/\">ahat,<\/a> <a href=\"https:\/\/moirai.si\/hr\/kvarcni\/\">Dimni Kvarc<\/a>, <a href=\"https:\/\/moirai.si\/hr\/granat\/\">Granat<\/a>, <a href=\"https:\/\/moirai.si\/hr\/hematit\/\">Hematit<\/a>, <a href=\"https:\/\/moirai.si\/hr\/jaspis\/\">Jaspis<\/a>, <a href=\"https:\/\/moirai.si\/hr\/karneol\/\">Karneol<\/a>, <a href=\"https:\/\/moirai.si\/hr\/kijanit\/\">Kianit<\/a>, <a href=\"https:\/\/moirai.si\/hr\/koraljni\/\">Koralj<\/a>, <a href=\"https:\/\/moirai.si\/hr\/jaspis\/\">Leopardova Ko\u017ea<\/a>, <a href=\"https:\/\/moirai.si\/hr\/macje-oko\/\" target=\"_blank\" rel=\"noopener noreferrer\">crveno Tigrovo oko<\/a>, <a href=\"https:\/\/moirai.si\/hr\/opsidijan-2\/\">Opsidijan<\/a>, <a href=\"https:\/\/moirai.si\/hr\/oniks\/\">Oniks<\/a>, <a href=\"https:\/\/moirai.si\/hr\/rubin\/\">Rubin<\/a>, <a href=\"https:\/\/moirai.si\/hr\/kvarcni\/\">Rutil<\/a>, <a href=\"https:\/\/moirai.si\/hr\/safir\/\">Safir<\/a>, <a href=\"https:\/\/moirai.si\/hr\/septarija\/\">Septarija<\/a>, <a href=\"https:\/\/moirai.si\/hr\/ahat\/\">Sardoniks<\/a>, <a href=\"https:\/\/moirai.si\/hr\/tigrovo-oko\/\">tigrovo oko,<\/a> <a href=\"http:\/\/moirai.si\/hr\/turmalin\/\">Turmalin<\/a>&#8230;<\/li>\n<\/ul>\n\n\n\n<h3 class=\"wp-block-heading\"><span style=\"color: #800080;\"><strong>2. \u010dakra \u2013 SEKSUALNA:<\/strong><\/span><\/h3>\n\n\n\n<ul class=\"wp-block-list\">\n<li><strong><span style=\"color: #800080;\">O \u010dakri:<\/span> <\/strong>Glavna svrha je pomo\u0107i tijelu sa seksualno\u0161\u0107u (tantra). Ovaj proces omogu\u0107uje vibracijskoj energiji da zapali cijelo tijelo i prvu \u010dakru.<\/li>\n\n\n\n<li><strong><span style=\"color: #800080;\">Ljekovita * Metafizi\u010dka svojstva:<\/span><\/strong> bubrezi, ljubav, zdjelica, mjehur, odnosi, reproduktivni organi, prihva\u0107anje, tjelesne teku\u0107ine, kreativnost...<\/li>\n\n\n\n<li><strong><span style=\"color: #800080;\">Mjesto:<\/span><\/strong> nekoliko prstiju ispod pupka<\/li>\n\n\n\n<li><strong><span style=\"color: #800080;\">Boja<\/span><\/strong> naran\u010dasta<\/li>\n\n\n\n<li><strong><span style=\"color: #800080;\">Mineral:<\/span><\/strong> <a href=\"https:\/\/moirai.si\/hr\/aventurin\/\">Aventurin<\/a>, <a href=\"https:\/\/moirai.si\/hr\/kvarcni\/\">Citrin<\/a>, <a href=\"https:\/\/moirai.si\/hr\/jantar\/\">Jantar<\/a>, <a href=\"https:\/\/moirai.si\/hr\/jaspis\/\">Jaspis<\/a>, <a href=\"https:\/\/moirai.si\/hr\/kalcedon\/\">Kalcedon<\/a>, <a href=\"https:\/\/moirai.si\/hr\/kalcit\/\">Kalcit<\/a>, <a href=\"https:\/\/moirai.si\/hr\/karneol\/\">Karneol<\/a>, <a href=\"https:\/\/moirai.si\/hr\/koraljni\/\">Koralj<\/a>, <a href=\"https:\/\/moirai.si\/hr\/kvarcni\/\">Rutil<\/a>, <a href=\"https:\/\/moirai.si\/hr\/tigrovo-oko\/\">Tigrovo Oko<\/a>, <a href=\"https:\/\/moirai.si\/hr\/topaz\/\">Topaz<\/a>&#8230;<\/li>\n<\/ul>\n\n\n\n<h3 class=\"wp-block-heading\"><span style=\"color: #800080;\"><strong>3. \u010dakra \u2013 SOLARNI PLEKSUS:<\/strong><\/span><\/h3>\n\n\n\n<ul class=\"wp-block-list\">\n<li><span style=\"color: #800080;\"><strong>O \u010dakri:<\/strong> <\/span>To je sredi\u0161te na\u0161eg samopo\u0161tovanja, na\u0161e volje, samodiscipline i topline u na\u0161oj osobnosti.<\/li>\n\n\n\n<li><span style=\"color: #800080;\"><strong>Ljekovita * Metafizi\u010dka svojstva:<\/strong><\/span> emocije, le\u0111a, jetra, donji dio le\u0111a, snaga, kontrola, probavni sustav, abdomen, slezena, \u017eeludac, \u017eiv\u010dani sustav, \u017eu\u010dni mjehur...<\/li>\n\n\n\n<li><span style=\"color: #800080;\"><strong>Mjesto:<\/strong> <\/span>ispod rebara<\/li>\n\n\n\n<li><strong><span style=\"color: #800080;\">Boja<\/span> <\/strong>\u017euta boja<\/li>\n\n\n\n<li><strong><span style=\"color: #800080;\">Mineral:<\/span><\/strong> <a href=\"https:\/\/moirai.si\/hr\/kvarcni\/\">Citrin<\/a>, <a href=\"https:\/\/moirai.si\/hr\/kvarcni\/\">Dimni Kvarc<\/a>, <a href=\"https:\/\/moirai.si\/hr\/jantar\/\">Jantar<\/a>, <a href=\"https:\/\/moirai.si\/hr\/jaspis\/\">Jaspis<\/a>, <a href=\"https:\/\/moirai.si\/hr\/kalcedon\/\">Kalcedon<\/a>, <a href=\"https:\/\/moirai.si\/hr\/dugin-mjesecev-kamen\/\">Mjese\u010dev kamen<\/a>, <a href=\"https:\/\/moirai.si\/hr\/peridot\/\">Peridot<\/a>, <a href=\"https:\/\/moirai.si\/hr\/uhvatiti\/\">Prehnit<\/a>, <a href=\"https:\/\/moirai.si\/hr\/kvarcni\/\">Rutil<\/a>, <a href=\"https:\/\/moirai.si\/hr\/safir\/\">Safir<\/a>, <a href=\"https:\/\/moirai.si\/hr\/septarija\/\">Septarija<\/a>, <a href=\"https:\/\/moirai.si\/hr\/tigrovo-oko\/\">Tigrovo Oko<\/a>, <a href=\"https:\/\/moirai.si\/hr\/topaz\/\">Topaz<\/a>, <a href=\"https:\/\/moirai.si\/hr\/turmalin\/\">turmalin,<\/a><a href=\"https:\/\/moirai.si\/hr\/iza\/\"> \u017dad<\/a>&#8230;<\/li>\n<\/ul>\n\n\n\n<div class=\"wp-block-button aligncenter\"><a class=\"wp-block-button__link has-text-color has-background wp-element-button\" href=\"https:\/\/moirai.si\/hr\/kategorija-proizvoda\/kamenje-za-ruke\/\" style=\"color:#2d2c2c;background-color:#ddc942\" target=\"_blank\" rel=\"noreferrer noopener\">Trgovina ru\u010dnim kamenjem<\/a><\/div>\n\n\n\n<p class=\"has-text-align-center\">Za <strong><span style=\"color: #800080;\">10<\/span>%<\/strong> popusta koristite kod: <span style=\"color: #800080;\"><strong>moirai26<\/strong><\/span><span style=\"color: #800080;\"><\/span>(koda je veljavna do 31.12.2026)!<\/p>\n\n\n\n<h3 class=\"wp-block-heading\"><strong><span style=\"color: #800080;\">4. \u010dakra \u2013 SRCE:<\/span><\/strong><\/h3>\n\n\n\n<ul class=\"wp-block-list\">\n<li><span style=\"color: #800080;\"><strong>O \u010dakri:<\/strong> <\/span>To je sredi\u0161te na\u0161e duboke povezanosti s drugim ljudima, na\u0161eg osje\u0107aja brige, suosje\u0107anja, ljubavi, nesebi\u010dnosti, velikodu\u0161nosti, dobrote i po\u0161tovanja.<\/li>\n\n\n\n<li><span style=\"color: #800080;\"><strong>Ljekovita * Metafizi\u010dka svojstva:<\/strong> <\/span>iscjeljivanje, duhovnost, le\u0111a, ko\u017ea, krv, krvo\u017eilni sustav, ljubav, plu\u0107a, povezanost, transformacija, suosje\u0107anje, prihva\u0107anje, srce, svijest\u2026<\/li>\n\n\n\n<li><strong><span style=\"color: #800080;\">Mjesto:<\/span> <\/strong>iza prsne kosti<\/li>\n\n\n\n<li><strong><span style=\"color: #800080;\">Boja<\/span> <\/strong>zelena, roza<\/li>\n\n\n\n<li><strong><span style=\"color: #800080;\">Mineral:<\/span> <\/strong><a href=\"https:\/\/moirai.si\/hr\/amazonit\/\">Amazonit<\/a>, <a href=\"https:\/\/moirai.si\/hr\/aventurin\/\">Aventurin<\/a>, <a href=\"https:\/\/moirai.si\/hr\/karoit\/\">\u010caroit<\/a>, <a href=\"https:\/\/moirai.si\/hr\/fluorit\/\">Fluorit<\/a>, <a href=\"https:\/\/moirai.si\/hr\/granat\/\">Granat<\/a>, <a href=\"https:\/\/moirai.si\/hr\/krizopraza\/\">Krizopras<\/a>, <a href=\"https:\/\/moirai.si\/hr\/jaspis\/\">Jaspis<\/a>, <a href=\"https:\/\/moirai.si\/hr\/jaspis\/\">Leopardova Ko\u017ea<\/a>, <a href=\"https:\/\/moirai.si\/hr\/lepidolit\/\">Lepidolit<\/a>, <a href=\"https:\/\/moirai.si\/hr\/malahit\/\">Malahit<\/a>, <a href=\"https:\/\/moirai.si\/hr\/oniks\/\">Oniks<\/a>, <a href=\"https:\/\/moirai.si\/hr\/peridot\/\">Peridot<\/a>, <a href=\"https:\/\/moirai.si\/hr\/uhvatiti\/\">Prehnit<\/a>, <a href=\"https:\/\/moirai.si\/hr\/rodokrozit\/\">Rodokrozit<\/a>, <a href=\"https:\/\/moirai.si\/hr\/rodonit\/\">Rodonit<\/a>, <a href=\"https:\/\/moirai.si\/hr\/kvarcni\/\">Rozenkvarc<\/a>, <a href=\"https:\/\/moirai.si\/hr\/rubin\/\">Rubin<\/a>, <a href=\"https:\/\/moirai.si\/hr\/kvarcni\/\">Rutil<\/a>, <a href=\"https:\/\/moirai.si\/hr\/smaragd\/\">Smaragd<\/a>, <a href=\"https:\/\/moirai.si\/hr\/tirkiz\/\">tirkiz,&nbsp;<\/a> <a href=\"https:\/\/moirai.si\/hr\/turmalin\/\">Turmalin<\/a>&#8230;<\/li>\n<\/ul>\n\n\n\n<h3 class=\"wp-block-heading\"><strong><span style=\"color: #800080;\">5. \u010dakra \u2013 GRLENO:<\/span><\/strong><\/h3>\n\n\n\n<ul class=\"wp-block-list\">\n<li><strong><span style=\"color: #800080;\">O \u010dakri:<\/span> <\/strong>Poma\u017ee skupljanju &quot;prana&quot; energije koja okrepljuje i pro\u010di\u0161\u0107ava tijelo. Djeluje kao komunikator za na\u0161u svijest. Uskla\u0111uje energije tijela s energijama svijesti glave.<\/li>\n\n\n\n<li><strong><span style=\"color: #800080;\">Ljekovita * Metafizi\u010dka svojstva:<\/span><\/strong> \u010deljust, emocije, di\u0161ni putevi, glasnice, komunikacija, misli, gastrointestinalni trakt, ruke, vrat, grlo...<\/li>\n\n\n\n<li><strong><span style=\"color: #800080;\">Mjesto:<\/span> <\/strong>donji vrat<\/li>\n\n\n\n<li><strong><span style=\"color: #800080;\">Boja<\/span> <\/strong>plava<\/li>\n\n\n\n<li><strong><span style=\"color: #800080;\">Mineral:<\/span> <\/strong><a href=\"https:\/\/moirai.si\/hr\/ahat\/\">Ahat<\/a>, <a href=\"https:\/\/moirai.si\/hr\/akvamarin\/\">Akvamarin<\/a>, <a href=\"https:\/\/moirai.si\/hr\/amazonit\/\">Amazonit<\/a>, <a href=\"https:\/\/moirai.si\/hr\/aventurin\/\">Aventurin<\/a>, <a href=\"https:\/\/moirai.si\/hr\/fluorit\/\">Fluorit<\/a>, <a href=\"https:\/\/moirai.si\/hr\/krizokol-2\/\">Krizokola<\/a>, <a href=\"https:\/\/moirai.si\/hr\/jantar\/\">Jantar<\/a>, <a href=\"https:\/\/moirai.si\/hr\/kalcedon\/\">Kalcedon<\/a>, <a href=\"https:\/\/moirai.si\/hr\/kijanit\/\">Kianit<\/a>, <a href=\"https:\/\/moirai.si\/hr\/labradorit\/\">Labradorit<\/a>, <a href=\"https:\/\/moirai.si\/hr\/lapis-lazuli\/\">Lapis Lazuli<\/a>, <a href=\"https:\/\/moirai.si\/hr\/malahit\/\">Malahit<\/a>, <a href=\"https:\/\/moirai.si\/hr\/kvarcni\/\">Rutil<\/a>, <a href=\"https:\/\/moirai.si\/hr\/safir\/\">Safir<\/a>, <a href=\"https:\/\/moirai.si\/hr\/septarija\/\">Septarija<\/a>, <a href=\"https:\/\/moirai.si\/hr\/sodalit\/\">Sodalit<\/a>, <a href=\"https:\/\/moirai.si\/hr\/tigrovo-oko\/\">Tigrovo Oko<\/a>, <a href=\"https:\/\/moirai.si\/hr\/topaz\/\">Topaz<\/a>, <a href=\"https:\/\/moirai.si\/hr\/tirkiz\/\">tirkiz,&nbsp;<\/a> <a href=\"https:\/\/moirai.si\/hr\/turmalin\/\">Turmalin<\/a>&#8230;<\/li>\n<\/ul>\n\n\n\n<h3 class=\"wp-block-heading\"><strong><span style=\"color: #800080;\">6. \u010dakra \u2013 TRE\u0106E OKO:<\/span><\/strong><\/h3>\n\n\n\n<ul class=\"wp-block-list\">\n<li><span style=\"color: #800080;\"><strong>O \u010dakri:<\/strong><\/span> Djeluje na vi\u0161im frekvencijama svjetlosti i poznato je kao sredi\u0161nje gledanje ili &quot;tre\u0107e oko&quot;.<\/li>\n\n\n\n<li><span style=\"color: #800080;\"><strong>Ljekovita * Metafizi\u010dka svojstva:<\/strong> <\/span>emocije, duhovnost, intuicija, mali mozak, nos, lice, o\u010di, sinusi, u\u0161i, svijest, \u017eiv\u010dani sustav...<\/li>\n\n\n\n<li><strong><span style=\"color: #800080;\">Mjesto:<\/span> <\/strong>sredini \u010dela<\/li>\n\n\n\n<li><strong><span style=\"color: #800080;\">Boja<\/span> <\/strong>indigo plava<\/li>\n\n\n\n<li><span style=\"color: #800080;\"><strong>Mineral:<\/strong> <\/span><a href=\"https:\/\/moirai.si\/hr\/ametist\/\">Ametist<\/a>, <a href=\"https:\/\/moirai.si\/hr\/biser\/\">Biser<\/a>, <a href=\"https:\/\/moirai.si\/hr\/karoit\/\">\u010caroit<\/a>, <a href=\"https:\/\/moirai.si\/hr\/fluorit\/\">Fluorit<\/a>, <a href=\"https:\/\/moirai.si\/hr\/kalcit\/\">Kalcit<\/a>, <a href=\"https:\/\/moirai.si\/hr\/lapis-lazuli\/\">Lapis Lazuli<\/a>, <a href=\"https:\/\/moirai.si\/hr\/lepidolit\/\">Lepidolit<\/a>, <a href=\"https:\/\/moirai.si\/hr\/dugin-mjesecev-kamen\/\">Mjese\u010dev kamen<\/a>, <a href=\"https:\/\/moirai.si\/hr\/opal\/\">Opal<\/a>, <a href=\"https:\/\/moirai.si\/hr\/kvarcni\/\">Rutil<\/a>, <a href=\"https:\/\/moirai.si\/hr\/safir\/\">Safir<\/a>, <a href=\"https:\/\/moirai.si\/hr\/sodalit\/\">Sodalit<\/a>, <a href=\"https:\/\/moirai.si\/hr\/tanzanit\/\">Tanzanit<\/a>, <a href=\"https:\/\/moirai.si\/hr\/topaz\/\">Topaz<\/a>, <a href=\"https:\/\/moirai.si\/hr\/tirkiz\/\">tirkiz,&nbsp;<\/a> <a href=\"https:\/\/moirai.si\/hr\/turmalin\/\">Turmalin<\/a>&#8230;<\/li>\n<\/ul>\n\n\n\n<div class=\"wp-block-button aligncenter\"><a class=\"wp-block-button__link has-text-color has-background wp-element-button\" href=\"https:\/\/moirai.si\/hr\/kupnja-kamenjem\/\" style=\"color:#2d2c2c;background-color:#ddc942\" target=\"_blank\" rel=\"noreferrer noopener\">Kupuj po kamenima<\/a><\/div>\n\n\n\n<p class=\"has-text-align-center\">Za <strong><span style=\"color: #800080;\">10<\/span>%<\/strong> popusta koristite kod: <span style=\"color: #800080;\"><strong>moirai26 <\/strong><\/span>(koda je veljavna do 31.12.2026)!<\/p>\n\n\n\n<h3 class=\"wp-block-heading\"><strong><span style=\"color: #800080;\">7. \u010dakra \u2013 KRUNSKA:<\/span><\/strong><\/h3>\n\n\n\n<ul class=\"wp-block-list\">\n<li><strong><span style=\"color: #800080;\">O \u010dakri:<\/span> <\/strong>Puni vlastitu energiju iz univerzalnog izvora.<\/li>\n\n\n\n<li><strong><span style=\"color: #800080;\">Ljekovita * Metafizi\u010dka svojstva:<\/span><\/strong> duhovnost, energija, prosvjetljenje, istina, samosvijest\u2026<\/li>\n\n\n\n<li><strong><span style=\"color: #800080;\">Mjesto:<\/span> <\/strong>na vrhu glave<\/li>\n\n\n\n<li><strong><span style=\"color: #800080;\">Boja<\/span> <\/strong>ljubi\u010dasta (lila), bijela<\/li>\n\n\n\n<li><strong><span style=\"color: #800080;\">Mineral:<\/span> <\/strong><a href=\"https:\/\/moirai.si\/hr\/ahat\/\">Ahat<\/a>, <a href=\"https:\/\/moirai.si\/hr\/ametist\/\">Ametist<\/a>, <a href=\"https:\/\/moirai.si\/hr\/kvarcni\/\">Gorski Kristal<\/a>, <a href=\"https:\/\/moirai.si\/hr\/lepidolit\/\">Lepidolit<\/a>, <a href=\"https:\/\/moirai.si\/hr\/kvarcni\/\">Rutil<\/a>, <a href=\"https:\/\/moirai.si\/hr\/safir\/\">Safir<\/a>, <a href=\"https:\/\/moirai.si\/hr\/tanzanit\/\">Tanzanit<\/a>&#8230;<\/li>\n<\/ul>\n\n\n\n<p class=\"has-small-font-size\"><strong><span style=\"color: #800080;\"><span style=\"font-size: inherit; color: #191e23;\">** Navedena ljekovita i metafizi\u010dka svojstva kamenja prikupljena su iz razli\u010ditih izvora. Informacije su dostupne samo kao usluga, a ne za lije\u010denje bolesti. Moirai ne jam\u010di potpunu valjanost gore navedenog.<\/span><\/span><\/strong><\/p>","protected":false},"excerpt":{"rendered":"<p>1.\u010dakra \u2013 KORENSKA: 2.\u010dakra \u2013 SPOLNA: 3.\u010dakra \u2013 SOLARNI PLEKSUS: Za 10% popust pri spletnem nakupu uporabite kodo: moirai26(koda je veljavna do 31.12.2026)! 4.\u010dakra \u2013 SR\u010cNA: 5.\u010dakra \u2013 GRLENA: 6.\u010dakra \u2013 TRETJE OKO: Za 10% popust pri spletnem nakupu uporabite kodo: moirai26 (koda je veljavna do 31.12.2026)! 7.\u010dakra \u2013 KRONSKA: ** Navedene zdravilne in metafizi\u010dne [&hellip;]<\/p>\n","protected":false},"author":1,"featured_media":0,"parent":0,"menu_order":0,"comment_status":"closed","ping_status":"closed","template":"template-products-page.php","meta":{"footnotes":""},"class_list":["post-5667","page","type-page","status-publish","hentry"],"_links":{"self":[{"href":"https:\/\/moirai.si\/hr\/wp-json\/wp\/v2\/pages\/5667","targetHints":{"allow":["GET"]}}],"collection":[{"href":"https:\/\/moirai.si\/hr\/wp-json\/wp\/v2\/pages"}],"about":[{"href":"https:\/\/moirai.si\/hr\/wp-json\/wp\/v2\/types\/page"}],"author":[{"embeddable":true,"href":"https:\/\/moirai.si\/hr\/wp-json\/wp\/v2\/users\/1"}],"replies":[{"embeddable":true,"href":"https:\/\/moirai.si\/hr\/wp-json\/wp\/v2\/comments?post=5667"}],"version-history":[{"count":14,"href":"https:\/\/moirai.si\/hr\/wp-json\/wp\/v2\/pages\/5667\/revisions"}],"predecessor-version":[{"id":27254,"href":"https:\/\/moirai.si\/hr\/wp-json\/wp\/v2\/pages\/5667\/revisions\/27254"}],"wp:attachment":[{"href":"https:\/\/moirai.si\/hr\/wp-json\/wp\/v2\/media?parent=5667"}],"curies":[{"name":"wp","href":"https:\/\/api.w.org\/{rel}","templated":true}]}}