{"id":9288,"date":"2017-12-20T09:07:25","date_gmt":"2017-12-20T09:07:25","guid":{"rendered":"https:\/\/moirai.si\/?page_id=9288"},"modified":"2026-01-02T14:55:02","modified_gmt":"2026-01-02T14:55:02","slug":"yoni-jaja","status":"publish","type":"page","link":"https:\/\/moirai.si\/hr\/yoni-jajcka\/","title":{"rendered":"Yoni Jaj\u010dka"},"content":{"rendered":"<div class=\"wp-block-button\"><a class=\"wp-block-button__link has-text-color has-background has-text-align-center wp-element-button\" href=\"https:\/\/moirai.si\/hr\/kategorija-proizvoda\/jaja\/\" style=\"color:#2d2c2c;background-color:#ddc942\" target=\"_blank\" rel=\"noreferrer noopener\"> Shop-Yoni i ukrasna jaja <\/a><\/div>\n\n\n\n<ul class=\"wp-block-list\">\n<li><strong><span style=\"color: #800080;\">Yoni jaja, jaja od \u017eada ili ljubavna jaja<\/span><\/strong> \u2013 nazivi su za prekrasna ru\u010dno ra\u0111ena jaja od raznih minerala i kristala koja se koriste za vaginalne vje\u017ebe ili vaginalna joga. \u00bb<strong style=\"font-size: inherit;\"><span style=\"color: #800080;\">Yoni<\/span><\/strong><span style=\"font-size: inherit;\">\u201d je sanskrtska rije\u010d za \u017eenske genitalije i zapravo zna\u010di \u201c<\/span><span style=\"color: #800080;\">sveti prostor<\/span><span style=\"font-size: inherit;\">&quot;. <\/span>\u017dene prakticiraju vaginalnu jogu s kamenim jajima vi\u0161e od 5000 godina. U kraljevskoj pala\u010di u Kini \u017eene su uglavnom koristile jaja od \u017eada jer su vjerovale da \u0107e im to pomo\u0107i u seksualnoj mo\u0107i. Oni bi trebali probuditi senzualnost i odr\u017eati nevjerojatno zdravlje u starosti. Donedavno je ova drevna tajna praksa bila dostupna samo \u010dlanovima kraljevske obitelji.<\/li>\n<\/ul>\n\n\n\n<ul class=\"wp-block-list\">\n<li>Jednostavnim kori\u0161tenjem jajeta oja\u010dat \u0107ete mi\u0161i\u0107e rodnice i donjeg dijela zdjelice. Mo\u0107i \u0107ete iskusiti uzbudljive vibracije koriste\u0107i dva jaja zajedno dok vje\u017ebate vaginalnu jogu! Jaja uglavnom imaju rupicu kroz koju se mo\u017ee provu\u0107i \u0161paga (svila ili konac za zube koji treba biti bez aditiva) i dodavati utezi (druga jaja ili kamene kuglice). Po\u010detnici mogu koristiti \u0161pagu za lak\u0161e povla\u010denje ili &quot;le\u017eenje jaja&quot;. Mo\u017eda zvu\u010di smije\u0161no, ali svrha vje\u017ebe je da \u017eena sama &quot;izlegne&quot; jaje bez upotrebe konca. Provjerite je li jaje na va\u0161oj tjelesnoj temperaturi prije upotrebe. Jaje mo\u017eete zagrijati na dlanu, ispod pazuha ili mlakom vodom (nikada ne koristite kipu\u0107u vodu).<\/li>\n<\/ul>\n\n\n\n<ul class=\"wp-block-list\">\n<li>Jaja se razlikuju po veli\u010dini i te\u017eini. Za po\u010detnike je prikladnije ve\u0107e jaje (barem 4 cm). S manjim jajetom je te\u017ee manipulirati pa je pogodno za &quot;naprednije&quot; osobe. Najbolje je odabrati ono jaje s kojim se osje\u0107ate najugodnije. Budu\u0107i da je vagina vrlo fleksibilna, ve\u0107ina \u0107e \u017eena s lako\u0107om mo\u0107i koristiti sve veli\u010dine jajnih stanica. Ve\u0107a jaja su samo ve\u0107a i te\u017ea. Unato\u010d te\u017eini, takvo jaje je lak\u0161e uhvatiti, a u\u010dinak masa\u017ee dok se kre\u0107e gore-dolje u va\u0161oj vagini bit \u0107e znatno ve\u0107i. Me\u0111utim, njegova veli\u010dina i te\u017eina ograni\u010davaju va\u0161 trening. Ve\u0107a jaja preporu\u010duju se \u017eenama koje su nedavno rodile ili \u017eenama koje misle ili osje\u0107aju da su im vaginalni mi\u0161i\u0107i ve\u0107 malo oslabili (mo\u017eda zbog godina ili zbog operacije). Ako vam je vaginalna joga neugodna, ve\u0107e jaje \u0107e stimulirati ovo podru\u010dje i pomo\u0107i vam da upoznate vlastito tijelo.<\/li>\n<\/ul>\n\n\n\n<div class=\"wp-block-button\"><a class=\"wp-block-button__link has-text-color has-background has-text-align-center wp-element-button\" href=\"https:\/\/moirai.si\/hr\/kategorija-proizvoda\/jaja\/\" style=\"color:#2d2c2c;background-color:#ddc942\" target=\"_blank\" rel=\"noreferrer noopener\"> Shop-Yoni i ukrasna jaja <\/a><\/div>\n\n\n\n<h3 class=\"wp-block-heading\"><span style=\"color: #800080;\">Teorija struna<\/span><\/h3>\n\n\n\n<p>Radi dobre higijene, preporu\u010damo da nakon uporabe bacite uzicu i kasnije upotrijebite novu. Najbolja \u017eica je konac za zube. Tanak je, jak, sterilan i \u0161iroko dostupan. Tako\u0111er mo\u017eete koristiti konop od prirodnog pamuka, svile ili konoplje. Konac je dobar pomaga\u010d koji poma\u017ee po\u010detnicima da lak\u0161e povuku jaje. Obi\u010dno \u017eene koje dugo prakticiraju vaginalnu jogu izguraju jaja\u0161ce van bez pomo\u0107i vrpce. Konac se kasnije koristi za dodavanje te\u017eine samom jajetu. Sama vje\u017eba se zove &quot;<span style=\"color: #800080;\">Vaginalni kung fu<\/span>&quot;.<\/p>\n\n\n\n<h3 class=\"wp-block-heading\"><span style=\"color: #800080;\">Briga o jajetu<\/span><\/h3>\n\n\n\n<p>Rodnica ima vrlo napredan sustav samo\u010di\u0161\u0107enja koji regulira koli\u010dinu kiselosti i bakterija te odr\u017eava zdravu ravnote\u017eu. Vrlo je va\u017eno dobro o\u010distiti jaje prije upotrebe. Mnogi korisnici jednostavno operu jaje prije i poslije upotrebe organskim sapunom i vodom (tako\u0111er \u010disti rupu). Samo se sterilizacija radi svakih tjedan-dva. Mnogi postupci sterilizacije mogu biti pretjerano agresivni, uklju\u010duju\u0107i kuhanje, paru ili upotrebu jakih kemikalija. Zato ga ne preporu\u010dujemo. Svi ostaci sirovih kemikalija utje\u010du na osjetljivu ravnote\u017eu prirodne flore u vagini. No, klju\u010danje i para mogu o\u0161tetiti strukturu kamena i time oslabiti prirodna svojstva kamena. Preporu\u010damo da jaje prije upotrebe potopite u razrije\u0111eni sok od grejpa ili ocat i o\u010distite organskim sapunom. Jaje tako\u0111er mo\u017eete prebrisati alkoholom (viski ili votka tako\u0111er dobro funkcioniraju), ali ne zaboravite jaje nakon toga dobro isprati. Nemojte koristiti jaja koja su izra\u0111ena od plastike, bojana, silikonizirana ili izra\u0111ene od drugih opasnih materijala. Najbolje je koristiti pravi kamen, mineral ili kristal. <span style=\"color: #800080;\"><strong>Budite oprezni jer postoji mnogo krivotvorina i oslikanog kamenja na internetu<\/strong><\/span><span style=\"font-size: inherit;\">.<\/span> <\/p>\n\n\n\n<div class=\"wp-block-button\"><a class=\"wp-block-button__link has-text-color has-background has-text-align-center wp-element-button\" href=\"https:\/\/moirai.si\/hr\/kategorija-proizvoda\/jaja\/\" style=\"color:#2d2c2c;background-color:#ddc942\" target=\"_blank\" rel=\"noreferrer noopener\"> Shop-Yoni i ukrasna jaja <\/a><\/div>\n\n\n\n<p class=\"has-text-align-center\">Za <strong><span style=\"color: #800080;\">10<\/span>%<\/strong> popusta koristite kod: <span style=\"color: #800080;\"><strong>moirai26 <\/strong><\/span>(koda je veljavna do 31.12.2026)!<\/p>\n\n\n\n<p class=\"has-small-font-size\">** Navedena ljekovita i metafizi\u010dka svojstva kamenja prikupljena su iz razli\u010ditih izvora. Informacije su dostupne samo kao usluga, a ne za lije\u010denje bolesti. Moirai ne jam\u010di potpunu valjanost gore navedenog.<\/p>","protected":false},"excerpt":{"rendered":"<p>Teorija o vrvici Zaradi dobre higiene priporo\u010damo, da vrvico po uporabi odvr\u017eete in kasneje uporabite novo. Najbolj\u0161a vrvica je zobna nitka. Je tanka, mo\u010dna, sterilna in \u0161iroko dostopna. Uporabite lahko tudi vrvico iz naravnega bomba\u017ea, svile ali konopljino vrvico. Vrvica je dober pomo\u010dnik, ki pomaga za\u010detnicam za la\u017eji poteg jaj\u010dka. Ponavadi \u017eenske, ki vadijo vaginalno [&hellip;]<\/p>\n","protected":false},"author":1,"featured_media":0,"parent":0,"menu_order":0,"comment_status":"closed","ping_status":"closed","template":"template-products-page.php","meta":{"footnotes":""},"class_list":["post-9288","page","type-page","status-publish","hentry"],"_links":{"self":[{"href":"https:\/\/moirai.si\/hr\/wp-json\/wp\/v2\/pages\/9288","targetHints":{"allow":["GET"]}}],"collection":[{"href":"https:\/\/moirai.si\/hr\/wp-json\/wp\/v2\/pages"}],"about":[{"href":"https:\/\/moirai.si\/hr\/wp-json\/wp\/v2\/types\/page"}],"author":[{"embeddable":true,"href":"https:\/\/moirai.si\/hr\/wp-json\/wp\/v2\/users\/1"}],"replies":[{"embeddable":true,"href":"https:\/\/moirai.si\/hr\/wp-json\/wp\/v2\/comments?post=9288"}],"version-history":[{"count":25,"href":"https:\/\/moirai.si\/hr\/wp-json\/wp\/v2\/pages\/9288\/revisions"}],"predecessor-version":[{"id":27260,"href":"https:\/\/moirai.si\/hr\/wp-json\/wp\/v2\/pages\/9288\/revisions\/27260"}],"wp:attachment":[{"href":"https:\/\/moirai.si\/hr\/wp-json\/wp\/v2\/media?parent=9288"}],"curies":[{"name":"wp","href":"https:\/\/api.w.org\/{rel}","templated":true}]}}