{"id":9332,"date":"2017-12-27T08:30:12","date_gmt":"2017-12-27T08:30:12","guid":{"rendered":"https:\/\/moirai.si\/?page_id=9332"},"modified":"2026-01-02T13:37:03","modified_gmt":"2026-01-02T13:37:03","slug":"karoit","status":"publish","type":"page","link":"https:\/\/moirai.si\/hr\/caroit\/","title":{"rendered":"\u010caroit"},"content":{"rendered":"<div class=\"wp-block-button aligncenter\"><a class=\"wp-block-button__link has-text-color has-background wp-element-button\" href=\"https:\/\/moirai.si\/hr\/kategorija-proizvoda\/kupnja-kamenjem\/karoit\/\" style=\"color:#2d2c2c;background-color:#ddc942\" target=\"_blank\" rel=\"noreferrer noopener\">Trgovina \u010caroit<\/a><\/div>\n\n\n\n<h3 class=\"wp-block-heading\"><strong><span style=\"color: #800080;\">Povjest<\/span>&nbsp;&nbsp;&nbsp;&nbsp;&nbsp;&nbsp;<\/strong><strong>&nbsp;&nbsp;&nbsp;&nbsp;&nbsp;&nbsp;&nbsp;&nbsp;&nbsp;&nbsp;&nbsp;&nbsp;&nbsp;&nbsp;&nbsp;&nbsp;&nbsp;&nbsp;&nbsp;&nbsp;&nbsp;&nbsp;&nbsp;&nbsp;&nbsp;&nbsp;&nbsp;&nbsp;&nbsp;&nbsp;&nbsp;&nbsp;&nbsp;&nbsp;&nbsp;&nbsp;&nbsp;&nbsp;&nbsp;&nbsp;&nbsp;&nbsp;&nbsp;&nbsp;&nbsp;&nbsp;&nbsp;&nbsp;&nbsp;&nbsp;&nbsp;&nbsp;&nbsp;&nbsp;&nbsp;&nbsp;&nbsp;&nbsp;&nbsp;&nbsp; <\/strong><\/h3>\n\n\n<div class=\"wp-block-image is-resized\">\n<figure class=\"alignright size-thumbnail\"><img decoding=\"async\" src=\"https:\/\/moirai.si\/wp-content\/uploads\/2020\/01\/\u010daroit-500x500.jpg\" alt=\"\" class=\"wp-image-15684\" style=\"object-fit:cover;width:125px;height:125px\"\/><\/figure>\n<\/div>\n\n\n<ul class=\"wp-block-list\">\n<li>\u010caroit je rijedak silikatni mineral s kemijskim sastavom fosfora, kalcija i natrija. Prvi put je otkriven u rijeci Chara (Rusija) 1940. godine, po \u010demu je i dobio ime. Murunov kompleks u Yakuti (Sibir) glavni je izvor Charoita. Boje \u010caroita su nepogre\u0161ive i kre\u0107u se od lila do lavande, svijetloljubi\u010daste do srednje tamne lila. Ve\u0107ina Charoita ima ljubi\u010dastu nijansu i vrlo jedinstven uzorak koji je \u010desto prugast ili nalik na perje. Ovi uzorci su specifi\u010dni za \u010caroit i rezultat su me\u0111usobno povezanih slo\u017eenih vlaknastih kristala. Neki Charoite tako\u0111er mogu imati zelene, crne ili naran\u010daste pruge, koje su rezultat inkluzija i ne\u010disto\u0107a Tinaxita i Agerina.<\/li>\n<\/ul>\n\n\n\n<h3 class=\"wp-block-heading\"><span style=\"color: #800080;\"><strong>Ljekovita * Metafizi\u010dka svojstva<\/strong><\/span><\/h3>\n\n\n\n<ul class=\"wp-block-list\">\n<li>alkoholizam, duhovnost, glavobolja, jetra, gr\u010devi, tlak, migrena, snaga, negativnost, nesanica, o\u010di, ozljede, pozitivnost, samopo\u0161tovanje, solarni pleksus, otkucaji srca, tre\u0107e oko, kreativnost, umor, \u017eivci...<\/li>\n<\/ul>\n\n\n\n<div class=\"wp-block-button aligncenter\"><a class=\"wp-block-button__link has-text-color has-background wp-element-button\" href=\"https:\/\/moirai.si\/hr\/kategorija-proizvoda\/kupnja-kamenjem\/karoit\/\" style=\"color:#2d2c2c;background-color:#ddc942\" target=\"_blank\" rel=\"noreferrer noopener\">Trgovina \u010caroit<\/a><\/div>\n\n\n<div class=\"wp-block-image is-resized\">\n<figure class=\"alignleft\"><a href=\"https:\/\/moirai.si\/hr\/cakra\/\"><img loading=\"lazy\" decoding=\"async\" width=\"500\" height=\"500\" src=\"https:\/\/moirai.si\/wp-content\/uploads\/2019\/09\/\u010dakra.jpg\" alt=\"\" class=\"wp-image-14534\" style=\"object-fit:cover;width:125px;height:125px\" srcset=\"https:\/\/moirai.si\/wp-content\/uploads\/2019\/09\/\u010dakra.jpg 500w, https:\/\/moirai.si\/wp-content\/uploads\/2019\/09\/\u010dakra-100x100.jpg 100w\" sizes=\"auto, (max-width: 500px) 100vw, 500px\" \/><\/a><\/figure>\n<\/div>\n\n\n<p><a href=\"https:\/\/moirai.si\/hr\/cakra\/\">\u010cakra<\/a><\/p>\n\n\n\n<p class=\"has-small-font-size\">**Navedena ljekovita i metafizi\u010dka svojstva kamenja prikupljena su iz razli\u010ditih izvora. Informacije su dostupne samo kao usluga, a ne za lije\u010denje bolesti. Moirai ne jam\u010di potpunu valjanost gore navedenog.<\/p>\n\n\n\n<h3 class=\"wp-block-heading\"><span style=\"color: #800080;\"><strong>Karakteristike minerala<\/strong><\/span><\/h3>\n\n\n\n<figure class=\"wp-block-table\"><table><tbody><tr><td>Kemijski sastav<\/td><td>(K(Ca,Na)<sub>2<\/sub>ti si<sub>4<\/sub>O<sub>10<\/sub>(OH,F)\u00b7H<sub>2<\/sub>O)<\/td><\/tr><tr><td>Boja<\/td><td>ljubi\u010dasta, lila<\/td><\/tr><tr><td>Tvrdo\u0107a (Mohs)<\/td><td>5-6<\/td><\/tr><tr><td>Gusto\u0107a<\/td><td>2.54-2.58<\/td><\/tr><tr><td>Indeks loma<\/td><td>1.550-1.553<\/td><\/tr><tr><td>Kristalni sistem<\/td><td>Monoklina<\/td><\/tr><\/tbody><\/table><\/figure>\n\n\n\n<h3 class=\"wp-block-heading\"><span style=\"color: #800080;\"><strong>Izvor minerala<\/strong><\/span><\/h3>\n\n\n<div class=\"wp-block-image is-resized\">\n<figure class=\"alignleft size-large\"><img loading=\"lazy\" decoding=\"async\" width=\"189\" height=\"104\" src=\"https:\/\/moirai.si\/wp-content\/uploads\/2020\/01\/svet.jpg\" alt=\"\" class=\"wp-image-15658\" style=\"width:125px\"\/><\/figure>\n<\/div>\n\n\n<ul class=\"wp-block-list\">\n<li>Sibirija<\/li>\n<\/ul>\n\n\n\n<h3 class=\"wp-block-heading\"><span style=\"color: #800080;\"><strong>Briga<\/strong><\/span><\/h3>\n\n\n\n<ul class=\"wp-block-list\">\n<li>\u010caroit mo\u017ee biti prili\u010dno osjetljiv na jak pritisak, visoke temperature i jake ku\u0107ne kemikalije i sredstva za \u010di\u0161\u0107enje. Izbjegavajte izlaganje \u010caroita izbjeljiva\u010du ili sumpornoj kiselini. O\u010distite Charoite toplom vodom i sapunicom. Obri\u0161ite kamen mekom krpom i uvjerite se da je dobro ispran kako biste uklonili ostatke sapuna.<\/li>\n\n\n\n<li>Najbolje je pohraniti kameni nakit u kutiju prekrivenu krpom ili zamotati u tkaninu odvojeno od ostalih, \u010dime se spre\u010davaju o\u0161te\u0107enja i mogu\u0107e ogrebotine. Preporu\u010dljivo je ne nositi nakit tijekom velikih fizi\u010dkih aktivnosti kao \u0161to su vje\u017ebanje ili sport. Izbjegavajte prskanje parfema na va\u0161 nakit i kamenje.<\/li>\n<\/ul>\n\n\n\n<div class=\"wp-block-button aligncenter\"><a class=\"wp-block-button__link has-text-color has-background wp-element-button\" href=\"https:\/\/moirai.si\/hr\/kategorija-proizvoda\/kupnja-kamenjem\/karoit\/\" style=\"color:#2d2c2c;background-color:#ddc942\" target=\"_blank\" rel=\"noreferrer noopener\">Trgovina \u010caroit<\/a><\/div>\n\n\n\n<p class=\"has-text-align-center\">Za <strong><span style=\"color: #800080;\">10<\/span>%<\/strong> popusta koristite kod: <span style=\"color: #800080;\"><strong>moirai26 <\/strong><\/span>(koda je veljavna do 31.12.2026)!<\/p>\n\n\n\n<h3 class=\"wp-block-heading\"><span style=\"color: #800080;\"><strong>Horoskop<\/strong><\/span><\/h3>\n\n\n<div class=\"wp-block-image\">\n<figure class=\"alignleft size-large\"><img loading=\"lazy\" decoding=\"async\" width=\"116\" height=\"111\" src=\"https:\/\/moirai.si\/wp-content\/uploads\/2020\/01\/horoskop.jpg\" alt=\"\" class=\"wp-image-15659\"\/><\/figure>\n<\/div>\n\n\n<ul class=\"wp-block-list\">\n<li>Strijelac, \u0160korpion, Vaga, Blizanci, Djevica<\/li>\n<\/ul>","protected":false},"excerpt":{"rendered":"<p>Zgodovina&nbsp;&nbsp;&nbsp;&nbsp;&nbsp;&nbsp;&nbsp;&nbsp;&nbsp;&nbsp;&nbsp;&nbsp;&nbsp;&nbsp;&nbsp;&nbsp;&nbsp;&nbsp;&nbsp;&nbsp;&nbsp;&nbsp;&nbsp;&nbsp;&nbsp;&nbsp;&nbsp;&nbsp;&nbsp;&nbsp;&nbsp;&nbsp;&nbsp;&nbsp;&nbsp;&nbsp;&nbsp;&nbsp;&nbsp;&nbsp;&nbsp;&nbsp;&nbsp;&nbsp;&nbsp;&nbsp;&nbsp;&nbsp;&nbsp;&nbsp;&nbsp;&nbsp;&nbsp;&nbsp;&nbsp;&nbsp;&nbsp;&nbsp;&nbsp;&nbsp;&nbsp;&nbsp;&nbsp;&nbsp;&nbsp;&nbsp; Zdravilno * Metafizi\u010dne lastnosti \u010cakra ** Navedene zdravilne in metafizi\u010dne lastnosti kamnov so zbrane iz ve\u010d razli\u010dnih virov. Informacije so na voljo le kot storitev in ne za zdravljenje bolezni. Moirai ne jam\u010di popolne veljavnosti navedenega. Zna\u010dilnosti minerala Kemijska sestava (K(Ca,Na)2Si4O10(OH,F)\u00b7H2O) Barva vijoli\u010dna, lila Trdota (Mohs) 5-6 Gostota 2.54-2.58 Lomni koli\u010dnik 1.550-1.553 Kristalni sistem [&hellip;]<\/p>\n","protected":false},"author":1,"featured_media":0,"parent":0,"menu_order":0,"comment_status":"closed","ping_status":"closed","template":"template-products-page.php","meta":{"footnotes":""},"class_list":["post-9332","page","type-page","status-publish","hentry"],"_links":{"self":[{"href":"https:\/\/moirai.si\/hr\/wp-json\/wp\/v2\/pages\/9332","targetHints":{"allow":["GET"]}}],"collection":[{"href":"https:\/\/moirai.si\/hr\/wp-json\/wp\/v2\/pages"}],"about":[{"href":"https:\/\/moirai.si\/hr\/wp-json\/wp\/v2\/types\/page"}],"author":[{"embeddable":true,"href":"https:\/\/moirai.si\/hr\/wp-json\/wp\/v2\/users\/1"}],"replies":[{"embeddable":true,"href":"https:\/\/moirai.si\/hr\/wp-json\/wp\/v2\/comments?post=9332"}],"version-history":[{"count":13,"href":"https:\/\/moirai.si\/hr\/wp-json\/wp\/v2\/pages\/9332\/revisions"}],"predecessor-version":[{"id":27185,"href":"https:\/\/moirai.si\/hr\/wp-json\/wp\/v2\/pages\/9332\/revisions\/27185"}],"wp:attachment":[{"href":"https:\/\/moirai.si\/hr\/wp-json\/wp\/v2\/media?parent=9332"}],"curies":[{"name":"wp","href":"https:\/\/api.w.org\/{rel}","templated":true}]}}