{"id":9334,"date":"2017-12-27T08:30:34","date_gmt":"2017-12-27T08:30:34","guid":{"rendered":"https:\/\/moirai.si\/?page_id=9334"},"modified":"2026-01-02T13:34:42","modified_gmt":"2026-01-02T13:34:42","slug":"heliotrop","status":"publish","type":"page","link":"https:\/\/moirai.si\/hr\/heliotrop\/","title":{"rendered":"Heliotrop"},"content":{"rendered":"<div class=\"wp-block-button aligncenter\"><a class=\"wp-block-button__link has-text-color has-background wp-element-button\" href=\"https:\/\/moirai.si\/hr\/kategorija-proizvoda\/kupnja-kamenjem\/heliotrop\/\" style=\"color:#2d2c2c;background-color:#ddc942\" target=\"_blank\" rel=\"noreferrer noopener\">Trgovina Heliotrop<\/a><\/div>\n\n\n\n<h3 class=\"wp-block-heading\"><span style=\"color: #800080;\"><strong>Povjest<\/strong><\/span><\/h3>\n\n\n<div class=\"wp-block-image is-resized\">\n<figure class=\"alignright size-thumbnail\"><img decoding=\"async\" src=\"https:\/\/moirai.si\/wp-content\/uploads\/2020\/01\/heliotrop-500x500.jpg\" alt=\"\" class=\"wp-image-15698\" style=\"width:125px\"\/><\/figure>\n<\/div>\n\n\n<ul class=\"wp-block-list\">\n<li>Heliotrop je neprozirna do prozirna vrsta kalcedona. Ima karakteristi\u010dnu tamnozelenu boju s prisustvom crvenih (krvavih) inkluzija, po \u010demu je i dobio ime. Prisutnost ne\u010disto\u0107a \u017eeljeznog oksida daje mu izgled krvavih inkluzija, koje mogu varirati od crvene do sme\u0111e, a ponekad i \u017eute. Ove inkluzije mogu biti vrlo uo\u010dljive, ali nisu neophodne. Najpo\u017eeljniji heliotropi imaju vi\u0161e crvenih inkluzija. Ponekad se mo\u017ee zamijeniti s jaspisom, ali jaspis ima puno finiju zrnastu strukturu i upravo po tome ih je mogu\u0107e me\u0111usobno razlikovati.<\/li>\n\n\n\n<li><span style=\"color: #800080;\">Sinonimi, stari nazivi, trgova\u010dki nazivi:<\/span> Krvavi jaspis, Krvavi kamen\u2026<\/li>\n<\/ul>\n\n\n\n<h3 class=\"wp-block-heading\"><span style=\"color: #800080;\"><strong>Ljekovita * Metafizi\u010dka svojstva<\/strong><\/span><\/h3>\n\n\n\n<ul class=\"wp-block-list\">\n<li>anemija, bol, cirkulacija, ciste, crijeva, disanje, hemoroidi, hepatitis, idealizam, imunolo\u0161ki sustav, infekcije, intuicija, i\u0161ijas, krv, krvarenje, leukemija, limfne \u017elijezde, menopauza, menstrualni bolovi, mir, negativnost, nesebi\u010dnost, o\u010di, odluke , infekcije, plu\u0107a, hrabrost, poro\u0111aj, reuma, snovi, kreativnost, u\u0161i, upale, zbunjenost, \u017eeludac...<\/li>\n\n\n\n<li>Dobar je u lije\u010denju raka povezanih s krvlju (leukemija, rak ko\u017ee, kostiju i svih organa bogatih krvlju). Neki ka\u017eu da heliotrop mo\u017ee pomo\u0107i smanjiti tumore tijekom vremena.&nbsp;<\/li>\n\n\n\n<li>Kombinacija heliotropa i karneola poma\u017ee u komplementarnom lije\u010denju raka jetre i bubrega, jer bi trebao transformirati i pro\u010di\u0161\u0107avati negativne energije.<\/li>\n<\/ul>\n\n\n\n<div class=\"wp-block-button aligncenter\"><a class=\"wp-block-button__link has-text-color has-background wp-element-button\" href=\"https:\/\/moirai.si\/hr\/kategorija-proizvoda\/kupnja-kamenjem\/heliotrop\/\" style=\"color:#2d2c2c;background-color:#ddc942\" target=\"_blank\" rel=\"noreferrer noopener\">Trgovina Heliotrop<\/a><\/div>\n\n\n<div class=\"wp-block-image is-resized\">\n<figure class=\"alignleft\"><a href=\"https:\/\/moirai.si\/hr\/cakra\/\"><img loading=\"lazy\" decoding=\"async\" width=\"500\" height=\"500\" src=\"https:\/\/moirai.si\/wp-content\/uploads\/2019\/09\/\u010dakra.jpg\" alt=\"\" class=\"wp-image-14534\" style=\"width:125px\" srcset=\"https:\/\/moirai.si\/wp-content\/uploads\/2019\/09\/\u010dakra.jpg 500w, https:\/\/moirai.si\/wp-content\/uploads\/2019\/09\/\u010dakra-100x100.jpg 100w\" sizes=\"auto, (max-width: 500px) 100vw, 500px\" \/><\/a><\/figure>\n<\/div>\n\n\n<p><a href=\"https:\/\/moirai.si\/hr\/cakra\/\">\u010cakra<\/a><\/p>\n\n\n\n<p class=\"has-small-font-size\">** Navedena ljekovita i metafizi\u010dka svojstva kamenja prikupljena su iz razli\u010ditih izvora. Informacije su dostupne samo kao usluga, a ne za lije\u010denje bolesti. Moirai ne jam\u010di potpunu valjanost gore navedenog.<\/p>\n\n\n\n<h3 class=\"wp-block-heading\"><span style=\"color: #800080;\"><strong>Karakteristike minerala<\/strong><\/span><\/h3>\n\n\n\n<figure class=\"wp-block-table\"><table><tbody><tr><td>Kemijski sastav<\/td><td>SiO<sub>2<\/sub><\/td><\/tr><tr><td>Boja<\/td><td>zelena, jabu\u010dno zelena, zeleno-plava, sme\u0111a s crvenim to\u010dkicama<\/td><\/tr><tr><td>Tvrdo\u0107a (Mohs)<\/td><td>6.5-7<\/td><\/tr><tr><td>Gusto\u0107a<\/td><td>2.61<\/td><\/tr><tr><td>Indeks loma<\/td><td>1.530-1.540<\/td><\/tr><tr><td>Kristalni sistem<\/td><td>Trigonalni<\/td><\/tr><\/tbody><\/table><\/figure>\n\n\n\n<h3 class=\"wp-block-heading\"><span style=\"color: #800080;\"><strong>Izvor minerala<\/strong><\/span><\/h3>\n\n\n<div class=\"wp-block-image is-resized\">\n<figure class=\"alignleft size-large\"><img loading=\"lazy\" decoding=\"async\" width=\"189\" height=\"104\" src=\"https:\/\/moirai.si\/wp-content\/uploads\/2020\/01\/svet.jpg\" alt=\"\" class=\"wp-image-15658\" style=\"width:125px\"\/><\/figure>\n<\/div>\n\n\n<ul class=\"wp-block-list\">\n<li>Indija, Madagaskar, Kalifornija, SAD, Australija, Njema\u010dka, Brazil, Kina i \u0160kotska.<\/li>\n<\/ul>\n\n\n\n<h3 class=\"wp-block-heading\"><span style=\"color: #800080;\"><strong>Briga<\/strong><\/span><\/h3>\n\n\n\n<ul class=\"wp-block-list\">\n<li>O\u010distite heliotrop toplom vodom i blagim sapunom. Izbjegavajte izlaganje Heliotropa izbjeljiva\u010du ili sumpornoj kiselini. Obri\u0161ite kamen mekom krpom i uvjerite se da je dobro ispran kako biste uklonili ostatke sapuna. Nakit od kamenja ili samo kamenje najbolje je staviti u kutiju oblo\u017eenu tkaninom ili zamotati u krpu odvojeno od ostalih kako ne bi do\u0161lo do o\u0161te\u0107enja i ogrebotina.<\/li>\n\n\n\n<li>Najbolji je kameni nakit pohraniti u kutiju prekrivenu krpom ili ga zamotati u tkaninu odvojeno od ostalih, \u010dime se spre\u010davaju o\u0161te\u0107enja i mogu\u0107e ogrebotine.\nPreporu\u010da se skidanje nakita tijekom ve\u0107ih tjelesnih aktivnosti, poput vje\u017ebanja ili sporta. Izbjegavajte prskanje parfema i laka za kosu izravno na nakit i kamenje.<\/li>\n<\/ul>\n\n\n\n<div class=\"wp-block-button aligncenter\"><a class=\"wp-block-button__link has-text-color has-background wp-element-button\" href=\"https:\/\/moirai.si\/hr\/kategorija-proizvoda\/kupnja-kamenjem\/heliotrop\/\" style=\"color:#2d2c2c;background-color:#ddc942\" target=\"_blank\" rel=\"noreferrer noopener\">Trgovina Heliotrop<\/a><\/div>\n\n\n\n<p class=\"has-text-align-center\">Za <strong><span style=\"color: #800080;\">10<\/span>%<\/strong> popusta koristite kod: <span style=\"color: #800080;\"><strong>moirai26 <\/strong><\/span>(koda je veljavna do 31.12.2026)!<\/p>\n\n\n\n<h3 class=\"wp-block-heading\"><span style=\"color: #800080;\"><strong>Horoskop<\/strong><\/span><\/h3>\n\n\n<div class=\"wp-block-image\">\n<figure class=\"alignleft size-large\"><img loading=\"lazy\" decoding=\"async\" width=\"116\" height=\"111\" src=\"https:\/\/moirai.si\/wp-content\/uploads\/2020\/01\/horoskop.jpg\" alt=\"\" class=\"wp-image-15659\"\/><\/figure>\n<\/div>\n\n\n<ul class=\"wp-block-list\">\n<li>Ovan, Ribe, \u0160korpion<\/li>\n<\/ul>","protected":false},"excerpt":{"rendered":"<p>Zgodovina Zdravilno * Metafizi\u010dne lastnosti \u010cakra ** Navedene zdravilne in metafizi\u010dne lastnosti kamnov so zbrane iz ve\u010d razli\u010dnih virov. Informacije so na voljo le kot storitev in ne za zdravljenje bolezni. Moirai.si ne jam\u010di popolne veljavnosti navedenega. Zna\u010dilnosti minerala Kemijska sestava SiO2 Barva zelena, jabol\u010dno zelena, zeleno-modra, rjava z rde\u010dimi pikami Trdota (Mohs) 6.5-7 Gostota [&hellip;]<\/p>\n","protected":false},"author":1,"featured_media":0,"parent":0,"menu_order":0,"comment_status":"closed","ping_status":"closed","template":"template-products-page.php","meta":{"footnotes":""},"class_list":["post-9334","page","type-page","status-publish","hentry"],"_links":{"self":[{"href":"https:\/\/moirai.si\/hr\/wp-json\/wp\/v2\/pages\/9334","targetHints":{"allow":["GET"]}}],"collection":[{"href":"https:\/\/moirai.si\/hr\/wp-json\/wp\/v2\/pages"}],"about":[{"href":"https:\/\/moirai.si\/hr\/wp-json\/wp\/v2\/types\/page"}],"author":[{"embeddable":true,"href":"https:\/\/moirai.si\/hr\/wp-json\/wp\/v2\/users\/1"}],"replies":[{"embeddable":true,"href":"https:\/\/moirai.si\/hr\/wp-json\/wp\/v2\/comments?post=9334"}],"version-history":[{"count":15,"href":"https:\/\/moirai.si\/hr\/wp-json\/wp\/v2\/pages\/9334\/revisions"}],"predecessor-version":[{"id":27180,"href":"https:\/\/moirai.si\/hr\/wp-json\/wp\/v2\/pages\/9334\/revisions\/27180"}],"wp:attachment":[{"href":"https:\/\/moirai.si\/hr\/wp-json\/wp\/v2\/media?parent=9334"}],"curies":[{"name":"wp","href":"https:\/\/api.w.org\/{rel}","templated":true}]}}