{"id":9346,"date":"2017-12-27T08:32:21","date_gmt":"2017-12-27T08:32:21","guid":{"rendered":"https:\/\/moirai.si\/?page_id=9346"},"modified":"2026-01-02T14:26:09","modified_gmt":"2026-01-02T14:26:09","slug":"cvijet-ruze","status":"publish","type":"page","link":"https:\/\/moirai.si\/hr\/rozevec\/","title":{"rendered":"Rozenkvarc"},"content":{"rendered":"<div class=\"wp-block-button aligncenter\"><a class=\"wp-block-button__link has-text-color has-background wp-element-button\" href=\"https:\/\/moirai.si\/hr\/kategorija-proizvoda\/kupnja-kamenjem\/cvijet-ruze\/\" style=\"color:#2d2c2c;background-color:#ddc942\" target=\"_blank\" rel=\"noreferrer noopener\">Trgovina Rozenkvarc<\/a><\/div>\n\n\n\n<h3 class=\"wp-block-heading\"><span style=\"color: #800080;\"><strong>Povjest<\/strong><\/span><\/h3>\n\n\n<div class=\"wp-block-image is-resized\">\n<figure class=\"alignright size-thumbnail\"><img loading=\"lazy\" decoding=\"async\" width=\"500\" height=\"500\" src=\"https:\/\/moirai.si\/wp-content\/uploads\/2020\/02\/ro\u017eevec-500x500.jpg\" alt=\"\" class=\"wp-image-15784\" style=\"width:125px\" srcset=\"\" sizes=\"auto, (max-width: 500px) 100vw, 500px\" data-srcset=\"\" \/><\/figure>\n<\/div>\n\n\n<ul class=\"wp-block-list\">\n<li>Rimljani su Rozenkvarc koristili kao dar ljubavi. Poznat je i kao \"Bohemian Ruby\", \"Hyaline Quartz\", \"Rose Quartz\" ili \"kamen ljubavi\". To je varijanta kristalnog kvarca, koji se \u010desto nalazi u Brazilu i na Madagaskaru. To je silicijev dioksid i jedna od naj\u010de\u0161\u0107ih vrsta kvarca. Njegova boja mo\u017ee varirati od svijetlo do tamno ru\u017ei\u010daste. Tamnije nijanse ro\u017eevca posti\u017eu ve\u0107u cijenu na tr\u017ei\u0161tu od svjetlijih, blje\u0111ih Rozenkvarc. Nalazi se u ve\u0107im tvorbama.<\/li>\n\n\n\n<li><span style=\"color: #800080;\">Sinonimi, stari nazivi, trgova\u010dki nazivi:<\/span> Rozenkvarc\u2026<\/li>\n<\/ul>\n\n\n\n<h3 class=\"wp-block-heading\"><span style=\"color: #800080;\"><strong>Ljekovita * Metafizi\u010dka svojstva<\/strong><\/span><\/h3>\n\n\n\n<ul class=\"wp-block-list\">\n<li>Rozenkvarc: o\u017eiljci, empatija, harmonija, ljutnja, ko\u017ea, leukemija, ljubav, ljubomora, meditacija, mjehur, mir, napetost, odnosi, oprost, opekline, plodnost, prijateljstvo, srce, stres, ogor\u010denost, povjerenje, vaskularni sustav...<\/li>\n\n\n\n<li>Girasol Rozenkvarc: duhovnost, ljubav, povjerenje, srce, plu\u0107a, emocije, traume, komunikacija, kreativnost, spolni organi, kroni\u010dni umor, imunolo\u0161ki sustav...<\/li>\n\n\n\n<li>Rozenkvarc je kristal poznat po svojim ljekovitim svojstvima ljubavi prema sebi i brige o sebi. Ka\u017ee se da je od posebne pomo\u0107i u lije\u010denju raka dojke. <\/li>\n<\/ul>\n\n\n\n<div class=\"wp-block-button aligncenter\"><a class=\"wp-block-button__link has-text-color has-background wp-element-button\" href=\"https:\/\/moirai.si\/hr\/kategorija-proizvoda\/kupnja-kamenjem\/cvijet-ruze\/\" style=\"color:#2d2c2c;background-color:#ddc942\" target=\"_blank\" rel=\"noreferrer noopener\">Trgovina Rozenkvarc<\/a><\/div>\n\n\n<div class=\"wp-block-image is-resized\">\n<figure class=\"alignleft\"><a href=\"https:\/\/moirai.si\/hr\/cakra\/\"><img loading=\"lazy\" decoding=\"async\" width=\"500\" height=\"500\" src=\"https:\/\/moirai.si\/wp-content\/uploads\/2019\/09\/\u010dakra.jpg\" alt=\"\" class=\"wp-image-14534\" style=\"width:125px\" srcset=\"https:\/\/moirai.si\/wp-content\/uploads\/2019\/09\/\u010dakra.jpg 500w, https:\/\/moirai.si\/wp-content\/uploads\/2019\/09\/\u010dakra-100x100.jpg 100w\" sizes=\"auto, (max-width: 500px) 100vw, 500px\" \/><\/a><\/figure>\n<\/div>\n\n\n<p><a href=\"https:\/\/moirai.si\/hr\/cakra\/\">\u010cakra<\/a><\/p>\n\n\n\n<p class=\"has-small-font-size\">** Navedena ljekovita i metafizi\u010dka svojstva kamenja prikupljena su iz razli\u010ditih izvora. Informacije su dostupne samo kao usluga, a ne za lije\u010denje bolesti. Moirai ne jam\u010di potpunu valjanost gore navedenog.<\/p>\n\n\n\n<h3 class=\"wp-block-heading\"><span style=\"color: #800080;\"><strong>Karakteristike minerala<\/strong><\/span><\/h3>\n\n\n\n<figure class=\"wp-block-table\"><table><tbody><tr><td>Kemijski sastav<\/td><td>SiO<sub>2<\/sub><\/td><\/tr><tr><td>Boja<\/td><td>ru\u017ei\u010dasta<\/td><\/tr><tr><td>Tvrdo\u0107a (Mohs)<\/td><td>7<\/td><\/tr><tr><td>Gusto\u0107a<\/td><td>2.60-2.70<\/td><\/tr><tr><td>Indeks loma<\/td><td>1.544-1.553<\/td><\/tr><tr><td>Kristalni sistem<\/td><td>Trigonalni<\/td><\/tr><\/tbody><\/table><\/figure>\n\n\n\n<h3 class=\"wp-block-heading\"><span style=\"color: #800080;\"><strong>Izvor minerala<\/strong><\/span><\/h3>\n\n\n<div class=\"wp-block-image is-resized\">\n<figure class=\"alignleft size-large\"><img loading=\"lazy\" decoding=\"async\" width=\"189\" height=\"104\" src=\"https:\/\/moirai.si\/wp-content\/uploads\/2020\/01\/svet.jpg\" alt=\"\" class=\"wp-image-15658\" style=\"width:125px\"\/><\/figure>\n<\/div>\n\n\n<ul class=\"wp-block-list\">\n<li>Brazil, Indija, Madagaskar, Mozambik, Namibija, \u0160ri Lanka<strong>, <\/strong>SAD\u2026<\/li>\n<\/ul>\n\n\n\n<h3 class=\"wp-block-heading\"><span style=\"color: #800080;\"><strong>Briga<\/strong><\/span><\/h3>\n\n\n\n<ul class=\"wp-block-list\">\n<li>Rozenkvarc mo\u017ee biti prili\u010dno osjetljiv na jak pritisak, visoke temperature i jake ku\u0107ne kemikalije i sredstva za \u010di\u0161\u0107enje. Izbjegavajte izlaganje izbjeljiva\u010du ili sumpornoj kiselini. O\u010distite toplom vodom i sapunicom. Obri\u0161ite kamen mekom krpom i uvjerite se da je dobro ispran kako biste uklonili ostatke sapuna.<\/li>\n\n\n\n<li>Najbolji je kameni nakit pohraniti u kutiju prekrivenu krpom ili ga zamotati u tkaninu odvojeno od ostalih, \u010dime se spre\u010davaju o\u0161te\u0107enja i mogu\u0107e ogrebotine.\nPreporu\u010da se skidanje nakita tijekom ve\u0107ih tjelesnih aktivnosti, poput vje\u017ebanja ili sporta. Izbjegavajte prskanje parfema i laka za kosu izravno na nakit i kamenje.<\/li>\n<\/ul>\n\n\n\n<div class=\"wp-block-button aligncenter\"><a class=\"wp-block-button__link has-text-color has-background wp-element-button\" href=\"https:\/\/moirai.si\/hr\/kategorija-proizvoda\/kupnja-kamenjem\/cvijet-ruze\/\" style=\"color:#2d2c2c;background-color:#ddc942\" target=\"_blank\" rel=\"noreferrer noopener\">Trgovina Rozenkvarc<\/a><\/div>\n\n\n\n<p class=\"has-text-align-center\">Za <strong><span style=\"color: #800080;\">10<\/span>%<\/strong> popusta koristite kod: <span style=\"color: #800080;\"><strong>moirai26 <\/strong><\/span>(koda je veljavna do 31.12.2026)!<\/p>\n\n\n\n<h3 class=\"wp-block-heading\"><span style=\"color: #800080;\"><strong>Horoskop<\/strong><\/span><\/h3>\n\n\n<div class=\"wp-block-image\">\n<figure class=\"alignleft size-large\"><img loading=\"lazy\" decoding=\"async\" width=\"116\" height=\"111\" src=\"https:\/\/moirai.si\/wp-content\/uploads\/2020\/01\/horoskop.jpg\" alt=\"\" class=\"wp-image-15659\"\/><\/figure>\n<\/div>\n\n\n<ul class=\"wp-block-list\">\n<li>Bik, Vaga, Lav, Strijelac<\/li>\n<\/ul>","protected":false},"excerpt":{"rendered":"<p>Zgodovina Zdravilno * Metafizi\u010dne lastnosti \u010cakra ** Navedene zdravilne in metafizi\u010dne lastnosti kamnov so zbrane iz ve\u010d razli\u010dnih virov. Informacije so na voljo le kot storitev in ne za zdravljenje bolezni. Moirai.si ne jam\u010di popolne veljavnosti navedenega. Zna\u010dilnosti minerala Kemijska sestava SiO2 Barva roza Trdota (Mohs) 7 Gostota 2.60-2.70 Lomni koli\u010dnik 1.544-1.553 Kristalni sistem Trigonalni [&hellip;]<\/p>\n","protected":false},"author":1,"featured_media":0,"parent":0,"menu_order":0,"comment_status":"closed","ping_status":"closed","template":"template-products-page.php","meta":{"footnotes":""},"class_list":["post-9346","page","type-page","status-publish","hentry"],"_links":{"self":[{"href":"https:\/\/moirai.si\/hr\/wp-json\/wp\/v2\/pages\/9346","targetHints":{"allow":["GET"]}}],"collection":[{"href":"https:\/\/moirai.si\/hr\/wp-json\/wp\/v2\/pages"}],"about":[{"href":"https:\/\/moirai.si\/hr\/wp-json\/wp\/v2\/types\/page"}],"author":[{"embeddable":true,"href":"https:\/\/moirai.si\/hr\/wp-json\/wp\/v2\/users\/1"}],"replies":[{"embeddable":true,"href":"https:\/\/moirai.si\/hr\/wp-json\/wp\/v2\/comments?post=9346"}],"version-history":[{"count":13,"href":"https:\/\/moirai.si\/hr\/wp-json\/wp\/v2\/pages\/9346\/revisions"}],"predecessor-version":[{"id":27234,"href":"https:\/\/moirai.si\/hr\/wp-json\/wp\/v2\/pages\/9346\/revisions\/27234"}],"wp:attachment":[{"href":"https:\/\/moirai.si\/hr\/wp-json\/wp\/v2\/media?parent=9346"}],"curies":[{"name":"wp","href":"https:\/\/api.w.org\/{rel}","templated":true}]}}