{"id":9350,"date":"2017-12-27T08:32:52","date_gmt":"2017-12-27T08:32:52","guid":{"rendered":"https:\/\/moirai.si\/?page_id=9350"},"modified":"2026-01-02T14:44:02","modified_gmt":"2026-01-02T14:44:02","slug":"oko-sokolovo","status":"publish","type":"page","link":"https:\/\/moirai.si\/hr\/sokolje-oko\/","title":{"rendered":"Sokolovo oko"},"content":{"rendered":"<div class=\"wp-block-button aligncenter\"><a class=\"wp-block-button__link has-text-color has-background wp-element-button\" href=\"https:\/\/moirai.si\/hr\/kategorija-proizvoda\/kupnja-kamenjem\/oko-sokolovo\/\" style=\"color:#2d2c2c;background-color:#ddc942\" target=\"_blank\" rel=\"noreferrer noopener\">Trgovina Sokolovo oko<\/a><\/div>\n\n\n\n<h3 class=\"wp-block-heading\"><strong><span style=\"color: #800080;\">Povjest<\/span>&nbsp;&nbsp;&nbsp;&nbsp;&nbsp;&nbsp;<\/strong><strong>&nbsp;&nbsp;&nbsp;&nbsp;&nbsp;&nbsp;&nbsp;&nbsp;&nbsp;&nbsp;&nbsp;&nbsp;&nbsp;&nbsp;&nbsp;&nbsp;&nbsp;&nbsp;&nbsp;&nbsp;&nbsp;&nbsp;&nbsp;&nbsp;&nbsp;&nbsp;&nbsp;&nbsp;&nbsp;&nbsp;&nbsp;&nbsp;&nbsp;&nbsp;&nbsp;&nbsp;&nbsp;&nbsp;&nbsp;&nbsp;&nbsp;&nbsp;&nbsp;&nbsp;&nbsp;&nbsp;&nbsp;&nbsp;&nbsp;&nbsp;&nbsp;&nbsp;&nbsp;&nbsp;&nbsp;&nbsp;&nbsp;&nbsp;&nbsp;&nbsp; <\/strong><\/h3>\n\n\n<div class=\"wp-block-image is-resized\">\n<figure class=\"alignright size-thumbnail\"><img loading=\"lazy\" decoding=\"async\" width=\"500\" height=\"500\" src=\"https:\/\/moirai.si\/wp-content\/uploads\/2020\/02\/sokolje-500x500.jpg\" alt=\"\" class=\"wp-image-15805\" style=\"width:125px\" srcset=\"https:\/\/moirai.si\/wp-content\/uploads\/2020\/02\/sokolje-500x500.jpg 500w, https:\/\/moirai.si\/wp-content\/uploads\/2020\/02\/sokolje-100x100.jpg 100w, https:\/\/moirai.si\/wp-content\/uploads\/2020\/02\/sokolje-501x501.jpg 501w, https:\/\/moirai.si\/wp-content\/uploads\/2020\/02\/sokolje.jpg 566w\" sizes=\"auto, (max-width: 500px) 100vw, 500px\" \/><\/figure>\n<\/div>\n\n\n<ul class=\"wp-block-list\">\n<li>Sokolovo oko je plavo-siva do plavo-zelena verzija kvarca. Pripada obitelji kvarcnih kristala. To je vrsta makrokristalnog kvarca. Sokolovo oko je u po\u010detku Krokidolit, a kasnije prelazi u Kvarc. Transformacija Sokolovog oka po\u010dinje kada se kvarc polako stapa s vlaknima krokidolita i na kraju ga potpuno zamjenjuje, zadr\u017eavaju\u0107i svoj izvorni oblik. Sokoljovo oko poznato je po ma\u010djem opti\u010dkom efektu koji podsje\u0107a na oko sokolovo. Blisko je povezan s tigrovim okom i pijetarzitom, koji imaju sli\u010dan u\u010dinak. Tigrovo oko je zapravo formirano od sokolovog oka. Kada se plavi krokidolit otopi s kvarcom, ostaju tragovi \u017eeljeznog oksida. Manje \u017eeljeza rezultira plavom bojom krokidolita. Vi\u0161e \u017eeljeza, s druge strane, \u010dini tigrovo oko sme\u0111im. Pietarsit je agregat koji se prvenstveno sastoji od Sokolog i Tigrovog Oka. Ima prili\u010dno kaoti\u010dan vrtlo\u017eni uzorak koji nastaje tijekom raspadanja i kasnije se skru\u0107uje zajedno s kvarcom.<\/li>\n\n\n\n<li><a href=\"https:\/\/moirai.si\/hr\/tigrovo-oko\/\" target=\"_blank\" rel=\"noreferrer noopener\">Tigrovo Oko<\/a> potje\u010de zapravo iz Sokoljeg Oka. Tijekom procesa pseudomorfne transformacije, materijali koji sadr\u017ee vi\u0161e \u017eeljeznog oksida manifestiraju se u sme\u0111em Tigrovom oku. Kada je manje oksidacije i \u017eeljeza, boja te\u017ei izvornoj plavoj boji krokidolita.<\/li>\n\n\n\n<li><a href=\"https:\/\/moirai.si\/hr\/macje-oko\/\" target=\"_blank\" rel=\"noreferrer noopener\">Ma\u010dje oko<\/a> Ma\u010dje oko se jo\u0161 naziva i crveno tigrovo oko ili zmajevo oko. Boja mu je sme\u0111e crvena. Ima trigonalni kristalni sustav. Sjaj koji se vidi na ma\u010djem oku nastaje tijekom njegovog formiranja. Crvena boja je zbog stupnja oksidacije.<\/li>\n\n\n\n<li><span style=\"color: #800080;\">Sinonimi, stari nazivi, trgova\u010dki nazivi:<\/span> Plavo tigrovo oko\u2026<\/li>\n<\/ul>\n\n\n\n<h3 class=\"wp-block-heading\"><span style=\"color: #800080;\"><strong>Ljekovita * Metafizi\u010dka svojstva<\/strong><\/span><\/h3>\n\n\n\n<ul class=\"wp-block-list\">\n<li>astma, astralno putovanje, duhovnost, du\u0161a, fobije, glavobolja, hiperaktivnost, hormoni, kralje\u017enica, mentalni kapacitet, migrene, mir, razmi\u0161ljanje, negativna energija, negativnost, o\u010di, fokus, prepreke, sinusi, sre\u0107a, strah, stres, tolerancija, tjeskoba , tre\u0107e oko, mentalne sposobnosti, vrat, za\u0161tita...<\/li>\n<\/ul>\n\n\n\n<div class=\"wp-block-button aligncenter\"><a class=\"wp-block-button__link has-text-color has-background wp-element-button\" href=\"https:\/\/moirai.si\/hr\/kategorija-proizvoda\/kupnja-kamenjem\/oko-sokolovo\/\" style=\"color:#2d2c2c;background-color:#ddc942\" target=\"_blank\" rel=\"noreferrer noopener\">Trgovina Sokolovo oko<\/a><\/div>\n\n\n<div class=\"wp-block-image is-resized\">\n<figure class=\"alignleft\"><a href=\"https:\/\/moirai.si\/hr\/cakra\/\"><img loading=\"lazy\" decoding=\"async\" width=\"500\" height=\"500\" src=\"https:\/\/moirai.si\/wp-content\/uploads\/2019\/09\/\u010dakra.jpg\" alt=\"\" class=\"wp-image-14534\" style=\"width:125px\" srcset=\"https:\/\/moirai.si\/wp-content\/uploads\/2019\/09\/\u010dakra.jpg 500w, https:\/\/moirai.si\/wp-content\/uploads\/2019\/09\/\u010dakra-100x100.jpg 100w\" sizes=\"auto, (max-width: 500px) 100vw, 500px\" \/><\/a><\/figure>\n<\/div>\n\n\n<p><a href=\"https:\/\/moirai.si\/hr\/cakra\/\">\u010cakra<\/a><\/p>\n\n\n\n<p class=\"has-small-font-size\">**Navedena ljekovita i metafizi\u010dka svojstva kamenja prikupljena su iz razli\u010ditih izvora. Informacije su dostupne samo kao usluga, a ne za lije\u010denje bolesti. Moirai ne jam\u010di potpunu valjanost gore navedenog.<\/p>\n\n\n\n<h3 class=\"wp-block-heading\"><span style=\"color: #800080;\"><strong>Karakteristike minerala<\/strong><\/span><\/h3>\n\n\n\n<figure class=\"wp-block-table\"><table><tbody><tr><td>Kemijski sastav<\/td><td>SiO<sub>2<\/sub><\/td><\/tr><tr><td>Boja<\/td><td>plavo-siva, zeleno-plava, plavo-sme\u0111a<\/td><\/tr><tr><td>Tvrdo\u0107a (Mohs)<\/td><td>7<\/td><\/tr><tr><td>Gusto\u0107a<\/td><td>2.64-2.71<\/td><\/tr><tr><td>Indeks loma<\/td><td>1.534-1.540<\/td><\/tr><tr><td>Kristalni sistem<\/td><td>Trigonalni<\/td><\/tr><\/tbody><\/table><\/figure>\n\n\n\n<h3 class=\"wp-block-heading\"><span style=\"color: #800080;\"><strong>Izvor minerala<\/strong><\/span><\/h3>\n\n\n<div class=\"wp-block-image is-resized\">\n<figure class=\"alignleft size-large\"><img loading=\"lazy\" decoding=\"async\" width=\"189\" height=\"104\" src=\"https:\/\/moirai.si\/wp-content\/uploads\/2020\/01\/svet.jpg\" alt=\"\" class=\"wp-image-15658\" style=\"width:125px\"\/><\/figure>\n<\/div>\n\n\n<ul class=\"wp-block-list\">\n<li>Australija, Brazil, Kanada, Kina, Indija, Koreja, Burma, Namibija, Ju\u017ena Afrika, \u0160panjolska, Tajland...<\/li>\n<\/ul>\n\n\n\n<h3 class=\"wp-block-heading\"><span style=\"color: #800080;\"><strong>Briga<\/strong><\/span><\/h3>\n\n\n\n<ul class=\"wp-block-list\">\n<li>Sokolovo oko mo\u017ee biti vrlo osjetljivo na jak pritisak, visoke temperature i jake ku\u0107ne kemikalije i sredstva za \u010di\u0161\u0107enje. Izbjegavajte izlaganje Sokolovog oka izbjeljiva\u010du ili sumpornoj kiselini. O\u010distite sokolovo oko toplom vodom i sapunicom. Obri\u0161ite kamen mekom krpom i uvjerite se da je dobro ispran kako biste uklonili ostatke sapuna.<\/li>\n\n\n\n<li>Kameni nakit je najbolje pohraniti u kutiju prekrivenu krpom ili zamotati u krpu odvojenu od ostalih, sprje\u010davaju\u0107i samo o\u0161te\u0107enja i mogu\u0107e ogrebotine. Preporu\u010dljivo je ne nositi nakit tijekom velikih fizi\u010dkih aktivnosti kao \u0161to su vje\u017ebanje ili sport. Izbjegavajte prskanje parfema na va\u0161 nakit i kamenje.<\/li>\n<\/ul>\n\n\n\n<div class=\"wp-block-button aligncenter\"><a class=\"wp-block-button__link has-text-color has-background wp-element-button\" href=\"https:\/\/moirai.si\/hr\/kategorija-proizvoda\/kupnja-kamenjem\/oko-sokolovo\/\" style=\"color:#2d2c2c;background-color:#ddc942\" target=\"_blank\" rel=\"noreferrer noopener\">Trgovina Sokolovo oko<\/a><\/div>\n\n\n\n<p class=\"has-text-align-center\">Za <strong><span style=\"color: #800080;\">10<\/span>%<\/strong> popusta koristite kod: <span style=\"color: #800080;\"><strong>moirai26 <\/strong><\/span>(koda je veljavna do 31.12.2026)!<\/p>\n\n\n\n<h3 class=\"wp-block-heading\"><span style=\"color: #800080;\"><strong>Horoskop<\/strong><\/span><\/h3>\n\n\n<div class=\"wp-block-image\">\n<figure class=\"alignleft size-large\"><img loading=\"lazy\" decoding=\"async\" width=\"116\" height=\"111\" src=\"https:\/\/moirai.si\/wp-content\/uploads\/2020\/01\/horoskop.jpg\" alt=\"\" class=\"wp-image-15659\"\/><\/figure>\n<\/div>\n\n\n<ul class=\"wp-block-list\">\n<li>Strijelac, Jarac, Vodenjak, Rak<\/li>\n<\/ul>","protected":false},"excerpt":{"rendered":"<p>Zgodovina&nbsp;&nbsp;&nbsp;&nbsp;&nbsp;&nbsp;&nbsp;&nbsp;&nbsp;&nbsp;&nbsp;&nbsp;&nbsp;&nbsp;&nbsp;&nbsp;&nbsp;&nbsp;&nbsp;&nbsp;&nbsp;&nbsp;&nbsp;&nbsp;&nbsp;&nbsp;&nbsp;&nbsp;&nbsp;&nbsp;&nbsp;&nbsp;&nbsp;&nbsp;&nbsp;&nbsp;&nbsp;&nbsp;&nbsp;&nbsp;&nbsp;&nbsp;&nbsp;&nbsp;&nbsp;&nbsp;&nbsp;&nbsp;&nbsp;&nbsp;&nbsp;&nbsp;&nbsp;&nbsp;&nbsp;&nbsp;&nbsp;&nbsp;&nbsp;&nbsp;&nbsp;&nbsp;&nbsp;&nbsp;&nbsp;&nbsp; Zdravilno * Metafizi\u010dne lastnosti \u010cakra ** Navedene zdravilne in metafizi\u010dne lastnosti kamnov so zbrane iz ve\u010d razli\u010dnih virov. Informacije so na voljo le kot storitev in ne za zdravljenje bolezni. Moirai ne jam\u010di popolne veljavnosti navedenega. Zna\u010dilnosti minerala Kemijska sestava SiO2 Barva modro-siva, zeleno-modra, modro-rjava Trdota (Mohs) 7 Gostota 2.64-2.71 Lomni koli\u010dnik 1.534-1.540 Kristalni [&hellip;]<\/p>\n","protected":false},"author":1,"featured_media":0,"parent":0,"menu_order":0,"comment_status":"closed","ping_status":"closed","template":"template-products-page.php","meta":{"footnotes":""},"class_list":["post-9350","page","type-page","status-publish","hentry"],"_links":{"self":[{"href":"https:\/\/moirai.si\/hr\/wp-json\/wp\/v2\/pages\/9350","targetHints":{"allow":["GET"]}}],"collection":[{"href":"https:\/\/moirai.si\/hr\/wp-json\/wp\/v2\/pages"}],"about":[{"href":"https:\/\/moirai.si\/hr\/wp-json\/wp\/v2\/types\/page"}],"author":[{"embeddable":true,"href":"https:\/\/moirai.si\/hr\/wp-json\/wp\/v2\/users\/1"}],"replies":[{"embeddable":true,"href":"https:\/\/moirai.si\/hr\/wp-json\/wp\/v2\/comments?post=9350"}],"version-history":[{"count":13,"href":"https:\/\/moirai.si\/hr\/wp-json\/wp\/v2\/pages\/9350\/revisions"}],"predecessor-version":[{"id":27242,"href":"https:\/\/moirai.si\/hr\/wp-json\/wp\/v2\/pages\/9350\/revisions\/27242"}],"wp:attachment":[{"href":"https:\/\/moirai.si\/hr\/wp-json\/wp\/v2\/media?parent=9350"}],"curies":[{"name":"wp","href":"https:\/\/api.w.org\/{rel}","templated":true}]}}