{"id":9556,"date":"2018-01-13T14:17:36","date_gmt":"2018-01-13T14:17:36","guid":{"rendered":"https:\/\/moirai.si\/?page_id=9556"},"modified":"2026-01-02T14:50:48","modified_gmt":"2026-01-02T14:50:48","slug":"dorje-vajra","status":"publish","type":"page","link":"https:\/\/moirai.si\/hr\/dorje-vajra\/","title":{"rendered":"Dorje Vajra"},"content":{"rendered":"<div class=\"wp-block-image is-resized\">\n<figure class=\"alignright size-thumbnail\"><img decoding=\"async\" src=\"https:\/\/moirai.si\/wp-content\/uploads\/2020\/01\/IMG_1973m-500x500.jpg\" alt=\"\" class=\"wp-image-15610\" style=\"object-fit:cover;width:125px;height:125px\"\/><\/figure>\n<\/div>\n\n\n<ul class=\"wp-block-list\">\n<li>Dorje se na sanskrtu naziva &quot;Vajra&quot;. Simbol Vajra do\u0161ao je iz hinduizma u tibetanski budizam. Vajra zna\u010di &quot;dijamant&quot; i neuni\u0161tiva je. Ona je poput dijamanta koji se ne mo\u017ee uni\u0161titi, ali mo\u017ee uni\u0161titi sve oko sebe. Vajra predstavlja duhovnu snagu i snagu duha. Upotreba Vajre kao simboli\u010dkog i ritualnog alata pro\u0161irila se iz Indije zajedno s indijskom religijom i kulturom u druge dijelove Azije i svijeta. Vajra simbol je ritualni predmet. Budisti u Tibetu koriste Vajru za udaranje u zvono. Tibetanska Vajra predstavlja \u010dvrstinu i snagu duha. Poznato je da je Vajra uni\u0161titelj zla. U Nepalu se Vajre postavljaju oko ku\u0107e kako bi donijele sre\u0107u i otjerale zlo. Vajre, koje su napravljene od kamene munje, pro\u010di\u0161\u0107avaju energiju oko sebe. Oni mogu pomo\u0107i ljudima da postignu vi\u0161e intuitivno razmi\u0161ljanje i primaju intuitivne informacije.<\/li>\n<\/ul>\n\n\n\n<div class=\"wp-block-button aligncenter\"><a class=\"wp-block-button__link has-text-color has-background wp-element-button\" href=\"https:\/\/moirai.si\/hr\/proizvod\/dorje-vajra\/\" style=\"color:#2d2c2c;background-color:#ddc942\" target=\"_blank\" rel=\"noreferrer noopener\">Kupi Dorje Vajre<\/a><\/div>\n\n\n\n<p class=\"has-text-align-center\">Za <strong><span style=\"color: #800080;\">10<\/span>%<\/strong> popusta koristite kod: <span style=\"color: #800080;\"><strong>moirai26<\/strong><\/span> (koda je veljavna do 31.12.2026)!<\/p>\n\n\n\n<h3 class=\"wp-block-heading\"><span style=\"color: #800080;\">Vajra se sastoji od nekoliko dijelova:<\/span><\/h3>\n\n\n\n<ul class=\"wp-block-list\">\n<li><strong><span style=\"color: #800080;\">sfera (krug)<\/span> &#8211; <\/strong>predstavlja Sunyatu (izvornu prirodu svemira) koja je osnovno jedinstvo svih stvari<\/li>\n\n\n\n<li><strong><span style=\"color: #800080;\">dva lotosova cvijeta \u2013<\/span><\/strong> jedan cvijet predstavlja samsaru, a drugi nirvanu. Lotos predstavlja prosvjetljenje.<\/li>\n\n\n\n<li><strong><span style=\"color: #800080;\">\u0161esnaest listova<\/span><\/strong> \u2013 predstavlja \u0161esnaest na\u010dina praznine<\/li>\n\n\n\n<li><strong><span style=\"color: #800080;\">tri prstena<\/span><\/strong> \u2013 predstavljaju prazninu i \u017eivot bez napora, ili tri Buddhina bla\u017eenstva. Prstenovi ili obru\u010di predstavljaju \u0161est savr\u0161enstava: strpljenje, velikodu\u0161nost, disciplinu, trud, meditaciju i mudrost.<\/li>\n\n\n\n<li><strong><span style=\"color: #800080;\">pet listova \u2013 <\/span><\/strong>\u010detiri se savijaju prema sredi\u0161njem i \u010dine zatvoreni kavez ili pand\u017ee. Ovi listovi predstavljaju: formu, osje\u0107aj, percepciju i motivaciju sa sredi\u0161njim koji ozna\u010dava svijest. Ovih pet listova tako\u0111er predstavljaju pet otrova i mudrosti: po\u017eudu, ljutnju, sljepo\u0107u, pohlepu i ponos.<\/li>\n<\/ul>\n\n\n\n<p class=\"has-small-font-size\">** Navedena ljekovita i metafizi\u010dka svojstva kamenja prikupljena su iz razli\u010ditih izvora. Informacije su dostupne samo kao usluga, a ne za lije\u010denje bolesti. Moirai ne jam\u010di potpunu valjanost gore navedenog.<\/p>","protected":false},"excerpt":{"rendered":"<p>Za 10% popust pri spletnem nakupu uporabite kodo: moirai26 (koda je veljavna do 31.12.2026)! Vajra je sestavljena iz ve\u010d delov: ** Navedene zdravilne in metafizi\u010dne lastnosti kamnov so zbrane iz ve\u010d razli\u010dnih virov. Informacije so na voljo le kot storitev in ne za zdravljenje bolezni. Moirai.si ne jam\u010di popolne veljavnosti navedenega.<\/p>","protected":false},"author":1,"featured_media":0,"parent":0,"menu_order":0,"comment_status":"closed","ping_status":"closed","template":"template-products-page.php","meta":{"footnotes":""},"class_list":["post-9556","page","type-page","status-publish","hentry"],"_links":{"self":[{"href":"https:\/\/moirai.si\/hr\/wp-json\/wp\/v2\/pages\/9556","targetHints":{"allow":["GET"]}}],"collection":[{"href":"https:\/\/moirai.si\/hr\/wp-json\/wp\/v2\/pages"}],"about":[{"href":"https:\/\/moirai.si\/hr\/wp-json\/wp\/v2\/types\/page"}],"author":[{"embeddable":true,"href":"https:\/\/moirai.si\/hr\/wp-json\/wp\/v2\/users\/1"}],"replies":[{"embeddable":true,"href":"https:\/\/moirai.si\/hr\/wp-json\/wp\/v2\/comments?post=9556"}],"version-history":[{"count":11,"href":"https:\/\/moirai.si\/hr\/wp-json\/wp\/v2\/pages\/9556\/revisions"}],"predecessor-version":[{"id":27255,"href":"https:\/\/moirai.si\/hr\/wp-json\/wp\/v2\/pages\/9556\/revisions\/27255"}],"wp:attachment":[{"href":"https:\/\/moirai.si\/hr\/wp-json\/wp\/v2\/media?parent=9556"}],"curies":[{"name":"wp","href":"https:\/\/api.w.org\/{rel}","templated":true}]}}