{"id":9563,"date":"2018-01-13T14:23:53","date_gmt":"2018-01-13T14:23:53","guid":{"rendered":"https:\/\/moirai.si\/?page_id=9563"},"modified":"2026-01-02T14:24:12","modified_gmt":"2026-01-02T14:24:12","slug":"uhvatiti","status":"publish","type":"page","link":"https:\/\/moirai.si\/hr\/prehnit\/","title":{"rendered":"Prehnit"},"content":{"rendered":"<div class=\"wp-block-button aligncenter\"><a class=\"wp-block-button__link has-text-color has-background wp-element-button\" href=\"https:\/\/moirai.si\/hr\/kategorija-proizvoda\/kupnja-kamenjem\/uhvatiti\/\" style=\"color:#2d2c2c;background-color:#ddc942\" target=\"_blank\" rel=\"noreferrer noopener\">Trgovina Prehnit<\/a><\/div>\n\n\n\n<h3 class=\"wp-block-heading\"><span style=\"color: #800080;\"><strong>Povjest<\/strong><\/span><\/h3>\n\n\n<div class=\"wp-block-image is-resized\">\n<figure class=\"alignright size-thumbnail\"><img decoding=\"async\" src=\"https:\/\/moirai.si\/wp-content\/uploads\/2020\/02\/prehnit-500x500.jpg\" alt=\"\" class=\"wp-image-15776\" style=\"width:125px\"\/><\/figure>\n<\/div>\n\n\n<ul class=\"wp-block-list\">\n<li>Prehnit je proziran do proziran hidratizirani kalcijev i aluminijev silikat. Prvi put je otkriven 1788. godine u doleritima Karoo u Cradocku (Ju\u017ena Afrika). Kasnije je dobio ime po pukovniku Hendriku von Prehnu (1733-1785), nizozemskom mineralogu i ranom guverneru Kolonije dobre nade, koji ga je prvi otkrio. Sve do nedavno, prehnite je bio rijedak kolekcionarski kamen. Zbog novih depozita postao je puno popularniji i pristupa\u010dniji. U Kini se prehnit naziva i \"gro\u017e\u0111ani \u017ead\" zbog svojih tipi\u010dnih formacija koje \u010desto podsje\u0107aju na gro\u017e\u0111e.<\/li>\n\n\n\n<li>Boja mu je obi\u010dno nje\u017eno zelena jabuke. Prehnit mo\u017ee biti i \u017eutozelen, \u017eutosme\u0111i, siv, bijeli, proziran, \u017eut, naran\u010dast ili plav. Rje\u0111i naran\u010dasti prehnit otkriven je u Ju\u017enoj Africi. Prehnit se nalazi u \u017eilama i \u0161upljinama vulkanskih stijena. Tipi\u010dan je proizvod niskog metamorfizma. Tijekom zagrijavanja kristali Prehnita mogu ispu\u0161tati vodu. Polirani Prehnit ima stakleni biserni sjaj. Mo\u017ee se zamijeniti apatitom, \u017eadom ili serpentinom.<\/li>\n<\/ul>\n\n\n\n<h3 class=\"wp-block-heading\"><span style=\"color: #800080;\"><strong>Ljekovita * Metafizi\u010dka svojstva<\/strong><\/span><\/h3>\n\n\n\n<ul class=\"wp-block-list\">\n<li>anemija, astralna projekcija, duhovnost, energija, intuicija, klaustrofobija, komunikacija, bubrezi, ljubav, meditacija, oprost, prihva\u0107anje, srce, tolerancija, timus, vizualizacija, volja, za\u0161tita...<\/li>\n<\/ul>\n\n\n\n<div class=\"wp-block-button aligncenter\"><a class=\"wp-block-button__link has-text-color has-background wp-element-button\" href=\"https:\/\/moirai.si\/hr\/kategorija-proizvoda\/kupnja-kamenjem\/uhvatiti\/\" style=\"color:#2d2c2c;background-color:#ddc942\" target=\"_blank\" rel=\"noreferrer noopener\">Trgovina Prehnit<\/a><\/div>\n\n\n<div class=\"wp-block-image is-resized\">\n<figure class=\"alignleft\"><a href=\"https:\/\/moirai.si\/hr\/cakra\/\"><img loading=\"lazy\" decoding=\"async\" width=\"500\" height=\"500\" src=\"https:\/\/moirai.si\/wp-content\/uploads\/2019\/09\/\u010dakra.jpg\" alt=\"\" class=\"wp-image-14534\" style=\"width:125px\" srcset=\"https:\/\/moirai.si\/wp-content\/uploads\/2019\/09\/\u010dakra.jpg 500w, https:\/\/moirai.si\/wp-content\/uploads\/2019\/09\/\u010dakra-100x100.jpg 100w\" sizes=\"auto, (max-width: 500px) 100vw, 500px\" \/><\/a><\/figure>\n<\/div>\n\n\n<p><a href=\"https:\/\/moirai.si\/hr\/cakra\/\">\u010cakra<\/a><\/p>\n\n\n\n<p class=\"has-small-font-size\">** Navedena ljekovita i metafizi\u010dka svojstva kamenja prikupljena su iz razli\u010ditih izvora. Informacije su dostupne samo kao usluga, a ne za lije\u010denje bolesti. Moirai ne jam\u010di potpunu valjanost gore navedenog.<\/p>\n\n\n\n<h3 class=\"wp-block-heading\"><span style=\"color: #800080;\"><strong>Karakteristike minerala<\/strong><\/span><\/h3>\n\n\n\n<figure class=\"wp-block-table\"><table><tbody><tr><td>Kemijski sastav<\/td><td>cca<sub>2<\/sub>Al(AlSi<sub>3<\/sub>O<sub>10<\/sub>)(OH)<sub>2<\/sub><\/td><\/tr><tr><td>Boja<\/td><td>Zelena, \u017euto-zelena, \u017euto-sme\u0111a, siva, bijela, prozirna, \u017euta, naran\u010dasta ili plava<\/td><\/tr><tr><td>Tvrdo\u0107a (Mohs)<\/td><td>6-6.5<\/td><\/tr><tr><td>Gusto\u0107a<\/td><td>2.80-2.95<\/td><\/tr><tr><td>Indeks loma<\/td><td>1.611-1.665<\/td><\/tr><tr><td>Kristalni sistem<\/td><td>Rombi\u010dni<\/td><\/tr><\/tbody><\/table><\/figure>\n\n\n\n<h3 class=\"wp-block-heading\"><span style=\"color: #800080;\"><strong>Izvor minerala<\/strong><\/span><\/h3>\n\n\n<div class=\"wp-block-image is-resized\">\n<figure class=\"alignleft size-large\"><img loading=\"lazy\" decoding=\"async\" width=\"189\" height=\"104\" src=\"https:\/\/moirai.si\/wp-content\/uploads\/2020\/01\/svet.jpg\" alt=\"\" class=\"wp-image-15658\" style=\"width:125px\"\/><\/figure>\n<\/div>\n\n\n<ul class=\"wp-block-list\">\n<li>Namibija, Ju\u017ena Afrika, Australija, Kanada, Kina, Njema\u010dka, \u0160kotska, Francuska<strong>, <\/strong>SAD\u2026<\/li>\n<\/ul>\n\n\n\n<h3 class=\"wp-block-heading\"><span style=\"color: #800080;\"><strong>Briga<\/strong><\/span><\/h3>\n\n\n\n<ul class=\"wp-block-list\">\n<li>Prehnit je prili\u010dno tvrd kamen, ali je mek\u0161i od drugog kamenja. Mo\u017eete ga o\u010distiti toplom vodom i sapunicom i mekom \u010detkom. Ne koristite jake kemikalije prilikom \u010di\u0161\u0107enja. Ekstremna vru\u0107ina mo\u017ee uzrokovati trajno o\u0161te\u0107enje Prehnita.<\/li>\n\n\n\n<li>Kameni nakit je najbolje pohraniti u kutiju prekrivenu krpom ili zamotati u krpu odvojenu od ostalih, sprje\u010davaju\u0107i samo o\u0161te\u0107enja i mogu\u0107e ogrebotine. Preporu\u010dljivo je ne nositi nakit tijekom velikih fizi\u010dkih aktivnosti kao \u0161to su vje\u017ebanje ili sport. Izbjegavajte prskanje parfema na va\u0161 nakit i kamenje.<\/li>\n<\/ul>\n\n\n\n<div class=\"wp-block-button aligncenter\"><a class=\"wp-block-button__link has-text-color has-background wp-element-button\" href=\"https:\/\/moirai.si\/hr\/kategorija-proizvoda\/kupnja-kamenjem\/uhvatiti\/\" style=\"color:#2d2c2c;background-color:#ddc942\" target=\"_blank\" rel=\"noreferrer noopener\">Trgovina Prehnit<\/a><\/div>\n\n\n\n<p class=\"has-text-align-center\">Za <strong><span style=\"color: #800080;\">10<\/span>%<\/strong> popusta koristite kod: <span style=\"color: #800080;\"><strong>moirai26 <\/strong><\/span>(koda je veljavna do 31.12.2026)!<\/p>\n\n\n\n<h3 class=\"wp-block-heading\"><span style=\"color: #800080;\"><strong>Horoskop<\/strong><\/span><\/h3>\n\n\n<div class=\"wp-block-image\">\n<figure class=\"alignleft size-large\"><img loading=\"lazy\" decoding=\"async\" width=\"116\" height=\"111\" src=\"https:\/\/moirai.si\/wp-content\/uploads\/2020\/01\/horoskop.jpg\" alt=\"\" class=\"wp-image-15659\"\/><\/figure>\n<\/div>\n\n\n<ul class=\"wp-block-list\">\n<li>Vaga, Blizanci<\/li>\n<\/ul>","protected":false},"excerpt":{"rendered":"<p>Zgodovina Zdravilno * Metafizi\u010dne lastnosti \u010cakra ** Navedene zdravilne in metafizi\u010dne lastnosti kamnov so zbrane iz ve\u010d razli\u010dnih virov. Informacije so na voljo le kot storitev in ne za zdravljenje bolezni. Moirai.si ne jam\u010di popolne veljavnosti navedenega. Zna\u010dilnosti minerala Kemijska sestava Ca2Al(AlSi3O10)(OH)2 Barva Zelena, rumeno-zelena, rumeno-rjava, siva, bela, prosojna, rumena, oran\u017ena ali modra Trdota (Mohs) [&hellip;]<\/p>\n","protected":false},"author":1,"featured_media":0,"parent":0,"menu_order":0,"comment_status":"closed","ping_status":"closed","template":"template-products-page.php","meta":{"footnotes":""},"class_list":["post-9563","page","type-page","status-publish","hentry"],"_links":{"self":[{"href":"https:\/\/moirai.si\/hr\/wp-json\/wp\/v2\/pages\/9563","targetHints":{"allow":["GET"]}}],"collection":[{"href":"https:\/\/moirai.si\/hr\/wp-json\/wp\/v2\/pages"}],"about":[{"href":"https:\/\/moirai.si\/hr\/wp-json\/wp\/v2\/types\/page"}],"author":[{"embeddable":true,"href":"https:\/\/moirai.si\/hr\/wp-json\/wp\/v2\/users\/1"}],"replies":[{"embeddable":true,"href":"https:\/\/moirai.si\/hr\/wp-json\/wp\/v2\/comments?post=9563"}],"version-history":[{"count":11,"href":"https:\/\/moirai.si\/hr\/wp-json\/wp\/v2\/pages\/9563\/revisions"}],"predecessor-version":[{"id":27231,"href":"https:\/\/moirai.si\/hr\/wp-json\/wp\/v2\/pages\/9563\/revisions\/27231"}],"wp:attachment":[{"href":"https:\/\/moirai.si\/hr\/wp-json\/wp\/v2\/media?parent=9563"}],"curies":[{"name":"wp","href":"https:\/\/api.w.org\/{rel}","templated":true}]}}