{"id":10017,"date":"2018-07-11T13:03:31","date_gmt":"2018-07-11T13:03:31","guid":{"rendered":"https:\/\/moirai.si\/?post_type=product&#038;p=10017"},"modified":"2025-01-09T13:17:09","modified_gmt":"2025-01-09T13:17:09","slug":"jajasti-serpentin-s","status":"publish","type":"product","link":"https:\/\/moirai.si\/hr\/izdelek\/jajce-serpentin-s\/","title":{"rendered":"Jaje Serpentin S"},"content":{"rendered":"<p>Prekrasan komad ru\u010dno bru\u0161enog zmijolikog jajeta, pogodan kao ljekoviti ru\u010dni kamen ili kao poklon. Slika je simboli\u010dna. Mogu\u0107a su manja odstupanja u boji, te\u017eini i obliku.<\/p>\n<p>Vi\u0161e informacija: <a href=\"https:\/\/moirai.si\/hr\/serpentina\/\" target=\"_blank\" rel=\"noopener noreferrer\">Serpentina<\/a><\/p>\n<p>MATERIJAL: Serpentin<br \/>\nDIMENZIJE: 2,5-3 cm<br \/>\nTE\u017dINA: cca 30 g<\/p>","protected":false},"excerpt":{"rendered":"<p>\u010cudovit kos ro\u010dno spoliranega jaj\u010dka iz Serpentina, primeren kot zdravilni ro\u010dni kamen ali kot darilo. Slika je simboli\u010dna. Mo\u017ena so manj\u0161a odstopanja v barvi, te\u017ei in obliki. Ve\u010d informacij: Serpentin MATERIAL: Serpentin DIMENZIJE: 2.5-3 cm TE\u017dA: cca 30 g<\/p>","protected":false},"featured_media":25786,"template":"","meta":[],"product_brand":[],"product_cat":[752,745],"product_tag":[905],"class_list":{"0":"post-10017","1":"product","2":"type-product","3":"status-publish","4":"has-post-thumbnail","6":"product_cat-jajcka","7":"product_cat-serpentin","8":"product_tag-yoni-jajcka-serpentin","10":"first","11":"instock","12":"purchasable","13":"product-type-simple"},"_links":{"self":[{"href":"https:\/\/moirai.si\/hr\/wp-json\/wp\/v2\/product\/10017","targetHints":{"allow":["GET"]}}],"collection":[{"href":"https:\/\/moirai.si\/hr\/wp-json\/wp\/v2\/product"}],"about":[{"href":"https:\/\/moirai.si\/hr\/wp-json\/wp\/v2\/types\/product"}],"wp:featuredmedia":[{"embeddable":true,"href":"https:\/\/moirai.si\/hr\/wp-json\/wp\/v2\/media\/25786"}],"wp:attachment":[{"href":"https:\/\/moirai.si\/hr\/wp-json\/wp\/v2\/media?parent=10017"}],"wp:term":[{"taxonomy":"product_brand","embeddable":true,"href":"https:\/\/moirai.si\/hr\/wp-json\/wp\/v2\/product_brand?post=10017"},{"taxonomy":"product_cat","embeddable":true,"href":"https:\/\/moirai.si\/hr\/wp-json\/wp\/v2\/product_cat?post=10017"},{"taxonomy":"product_tag","embeddable":true,"href":"https:\/\/moirai.si\/hr\/wp-json\/wp\/v2\/product_tag?post=10017"}],"curies":[{"name":"wp","href":"https:\/\/api.w.org\/{rel}","templated":true}]}}