{"id":10031,"date":"2018-07-11T14:02:30","date_gmt":"2018-07-11T14:02:30","guid":{"rendered":"https:\/\/moirai.si\/?post_type=product&#038;p=10031"},"modified":"2025-01-09T13:22:15","modified_gmt":"2025-01-09T13:22:15","slug":"sodalitno-jaje-sa","status":"publish","type":"product","link":"https:\/\/moirai.si\/hr\/izdelek\/jajce-sodalit-s\/","title":{"rendered":"Jaje Sodalit S"},"content":{"rendered":"<p>Prekrasan komad ru\u010dno poliranog sodalitnog jajeta, pogodan kao ljekoviti kamen za ruke ili kao poklon. Slika je simboli\u010dna. Mogu\u0107a su manja odstupanja u boji, te\u017eini i obliku.<\/p>\n<p>MATERIJAL: Sodalit<br \/>\nDIMENZIJE: 2,5-3 cm<br \/>\nTE\u017dINA: cca 30 g<\/p>","protected":false},"excerpt":{"rendered":"<p>\u010cudovit kos ro\u010dno spoliranega jaj\u010dka iz Sodalita, primeren kot zdravilni ro\u010dni kamen ali kot darilo. Slika je simboli\u010dna. Mo\u017ena so manj\u0161a odstopanja v barvi, te\u017ei in obliki. MATERIAL: Sodalit DIMENZIJE: 2.5-3 cm TE\u017dA: cca 30 g<\/p>","protected":false},"featured_media":25788,"template":"","meta":[],"product_brand":[],"product_cat":[752,77],"product_tag":[899],"class_list":{"0":"post-10031","1":"product","2":"type-product","3":"status-publish","4":"has-post-thumbnail","6":"product_cat-jajcka","7":"product_cat-sodalit","8":"product_tag-yoni-jajcka-sodalit","10":"first","11":"instock","12":"purchasable","13":"product-type-simple"},"_links":{"self":[{"href":"https:\/\/moirai.si\/hr\/wp-json\/wp\/v2\/product\/10031","targetHints":{"allow":["GET"]}}],"collection":[{"href":"https:\/\/moirai.si\/hr\/wp-json\/wp\/v2\/product"}],"about":[{"href":"https:\/\/moirai.si\/hr\/wp-json\/wp\/v2\/types\/product"}],"wp:featuredmedia":[{"embeddable":true,"href":"https:\/\/moirai.si\/hr\/wp-json\/wp\/v2\/media\/25788"}],"wp:attachment":[{"href":"https:\/\/moirai.si\/hr\/wp-json\/wp\/v2\/media?parent=10031"}],"wp:term":[{"taxonomy":"product_brand","embeddable":true,"href":"https:\/\/moirai.si\/hr\/wp-json\/wp\/v2\/product_brand?post=10031"},{"taxonomy":"product_cat","embeddable":true,"href":"https:\/\/moirai.si\/hr\/wp-json\/wp\/v2\/product_cat?post=10031"},{"taxonomy":"product_tag","embeddable":true,"href":"https:\/\/moirai.si\/hr\/wp-json\/wp\/v2\/product_tag?post=10031"}],"curies":[{"name":"wp","href":"https:\/\/api.w.org\/{rel}","templated":true}]}}