{"id":10054,"date":"2018-07-13T15:01:01","date_gmt":"2018-07-13T15:01:01","guid":{"rendered":"https:\/\/moirai.si\/?post_type=product&#038;p=10054"},"modified":"2025-01-13T15:29:07","modified_gmt":"2025-01-13T15:29:07","slug":"klasicna-koraljna-lava","status":"publish","type":"product","link":"https:\/\/moirai.si\/hr\/izdelek\/clasic-korala-lava\/","title":{"rendered":"Clasic Koralj Lava"},"content":{"rendered":"<p>Elegantna narukvica iz kolekcije Clasic, koja je izra\u0111ena od crvenog gljivastog koralja, crne lave i hematita, nanizana na mekanu, ali jaku \u010deli\u010dnu \u017eicu i zavr\u0161ena srebrnim elementima. <\/p>\n<p>MATERIJAL: gljivasti koralj, lava, hematit, 925 srebro<br \/>\nDU\u017dINA: podesiva 20,5-24 cm<br \/>\nTE\u017dINA: 27,6 g<br \/>\nVELI\u010cINA KAMENA: 4-12mm<br \/>\nKop\u010da: 10 mm<\/p>","protected":false},"excerpt":{"rendered":"<p>Elegantna zapestnica kolekcije Clasic, ki je narejena iz rde\u010de Gobaste Korale, \u010drne Lave in Hematita, nizana na mehko, vendar mo\u010dno jekleno \u017eico in zaklju\u010dena s srebrnimi elementi. MATERIAL: Gobasta Korala, Lava, Hematit, srebro 925 DOL\u017dINA: prilagodljiva 20,5-24 cm TE\u017dA: 27.6 g VELIKOST KAMNOV: 4-12mm ZAPONKA: 10mm<\/p>","protected":false},"featured_media":24106,"template":"","meta":[],"product_brand":[],"product_cat":[208,52,42,750,823,1137],"product_tag":[222,202,239,371],"class_list":{"0":"post-10054","1":"product","2":"type-product","3":"status-publish","4":"has-post-thumbnail","6":"product_cat-clasic","7":"product_cat-gobasta-korala","8":"product_cat-hematit","9":"product_cat-lava","10":"product_cat-od-20cm","11":"product_cat-ogled-vseh-zapestnice-2","12":"product_tag-gobasta-korala","13":"product_tag-hematit","14":"product_tag-lava","15":"product_tag-srebro-925","17":"first","18":"instock","19":"purchasable","20":"product-type-simple"},"_links":{"self":[{"href":"https:\/\/moirai.si\/hr\/wp-json\/wp\/v2\/product\/10054","targetHints":{"allow":["GET"]}}],"collection":[{"href":"https:\/\/moirai.si\/hr\/wp-json\/wp\/v2\/product"}],"about":[{"href":"https:\/\/moirai.si\/hr\/wp-json\/wp\/v2\/types\/product"}],"wp:featuredmedia":[{"embeddable":true,"href":"https:\/\/moirai.si\/hr\/wp-json\/wp\/v2\/media\/24106"}],"wp:attachment":[{"href":"https:\/\/moirai.si\/hr\/wp-json\/wp\/v2\/media?parent=10054"}],"wp:term":[{"taxonomy":"product_brand","embeddable":true,"href":"https:\/\/moirai.si\/hr\/wp-json\/wp\/v2\/product_brand?post=10054"},{"taxonomy":"product_cat","embeddable":true,"href":"https:\/\/moirai.si\/hr\/wp-json\/wp\/v2\/product_cat?post=10054"},{"taxonomy":"product_tag","embeddable":true,"href":"https:\/\/moirai.si\/hr\/wp-json\/wp\/v2\/product_tag?post=10054"}],"curies":[{"name":"wp","href":"https:\/\/api.w.org\/{rel}","templated":true}]}}