{"id":10133,"date":"2018-07-14T10:13:51","date_gmt":"2018-07-14T10:13:51","guid":{"rendered":"https:\/\/moirai.si\/?post_type=product&#038;p=10133"},"modified":"2026-03-29T15:48:30","modified_gmt":"2026-03-29T15:48:30","slug":"macrame-macje-oko-3","status":"publish","type":"product","link":"https:\/\/moirai.si\/hr\/izdelek\/macrame-macje-oko-3\/","title":{"rendered":"Macrame Crveno Tigrovo Oko"},"content":{"rendered":"<p>Narukvica Macrame crveno Tigrovo oko. Slika je simboli\u010dna. Mogu\u0107e su manje varijacije u obliki, boji i te\u017eini. <\/p>\n<p>Vi\u0161e informacija: <a href=\"https:\/\/moirai.si\/hr\/macje-oko\/\" target=\"_blank\" rel=\"noopener noreferrer\">crveno Tigrovo oko<\/a><\/p>\n<p>MATERIAL: Ma\u010dje Oko (crveno Tigrovo Oko)<br \/>\nDU\u017dINA: podesiva od 16-25 cm<br \/>\nTE\u017dA: 13 g<br \/>\nVELI\u010cINA KAMENA: 6-8 mm<\/p>","protected":false},"excerpt":{"rendered":"<p>Unisex zapestnica kolekcije Macrame, ki je narejena iz Ma\u010djega O\u010desa (Rde\u010de Tigrovo Oko). Zapestnica je prilagodljiva in enostavna za no\u0161enje. Ve\u010d informacij: Ma\u010dje Oko MATERIAL: Ma\u010dje Oko (Rde\u010de Tigrovo Oko) DOL\u017dINA: prilagodljiva od 16-25 cm TE\u017dA: 13 g VELIKOST KAMNOV: 6-8 mm<\/p>","protected":false},"featured_media":17957,"template":"","meta":[],"product_brand":[],"product_cat":[820,86,212,821,822,823,1137,81],"product_tag":[705],"class_list":{"0":"post-10133","1":"product","2":"type-product","3":"status-publish","4":"has-post-thumbnail","6":"product_cat-do-18cm","7":"product_cat-macje-oko","8":"product_cat-macrame-2","9":"product_cat-od-18-do-19cm","10":"product_cat-od-19-do-20cm","11":"product_cat-od-20cm","12":"product_cat-ogled-vseh-zapestnice-2","13":"product_cat-tigrovo-oko","14":"product_tag-macje-oko-rdece-tigrovo-oko","16":"first","17":"outofstock","18":"purchasable","19":"product-type-simple"},"_links":{"self":[{"href":"https:\/\/moirai.si\/hr\/wp-json\/wp\/v2\/product\/10133","targetHints":{"allow":["GET"]}}],"collection":[{"href":"https:\/\/moirai.si\/hr\/wp-json\/wp\/v2\/product"}],"about":[{"href":"https:\/\/moirai.si\/hr\/wp-json\/wp\/v2\/types\/product"}],"wp:featuredmedia":[{"embeddable":true,"href":"https:\/\/moirai.si\/hr\/wp-json\/wp\/v2\/media\/17957"}],"wp:attachment":[{"href":"https:\/\/moirai.si\/hr\/wp-json\/wp\/v2\/media?parent=10133"}],"wp:term":[{"taxonomy":"product_brand","embeddable":true,"href":"https:\/\/moirai.si\/hr\/wp-json\/wp\/v2\/product_brand?post=10133"},{"taxonomy":"product_cat","embeddable":true,"href":"https:\/\/moirai.si\/hr\/wp-json\/wp\/v2\/product_cat?post=10133"},{"taxonomy":"product_tag","embeddable":true,"href":"https:\/\/moirai.si\/hr\/wp-json\/wp\/v2\/product_tag?post=10133"}],"curies":[{"name":"wp","href":"https:\/\/api.w.org\/{rel}","templated":true}]}}