{"id":10262,"date":"2018-07-26T08:34:55","date_gmt":"2018-07-26T08:34:55","guid":{"rendered":"https:\/\/moirai.si\/?post_type=product&#038;p=10262"},"modified":"2025-01-13T15:42:29","modified_gmt":"2025-01-13T15:42:29","slug":"klasicni-biser-5","status":"publish","type":"product","link":"https:\/\/moirai.si\/hr\/izdelek\/clasic-biser-5\/","title":{"rendered":"Clasic Biser"},"content":{"rendered":"<p>Elegantna narukvica iz kolekcije Clasic, izra\u0111ena od bijelih slatkovodnih kultiviranih bisera, nanizanih na meku, ali \u010dvrstu \u010deli\u010dnu \u017eicu i zavr\u0161ena srebrnim elementima. Duljina narukvice mo\u017ee se prilagoditi va\u0161im \u017eeljama. Molimo vas da prilikom kupnje u napomenama napi\u0161ete \u017eeljenu duljinu narukvice. Vi\u0161e informacija o duljini narukvice mo\u017eete prona\u0107i ovdje: <a href=\"https:\/\/moirai.si\/hr\/o-nakitu\/\" target=\"_blank\" rel=\"noopener noreferrer\">o nakitu<\/a><\/p>\n<p>MATERIJAL: kultivirani slatkovodni biser, srebro 925<br \/>\nDU\u017dINA: 19 cm<br \/>\nTE\u017dINA: 11 g<br \/>\nVELI\u010cINA BISERA: 6 mm<br \/>\nKOP\u010cA: 9 mm<\/p>","protected":false},"excerpt":{"rendered":"<p>Elegantna zapestnica kolekcije Clasic, ki je narejena iz belih sladkovodno gojenih biserov, nizana na mehko, vendar mo\u010dno jekleno \u017eico in zaklju\u010dena s srebrnimi elementi. Dol\u017eino zapestnice je mo\u017eno prilagoditi va\u0161im \u017eeljam. \u017deljeno dol\u017eino zapestnice nam pripi\u0161ite v opombo pri nakupu. Ve\u010d informacij glede dol\u017eine zapestnice si lahko pogledate tukaj: o nakitu MATERIAL: sladkovodno-gojeni biser, srebro [&hellip;]<\/p>\n","protected":false},"featured_media":18309,"template":"","meta":[],"product_brand":[],"product_cat":[687,1135,208,821,822,1137],"product_tag":[336,371],"class_list":{"0":"post-10262","1":"product","2":"type-product","3":"status-publish","4":"has-post-thumbnail","6":"product_cat-biser","7":"product_cat-biseri-in-skoljke","8":"product_cat-clasic","9":"product_cat-od-18-do-19cm","10":"product_cat-od-19-do-20cm","11":"product_cat-ogled-vseh-zapestnice-2","12":"product_tag-sladkovodno-gojeni-biser","13":"product_tag-srebro-925","15":"first","16":"instock","17":"purchasable","18":"product-type-simple"},"_links":{"self":[{"href":"https:\/\/moirai.si\/hr\/wp-json\/wp\/v2\/product\/10262","targetHints":{"allow":["GET"]}}],"collection":[{"href":"https:\/\/moirai.si\/hr\/wp-json\/wp\/v2\/product"}],"about":[{"href":"https:\/\/moirai.si\/hr\/wp-json\/wp\/v2\/types\/product"}],"wp:featuredmedia":[{"embeddable":true,"href":"https:\/\/moirai.si\/hr\/wp-json\/wp\/v2\/media\/18309"}],"wp:attachment":[{"href":"https:\/\/moirai.si\/hr\/wp-json\/wp\/v2\/media?parent=10262"}],"wp:term":[{"taxonomy":"product_brand","embeddable":true,"href":"https:\/\/moirai.si\/hr\/wp-json\/wp\/v2\/product_brand?post=10262"},{"taxonomy":"product_cat","embeddable":true,"href":"https:\/\/moirai.si\/hr\/wp-json\/wp\/v2\/product_cat?post=10262"},{"taxonomy":"product_tag","embeddable":true,"href":"https:\/\/moirai.si\/hr\/wp-json\/wp\/v2\/product_tag?post=10262"}],"curies":[{"name":"wp","href":"https:\/\/api.w.org\/{rel}","templated":true}]}}