{"id":10427,"date":"2018-08-22T07:03:31","date_gmt":"2018-08-22T07:03:31","guid":{"rendered":"https:\/\/moirai.si\/?post_type=product&#038;p=10427"},"modified":"2026-03-26T12:47:24","modified_gmt":"2026-03-26T12:47:24","slug":"oniks-n","status":"publish","type":"product","link":"https:\/\/moirai.si\/hr\/izdelek\/oniks-m\/","title":{"rendered":"Oniks M"},"content":{"rendered":"<p>Prekrasan komad poliranog oniksa, pogodan kao ljekoviti kamen za ruke ili kao poklon za va\u0161e voljene. Slika je simboli\u010dna. Mogu\u0107a su manja odstupanja u boji, te\u017eini i obliku.<\/p>\n<p>Vi\u0161e informacija: <a href=\"https:\/\/moirai.si\/hr\/oniks\/\" target=\"_blank\" rel=\"noopener noreferrer\">Oniks<\/a><\/p>\n<p>MATERIJAL: Oniks (Brazil)<br \/>\nVELI\u010cINA: cca 1,5-2,5 cm<br \/>\nTE\u017dINA: 10-15 g<\/p>","protected":false},"excerpt":{"rendered":"<p>\u010cudovit kos spoliranega Oniksa, primeren kot zdravilni ro\u010dni kamen ali kot darilo za va\u0161e najbli\u017enje. Slika je simboli\u010dna. Mo\u017ena so manj\u0161a odstopanja v barvi, te\u017ei in obliki. Ve\u010d informacij: Oniks MATERIAL: Oniks (Brazilija) DIMENZIJE: cca 1,5-2,5 cm TE\u017dA: 10-15 g<\/p>","protected":false},"featured_media":22441,"template":"","meta":[],"product_brand":[],"product_cat":[62,753],"product_tag":[206],"class_list":{"0":"post-10427","1":"product","2":"type-product","3":"status-publish","4":"has-post-thumbnail","6":"product_cat-oniks","7":"product_cat-rocni-kamni","8":"product_tag-oniks","10":"first","11":"instock","12":"purchasable","13":"product-type-simple"},"_links":{"self":[{"href":"https:\/\/moirai.si\/hr\/wp-json\/wp\/v2\/product\/10427","targetHints":{"allow":["GET"]}}],"collection":[{"href":"https:\/\/moirai.si\/hr\/wp-json\/wp\/v2\/product"}],"about":[{"href":"https:\/\/moirai.si\/hr\/wp-json\/wp\/v2\/types\/product"}],"wp:featuredmedia":[{"embeddable":true,"href":"https:\/\/moirai.si\/hr\/wp-json\/wp\/v2\/media\/22441"}],"wp:attachment":[{"href":"https:\/\/moirai.si\/hr\/wp-json\/wp\/v2\/media?parent=10427"}],"wp:term":[{"taxonomy":"product_brand","embeddable":true,"href":"https:\/\/moirai.si\/hr\/wp-json\/wp\/v2\/product_brand?post=10427"},{"taxonomy":"product_cat","embeddable":true,"href":"https:\/\/moirai.si\/hr\/wp-json\/wp\/v2\/product_cat?post=10427"},{"taxonomy":"product_tag","embeddable":true,"href":"https:\/\/moirai.si\/hr\/wp-json\/wp\/v2\/product_tag?post=10427"}],"curies":[{"name":"wp","href":"https:\/\/api.w.org\/{rel}","templated":true}]}}