{"id":10772,"date":"2018-09-04T17:46:38","date_gmt":"2018-09-04T17:46:38","guid":{"rendered":"https:\/\/moirai.si\/?post_type=product&#038;p=10772"},"modified":"2026-02-02T09:53:01","modified_gmt":"2026-02-02T09:53:01","slug":"nihalo-jaspis-rdeci","status":"publish","type":"product","link":"https:\/\/moirai.si\/hr\/izdelek\/nihalo-jaspis-rdeci\/","title":{"rendered":"Visak jaspis crveni"},"content":{"rendered":"<p>Visak crveni Jaspis. Slika je simboli\u010dna. Mogu\u0107a su manja odstupanja u boji, te\u017eini i obliku.<\/p>\n<p>Vi\u0161e informacija: <a href=\"https:\/\/moirai.si\/hr\/jaspis\/\" target=\"_blank\" rel=\"noopener noreferrer\">Jaspis<\/a>, <a href=\"https:\/\/moirai.si\/hr\/njihalo\/\" target=\"_blank\" rel=\"noopener noreferrer\">Visak<\/a><\/p>\n<p>MATERIJAL: crveni jaspis<br \/>\nTE\u017dINA: 5-20 g<br \/>\nVELI\u010cINA KAMENA: 3-5 cm<\/p>","protected":false},"excerpt":{"rendered":"<p>Nihalo iz rde\u010dega Jaspisa na posrebreni veri\u017eici, zaklju\u010deno z bunkico iz kamna za preprosto uporabo. Slika je simboli\u010dna. Mo\u017ena so manj\u0161a odstopanja v barvi, te\u017ei in obliki. Ve\u010d informacij: Jaspis, Nihalo MATERIAL: rde\u010di Jaspis TE\u017dA: 5-20 g VELIKOST KAMNOV: 3-5 cm<\/p>","protected":false},"featured_media":25797,"template":"","meta":[],"product_brand":[],"product_cat":[47,754],"product_tag":[368,779],"class_list":{"0":"post-10772","1":"product","2":"type-product","3":"status-publish","4":"has-post-thumbnail","6":"product_cat-jaspis","7":"product_cat-nihala","8":"product_tag-nihalo","9":"product_tag-rdeci-jaspis","11":"first","12":"instock","13":"purchasable","14":"product-type-simple"},"_links":{"self":[{"href":"https:\/\/moirai.si\/hr\/wp-json\/wp\/v2\/product\/10772","targetHints":{"allow":["GET"]}}],"collection":[{"href":"https:\/\/moirai.si\/hr\/wp-json\/wp\/v2\/product"}],"about":[{"href":"https:\/\/moirai.si\/hr\/wp-json\/wp\/v2\/types\/product"}],"wp:featuredmedia":[{"embeddable":true,"href":"https:\/\/moirai.si\/hr\/wp-json\/wp\/v2\/media\/25797"}],"wp:attachment":[{"href":"https:\/\/moirai.si\/hr\/wp-json\/wp\/v2\/media?parent=10772"}],"wp:term":[{"taxonomy":"product_brand","embeddable":true,"href":"https:\/\/moirai.si\/hr\/wp-json\/wp\/v2\/product_brand?post=10772"},{"taxonomy":"product_cat","embeddable":true,"href":"https:\/\/moirai.si\/hr\/wp-json\/wp\/v2\/product_cat?post=10772"},{"taxonomy":"product_tag","embeddable":true,"href":"https:\/\/moirai.si\/hr\/wp-json\/wp\/v2\/product_tag?post=10772"}],"curies":[{"name":"wp","href":"https:\/\/api.w.org\/{rel}","templated":true}]}}