{"id":10947,"date":"2018-10-29T20:28:13","date_gmt":"2018-10-29T20:28:13","guid":{"rendered":"https:\/\/moirai.si\/?post_type=product&#038;p=10947"},"modified":"2025-11-12T09:14:22","modified_gmt":"2025-11-12T09:14:22","slug":"krizokola","status":"publish","type":"product","link":"https:\/\/moirai.si\/hr\/izdelek\/hrizokol-l\/","title":{"rendered":"Krizokola L"},"content":{"rendered":"<p>Prekrasan komad poliranog krizokole (Peru), pogodan kao ljekoviti kamen za ruke ili kao poklon za va\u0161e voljene. Slika je simboli\u010dna. Mogu\u0107a su manja odstupanja u boji, te\u017eini i obliku.<\/p>\n<p>Vi\u0161e informacija: <a href=\"https:\/\/moirai.si\/hr\/krizokol-2\/\" target=\"_blank\" rel=\"noopener noreferrer\">Krizokola<\/a><\/p>\n<p>MATERIJAL: Hrizokola<br \/>\nDIMENZIJE: cca. 1,5-3 cm<br \/>\nTE\u017dINA: 15-20 g<\/p>","protected":false},"excerpt":{"rendered":"<p>\u010cudovit kos spoliranega Hrizokola (Peru), primeren kot zdravilni ro\u010dni kamen ali kot darilo za va\u0161e najbli\u017enje. Slika je simboli\u010dna. Mo\u017ena so manj\u0161a odstopanja v barvi, te\u017ei in obliki. Ve\u010d informacij: Hrizokol MATERIAL: Hrizokol DIMENZIJE: cca 1.5-3 cm TE\u017dA: 15-20 g<\/p>","protected":false},"featured_media":22365,"template":"","meta":[],"product_brand":[],"product_cat":[780,753],"product_tag":[777],"class_list":{"0":"post-10947","1":"product","2":"type-product","3":"status-publish","4":"has-post-thumbnail","6":"product_cat-hrizokol","7":"product_cat-rocni-kamni","8":"product_tag-hrizokol","10":"first","11":"instock","12":"purchasable","13":"product-type-simple"},"_links":{"self":[{"href":"https:\/\/moirai.si\/hr\/wp-json\/wp\/v2\/product\/10947","targetHints":{"allow":["GET"]}}],"collection":[{"href":"https:\/\/moirai.si\/hr\/wp-json\/wp\/v2\/product"}],"about":[{"href":"https:\/\/moirai.si\/hr\/wp-json\/wp\/v2\/types\/product"}],"wp:featuredmedia":[{"embeddable":true,"href":"https:\/\/moirai.si\/hr\/wp-json\/wp\/v2\/media\/22365"}],"wp:attachment":[{"href":"https:\/\/moirai.si\/hr\/wp-json\/wp\/v2\/media?parent=10947"}],"wp:term":[{"taxonomy":"product_brand","embeddable":true,"href":"https:\/\/moirai.si\/hr\/wp-json\/wp\/v2\/product_brand?post=10947"},{"taxonomy":"product_cat","embeddable":true,"href":"https:\/\/moirai.si\/hr\/wp-json\/wp\/v2\/product_cat?post=10947"},{"taxonomy":"product_tag","embeddable":true,"href":"https:\/\/moirai.si\/hr\/wp-json\/wp\/v2\/product_tag?post=10947"}],"curies":[{"name":"wp","href":"https:\/\/api.w.org\/{rel}","templated":true}]}}