{"id":10949,"date":"2018-10-29T20:37:02","date_gmt":"2018-10-29T20:37:02","guid":{"rendered":"https:\/\/moirai.si\/?post_type=product&#038;p=10949"},"modified":"2025-10-13T13:07:30","modified_gmt":"2025-10-13T13:07:30","slug":"aventurin-m%c2%b2","status":"publish","type":"product","link":"https:\/\/moirai.si\/hr\/izdelek\/aventurin-m-2\/","title":{"rendered":"Aventurin M"},"content":{"rendered":"<p>Prekrasan komad poliranog aventurina (Indija), pogodan kao ljekoviti kamen za ruke ili kao poklon za va\u0161e voljene. Slika je simboli\u010dna. Mogu\u0107a su manja odstupanja u boji, te\u017eini i obliku.<\/p>\n<p>Vi\u0161e informacija: <a href=\"https:\/\/moirai.si\/hr\/aventurin\/\" target=\"_blank\" rel=\"noopener noreferrer\">Aventurin<\/a><\/p>\n<p>MATERIJAL: Aventurin (Aventurin)<br \/>\nDIMENZIJE: cca 1,5-2,5 cm<br \/>\nTE\u017dINA: 10-15 g<\/p>","protected":false},"excerpt":{"rendered":"<p>\u010cudovit kos spoliranega Aventurina (Indija), primeren kot zdravilni ro\u010dni kamen ali kot darilo za va\u0161e najbli\u017enje. Slika je simboli\u010dna. Mo\u017ena so manj\u0161a odstopanja v barvi, te\u017ei in obliki. Ve\u010d informacij: Aventurin MATERIAL: Aventurin (Avanturin) DIMENZIJE: cca 1,5-2,5cm TE\u017dA: 10-15 g<\/p>","protected":false},"featured_media":22338,"template":"","meta":[],"product_brand":[],"product_cat":[31,753],"product_tag":[778],"class_list":{"0":"post-10949","1":"product","2":"type-product","3":"status-publish","4":"has-post-thumbnail","6":"product_cat-aventurin","7":"product_cat-rocni-kamni","8":"product_tag-aventurin-avanturin","10":"first","11":"outofstock","12":"purchasable","13":"product-type-simple"},"_links":{"self":[{"href":"https:\/\/moirai.si\/hr\/wp-json\/wp\/v2\/product\/10949","targetHints":{"allow":["GET"]}}],"collection":[{"href":"https:\/\/moirai.si\/hr\/wp-json\/wp\/v2\/product"}],"about":[{"href":"https:\/\/moirai.si\/hr\/wp-json\/wp\/v2\/types\/product"}],"wp:featuredmedia":[{"embeddable":true,"href":"https:\/\/moirai.si\/hr\/wp-json\/wp\/v2\/media\/22338"}],"wp:attachment":[{"href":"https:\/\/moirai.si\/hr\/wp-json\/wp\/v2\/media?parent=10949"}],"wp:term":[{"taxonomy":"product_brand","embeddable":true,"href":"https:\/\/moirai.si\/hr\/wp-json\/wp\/v2\/product_brand?post=10949"},{"taxonomy":"product_cat","embeddable":true,"href":"https:\/\/moirai.si\/hr\/wp-json\/wp\/v2\/product_cat?post=10949"},{"taxonomy":"product_tag","embeddable":true,"href":"https:\/\/moirai.si\/hr\/wp-json\/wp\/v2\/product_tag?post=10949"}],"curies":[{"name":"wp","href":"https:\/\/api.w.org\/{rel}","templated":true}]}}