{"id":11436,"date":"2019-01-13T16:54:34","date_gmt":"2019-01-13T16:54:34","guid":{"rendered":"https:\/\/moirai.si\/?post_type=product&#038;p=11436"},"modified":"2025-03-05T11:19:17","modified_gmt":"2025-03-05T11:19:17","slug":"klasicna-tirkizna","status":"publish","type":"product","link":"https:\/\/moirai.si\/hr\/izdelek\/clasic-turkiz\/","title":{"rendered":"Clasic Tirkiz"},"content":{"rendered":"<p>Elegantna narukvica iz kolekcije Clasic, izra\u0111ena od Tirkiza.<\/p>\n<p>MATERIAL: Tirkiz, rodinirano Srebro 925<br \/>\nDU\u017dINA: podesiva 17-19,5 cm<br \/>\nTE\u017dINA: 9.7 g<br \/>\nVELI\u010cINA KAMENA: 6 mm<br \/>\nKOP\u010cA: 9 mm<\/p>","protected":false},"excerpt":{"rendered":"<p>Elegantna zapestnica kolekcije Clasic, ki je narejena iz Turkiza. Zapestnica je nizana na mehko, vendar mo\u010dno jekleno \u017eico. MATERIAL: Turkiz, rodinirano Srebro 925 DOL\u017dINA: prilagodljiva 17-19,5 cm TE\u017dA: 9.7 g VELIKOST KAMNOV: 6 mm ZAPONKA: 9 mm<\/p>","protected":false},"featured_media":25006,"template":"","meta":[],"product_brand":[],"product_cat":[208,820,821,822,1137,82],"product_tag":[637,223],"class_list":{"0":"post-11436","1":"product","2":"type-product","3":"status-publish","4":"has-post-thumbnail","6":"product_cat-clasic","7":"product_cat-do-18cm","8":"product_cat-od-18-do-19cm","9":"product_cat-od-19-do-20cm","10":"product_cat-ogled-vseh-zapestnice-2","11":"product_cat-turkiz","12":"product_tag-rodinirano-srebro-925","13":"product_tag-turkiz","15":"first","16":"instock","17":"purchasable","18":"product-type-simple"},"_links":{"self":[{"href":"https:\/\/moirai.si\/hr\/wp-json\/wp\/v2\/product\/11436","targetHints":{"allow":["GET"]}}],"collection":[{"href":"https:\/\/moirai.si\/hr\/wp-json\/wp\/v2\/product"}],"about":[{"href":"https:\/\/moirai.si\/hr\/wp-json\/wp\/v2\/types\/product"}],"wp:featuredmedia":[{"embeddable":true,"href":"https:\/\/moirai.si\/hr\/wp-json\/wp\/v2\/media\/25006"}],"wp:attachment":[{"href":"https:\/\/moirai.si\/hr\/wp-json\/wp\/v2\/media?parent=11436"}],"wp:term":[{"taxonomy":"product_brand","embeddable":true,"href":"https:\/\/moirai.si\/hr\/wp-json\/wp\/v2\/product_brand?post=11436"},{"taxonomy":"product_cat","embeddable":true,"href":"https:\/\/moirai.si\/hr\/wp-json\/wp\/v2\/product_cat?post=11436"},{"taxonomy":"product_tag","embeddable":true,"href":"https:\/\/moirai.si\/hr\/wp-json\/wp\/v2\/product_tag?post=11436"}],"curies":[{"name":"wp","href":"https:\/\/api.w.org\/{rel}","templated":true}]}}