{"id":11444,"date":"2019-01-13T17:33:53","date_gmt":"2019-01-13T17:33:53","guid":{"rendered":"https:\/\/moirai.si\/?post_type=product&#038;p=11444"},"modified":"2025-08-19T19:31:56","modified_gmt":"2025-08-19T19:31:56","slug":"klasicni-oniks","status":"publish","type":"product","link":"https:\/\/moirai.si\/hr\/izdelek\/clasic-oniks\/","title":{"rendered":"Clasic  Oniks"},"content":{"rendered":"<p>Elegantna narukvica iz kolekcije Clasic izra\u0111ena od oniksa i srebra 925.<\/p>\n<p>Vi\u0161e informacija: <a href=\"https:\/\/moirai.si\/hr\/oniks\/\" target=\"_blank\" rel=\"noopener noreferrer\">Oniks<\/a><\/p>\n<p>MATERIJAL: oniks, srebro 925<br \/>\nDU\u017dINA: 17,5 cm<br \/>\nTE\u017dINA: 8,6 g<br \/>\nVELI\u010cINA KAMENA: 6 mm<br \/>\nKOP\u010cA: 9 mm<\/p>","protected":false},"excerpt":{"rendered":"<p>Elegantna zapestnica kolekcije Clasic, ki je narejena iz Oniksa. Ve\u010d informacij: Oniks MATERIAL: Oniks, Srebro 925 DOL\u017dINA: 17.5 cm TE\u017dA: 8.6 g VELIKOST KAMNOV: 6 mm ZAPONKA: 9 mm<\/p>","protected":false},"featured_media":11445,"template":"","meta":[],"product_brand":[],"product_cat":[208,820,1137,62],"product_tag":[206,371],"class_list":{"0":"post-11444","1":"product","2":"type-product","3":"status-publish","4":"has-post-thumbnail","6":"product_cat-clasic","7":"product_cat-do-18cm","8":"product_cat-ogled-vseh-zapestnice-2","9":"product_cat-oniks","10":"product_tag-oniks","11":"product_tag-srebro-925","13":"first","14":"instock","15":"purchasable","16":"product-type-simple"},"_links":{"self":[{"href":"https:\/\/moirai.si\/hr\/wp-json\/wp\/v2\/product\/11444","targetHints":{"allow":["GET"]}}],"collection":[{"href":"https:\/\/moirai.si\/hr\/wp-json\/wp\/v2\/product"}],"about":[{"href":"https:\/\/moirai.si\/hr\/wp-json\/wp\/v2\/types\/product"}],"wp:featuredmedia":[{"embeddable":true,"href":"https:\/\/moirai.si\/hr\/wp-json\/wp\/v2\/media\/11445"}],"wp:attachment":[{"href":"https:\/\/moirai.si\/hr\/wp-json\/wp\/v2\/media?parent=11444"}],"wp:term":[{"taxonomy":"product_brand","embeddable":true,"href":"https:\/\/moirai.si\/hr\/wp-json\/wp\/v2\/product_brand?post=11444"},{"taxonomy":"product_cat","embeddable":true,"href":"https:\/\/moirai.si\/hr\/wp-json\/wp\/v2\/product_cat?post=11444"},{"taxonomy":"product_tag","embeddable":true,"href":"https:\/\/moirai.si\/hr\/wp-json\/wp\/v2\/product_tag?post=11444"}],"curies":[{"name":"wp","href":"https:\/\/api.w.org\/{rel}","templated":true}]}}