{"id":11690,"date":"2019-02-01T21:15:36","date_gmt":"2019-02-01T21:15:36","guid":{"rendered":"https:\/\/moirai.si\/?post_type=product&#038;p=11690"},"modified":"2025-01-13T15:25:25","modified_gmt":"2025-01-13T15:25:25","slug":"klasicna-kamena-strijela-3","status":"publish","type":"product","link":"https:\/\/moirai.si\/hr\/izdelek\/clasic-kamena-strela-3\/","title":{"rendered":"Clasic  Gorski kristal"},"content":{"rendered":"<p>Elegantna narukvica iz kolekcije Clasic, izra\u0111ena od Gorskog Kristala i 925 srebra.  <\/p>\n<p>Vi\u0161e informacija: <a href=\"https:\/\/moirai.si\/hr\/gorski-kristal\/\" target=\"_blank\" rel=\"noopener noreferrer\">Gorski Kristal<\/a><\/p>\n<p>MATERIAL: Gorski Kristal, Srebro 925<br \/>\nDU\u017dINA: podesiva 17-19,5 cm<br \/>\nTE\u017dINA: 20 g<br \/>\nVELI\u010cINA KAMENA: 6-10 mm<br \/>\nKop\u010da: 10 mm<\/p>","protected":false},"excerpt":{"rendered":"<p>Elegantna zapestnica kolekcije Clasic, ki je narejena iz Kamene Strele ter srebrnih 925 elementov, nizana na mehko, vendar mo\u010dno jekleno \u017eico in zaklju\u010dena s srebrnimi elementi. Ve\u010d informacij: Kamena Strela MATERIAL: Kamena Strela (Gorski Kristal), Srebro 925 DOL\u017dINA: prilagodljiva 17-19.5 cm TE\u017dA: 20 g VELIKOST KAMNOV: 6-10 mm ZAPONKA: 10 mm<\/p>","protected":false},"featured_media":20603,"template":"","meta":[],"product_brand":[],"product_cat":[208,820,68,848,821,822,1137],"product_tag":[690,371],"class_list":{"0":"post-11690","1":"product","2":"type-product","3":"status-publish","4":"has-post-thumbnail","6":"product_cat-clasic","7":"product_cat-do-18cm","8":"product_cat-kamena-strela","9":"product_cat-kvarc","10":"product_cat-od-18-do-19cm","11":"product_cat-od-19-do-20cm","12":"product_cat-ogled-vseh-zapestnice-2","13":"product_tag-kamena-strela-gorski-kristal","14":"product_tag-srebro-925","16":"first","17":"instock","18":"purchasable","19":"product-type-simple"},"_links":{"self":[{"href":"https:\/\/moirai.si\/hr\/wp-json\/wp\/v2\/product\/11690","targetHints":{"allow":["GET"]}}],"collection":[{"href":"https:\/\/moirai.si\/hr\/wp-json\/wp\/v2\/product"}],"about":[{"href":"https:\/\/moirai.si\/hr\/wp-json\/wp\/v2\/types\/product"}],"wp:featuredmedia":[{"embeddable":true,"href":"https:\/\/moirai.si\/hr\/wp-json\/wp\/v2\/media\/20603"}],"wp:attachment":[{"href":"https:\/\/moirai.si\/hr\/wp-json\/wp\/v2\/media?parent=11690"}],"wp:term":[{"taxonomy":"product_brand","embeddable":true,"href":"https:\/\/moirai.si\/hr\/wp-json\/wp\/v2\/product_brand?post=11690"},{"taxonomy":"product_cat","embeddable":true,"href":"https:\/\/moirai.si\/hr\/wp-json\/wp\/v2\/product_cat?post=11690"},{"taxonomy":"product_tag","embeddable":true,"href":"https:\/\/moirai.si\/hr\/wp-json\/wp\/v2\/product_tag?post=11690"}],"curies":[{"name":"wp","href":"https:\/\/api.w.org\/{rel}","templated":true}]}}