{"id":12111,"date":"2019-02-22T08:06:29","date_gmt":"2019-02-22T08:06:29","guid":{"rendered":"https:\/\/moirai.si\/?post_type=product&#038;p=12111"},"modified":"2025-09-25T10:47:25","modified_gmt":"2025-09-25T10:47:25","slug":"ella-karneol","status":"publish","type":"product","link":"https:\/\/moirai.si\/hr\/izdelek\/ella-karneol\/","title":{"rendered":"Ella karneol"},"content":{"rendered":"<p>Elegantna narukvica iz kolekcije Ella, izra\u0111ena od karneola, nanizana na meku, ali \u010dvrstu \u010deli\u010dnu \u017eicu i zavr\u0161ena elementima od srebra 925 s rodij-platom. <\/p>\n<p>MATERIJAL: Karneol, rodirano srebro 925<br \/>\nDU\u017dINA: podesiva 18-20,5 cm<br \/>\nTE\u017dINA: 22,2 g<br \/>\nVELI\u010cINA KAMENA: 6-10 mm<br \/>\nKOP\u010cA: 9 mm<\/p>","protected":false},"excerpt":{"rendered":"<p>Elegantna zapestnica kolekcije Ella, ki je narejena iz Karneola, nizana na mehko, vendar mo\u010dno jekleno \u017eico in zaklju\u010dena z rodiniranimi srebrnimi 925 elementi. MATERIAL: Karneol, rodinirano Srebro 925 DOL\u017dINA: prilagodljiva 18-20.5cm TE\u017dA: 22,2g VELIKOST KAMNOV: 6-10 mm ZAPONKA: 9 mm<\/p>","protected":false},"featured_media":24148,"template":"","meta":[],"product_brand":[],"product_cat":[289,48,823,1137],"product_tag":[198,637],"class_list":{"0":"post-12111","1":"product","2":"type-product","3":"status-publish","4":"has-post-thumbnail","6":"product_cat-ella","7":"product_cat-karneol","8":"product_cat-od-20cm","9":"product_cat-ogled-vseh-zapestnice-2","10":"product_tag-karneol","11":"product_tag-rodinirano-srebro-925","13":"first","14":"instock","15":"purchasable","16":"product-type-simple"},"_links":{"self":[{"href":"https:\/\/moirai.si\/hr\/wp-json\/wp\/v2\/product\/12111","targetHints":{"allow":["GET"]}}],"collection":[{"href":"https:\/\/moirai.si\/hr\/wp-json\/wp\/v2\/product"}],"about":[{"href":"https:\/\/moirai.si\/hr\/wp-json\/wp\/v2\/types\/product"}],"wp:featuredmedia":[{"embeddable":true,"href":"https:\/\/moirai.si\/hr\/wp-json\/wp\/v2\/media\/24148"}],"wp:attachment":[{"href":"https:\/\/moirai.si\/hr\/wp-json\/wp\/v2\/media?parent=12111"}],"wp:term":[{"taxonomy":"product_brand","embeddable":true,"href":"https:\/\/moirai.si\/hr\/wp-json\/wp\/v2\/product_brand?post=12111"},{"taxonomy":"product_cat","embeddable":true,"href":"https:\/\/moirai.si\/hr\/wp-json\/wp\/v2\/product_cat?post=12111"},{"taxonomy":"product_tag","embeddable":true,"href":"https:\/\/moirai.si\/hr\/wp-json\/wp\/v2\/product_tag?post=12111"}],"curies":[{"name":"wp","href":"https:\/\/api.w.org\/{rel}","templated":true}]}}