{"id":12213,"date":"2019-03-15T10:16:33","date_gmt":"2019-03-15T10:16:33","guid":{"rendered":"https:\/\/moirai.si\/?post_type=product&#038;p=12213"},"modified":"2026-03-26T12:47:57","modified_gmt":"2026-03-26T12:47:57","slug":"sodalit-l","status":"publish","type":"product","link":"https:\/\/moirai.si\/hr\/izdelek\/sodalit-l\/","title":{"rendered":"Sodalit L"},"content":{"rendered":"<p>Prekrasan komad poliranog sodalita, pogodan kao ljekoviti kamen za ruke ili kao poklon za va\u0161e voljene. Slika je simboli\u010dna. Mogu\u0107a su manja odstupanja u boji, te\u017eini i obliku.<\/p>\n<p>Vi\u0161e informacija: <a href=\"https:\/\/moirai.si\/hr\/sodalit\/\" target=\"_blank\" rel=\"noopener noreferrer\">Sodalit<\/a><\/p>\n<p>MATERIJAL: Sodalit (Brazil)<br \/>\nDIMENZIJE: cca 3 cm<br \/>\nTE\u017dINA: 10-20 g<\/p>","protected":false},"excerpt":{"rendered":"<p>\u010cudovit kos spoliranega Sodalita, primeren kot zdravilni ro\u010dni kamen ali kot darilo za va\u0161e najbli\u017enje. Slika je simboli\u010dna. Mo\u017ena so manj\u0161a odstopanja v barvi, te\u017ei in obliki. Ve\u010d informacij: Sodalit MATERIAL: Sodalit (Brazilija) DIMENZIJE: cca 3 cm TE\u017dA: 10-20 g<\/p>","protected":false},"featured_media":20049,"template":"","meta":[],"product_brand":[],"product_cat":[753,77],"product_tag":[227],"class_list":{"0":"post-12213","1":"product","2":"type-product","3":"status-publish","4":"has-post-thumbnail","6":"product_cat-rocni-kamni","7":"product_cat-sodalit","8":"product_tag-sodalit","10":"first","11":"instock","12":"purchasable","13":"product-type-simple"},"_links":{"self":[{"href":"https:\/\/moirai.si\/hr\/wp-json\/wp\/v2\/product\/12213","targetHints":{"allow":["GET"]}}],"collection":[{"href":"https:\/\/moirai.si\/hr\/wp-json\/wp\/v2\/product"}],"about":[{"href":"https:\/\/moirai.si\/hr\/wp-json\/wp\/v2\/types\/product"}],"wp:featuredmedia":[{"embeddable":true,"href":"https:\/\/moirai.si\/hr\/wp-json\/wp\/v2\/media\/20049"}],"wp:attachment":[{"href":"https:\/\/moirai.si\/hr\/wp-json\/wp\/v2\/media?parent=12213"}],"wp:term":[{"taxonomy":"product_brand","embeddable":true,"href":"https:\/\/moirai.si\/hr\/wp-json\/wp\/v2\/product_brand?post=12213"},{"taxonomy":"product_cat","embeddable":true,"href":"https:\/\/moirai.si\/hr\/wp-json\/wp\/v2\/product_cat?post=12213"},{"taxonomy":"product_tag","embeddable":true,"href":"https:\/\/moirai.si\/hr\/wp-json\/wp\/v2\/product_tag?post=12213"}],"curies":[{"name":"wp","href":"https:\/\/api.w.org\/{rel}","templated":true}]}}