{"id":12395,"date":"2019-03-27T18:36:57","date_gmt":"2019-03-27T18:36:57","guid":{"rendered":"https:\/\/moirai.si\/?post_type=product&#038;p=12395"},"modified":"2025-01-13T15:24:29","modified_gmt":"2025-01-13T15:24:29","slug":"klasicni-kameni-oniks-sa-strelicama","status":"publish","type":"product","link":"https:\/\/moirai.si\/hr\/izdelek\/clasic-kamena-strela-oniks\/","title":{"rendered":"Clasic Gorski kristal oniks"},"content":{"rendered":"<p>Elegantna narukvica iz kolekcije Classic, izra\u0111ena od kamene strijele, oniksa i elemenata od 925 srebra, nanizana na meku, ali \u010dvrstu \u010deli\u010dnu \u017eicu i zavr\u0161ena srebrnim elementima. <\/p>\n<p>MATERIJAL: fasetiran gorski kristal, fasetiran oniks, srebro 925<br \/>\nDU\u017dINA: podesiva 18-21,5 cm<br \/>\nTE\u017dINA: 14 g<br \/>\nVELI\u010cINA KAMENA: 6-10mm<br \/>\nKop\u010da: 10 mm<\/p>","protected":false},"excerpt":{"rendered":"<p>Elegantna narukvica iz kolekcije Clasic, izra\u0111ena od gorskog kristala, oniksa i srebra 925.<\/p>","protected":false},"featured_media":13198,"template":"","meta":[],"product_brand":[],"product_cat":[208,820,68,848,821,822,823,1137,62],"product_tag":[293,295,371],"class_list":{"0":"post-12395","1":"product","2":"type-product","3":"status-publish","4":"has-post-thumbnail","6":"product_cat-clasic","7":"product_cat-do-18cm","8":"product_cat-kamena-strela","9":"product_cat-kvarc","10":"product_cat-od-18-do-19cm","11":"product_cat-od-19-do-20cm","12":"product_cat-od-20cm","13":"product_cat-ogled-vseh-zapestnice-2","14":"product_cat-oniks","15":"product_tag-fasetiran-oniks","16":"product_tag-fasetirana-kamena-strela","17":"product_tag-srebro-925","19":"first","20":"instock","21":"purchasable","22":"product-type-simple"},"_links":{"self":[{"href":"https:\/\/moirai.si\/hr\/wp-json\/wp\/v2\/product\/12395","targetHints":{"allow":["GET"]}}],"collection":[{"href":"https:\/\/moirai.si\/hr\/wp-json\/wp\/v2\/product"}],"about":[{"href":"https:\/\/moirai.si\/hr\/wp-json\/wp\/v2\/types\/product"}],"wp:featuredmedia":[{"embeddable":true,"href":"https:\/\/moirai.si\/hr\/wp-json\/wp\/v2\/media\/13198"}],"wp:attachment":[{"href":"https:\/\/moirai.si\/hr\/wp-json\/wp\/v2\/media?parent=12395"}],"wp:term":[{"taxonomy":"product_brand","embeddable":true,"href":"https:\/\/moirai.si\/hr\/wp-json\/wp\/v2\/product_brand?post=12395"},{"taxonomy":"product_cat","embeddable":true,"href":"https:\/\/moirai.si\/hr\/wp-json\/wp\/v2\/product_cat?post=12395"},{"taxonomy":"product_tag","embeddable":true,"href":"https:\/\/moirai.si\/hr\/wp-json\/wp\/v2\/product_tag?post=12395"}],"curies":[{"name":"wp","href":"https:\/\/api.w.org\/{rel}","templated":true}]}}