{"id":12401,"date":"2019-03-27T19:20:40","date_gmt":"2019-03-27T19:20:40","guid":{"rendered":"https:\/\/moirai.si\/?post_type=product&#038;p=12401"},"modified":"2025-12-22T11:59:07","modified_gmt":"2025-12-22T11:59:07","slug":"clasic-obsidijan-zlati-2","status":"publish","type":"product","link":"https:\/\/moirai.si\/hr\/izdelek\/clasic-obsidijan-zlati-2\/","title":{"rendered":"Clasic Opsidijan Zlatni"},"content":{"rendered":"<p>Elegantna zapestnica kolekcije Clasic, ki je narejena iz zlatega Obsidijana in rodiniranega srebra 925. Zapestnica je nizana na mehko, vendar mo\u010dno jekleno \u017eico. Slika je simboli\u010dna. Mo\u017ena so manj\u0161a odstopanja v barvi.<\/p>\n<p>Vi\u0161e informacija: <a href=\"https:\/\/moirai.si\/hr\/opsidijan-2\/\" target=\"_blank\" rel=\"noopener noreferrer\">Opsidijan<\/a><\/p>\n<p>MATERIAL: zlatni Opsidijan, rodinirano Srebro 925<br \/>\nDOL\u017dINA: prilagodljiva 19-22,5 cm<br \/>\nTE\u017dA: 20,3 g<br \/>\nVELI\u010cINA KAMENA: 6-14 mm<br \/>\nKOP\u010cA: 9 mm<\/p>","protected":false},"excerpt":{"rendered":"<p>Elegantna zapestnica kolekcije Clasic, ki je narejena iz zlatega Obsidijana in rodiniranega srebra 925. Zapestnica je nizana na mehko, vendar mo\u010dno jekleno \u017eico. Slika je simboli\u010dna. Mo\u017ena so manj\u0161a odstopanja v barvi. Ve\u010d informacij: Obsidijan MATERIAL: zlati Obsidijan, rodinirano Srebro 925 DOL\u017dINA: prilagodljiva 19-22,5 cm TE\u017dA: 20,3 g VELIKOST KAMNOV: 6-14 mm ZAPONKA: 9 mm<\/p>","protected":false},"featured_media":26589,"template":"","meta":[],"product_brand":[],"product_cat":[208,820,63,821,822,823,1137],"product_tag":[637,841],"class_list":{"0":"post-12401","1":"product","2":"type-product","3":"status-publish","4":"has-post-thumbnail","6":"product_cat-clasic","7":"product_cat-do-18cm","8":"product_cat-obsidijan","9":"product_cat-od-18-do-19cm","10":"product_cat-od-19-do-20cm","11":"product_cat-od-20cm","12":"product_cat-ogled-vseh-zapestnice-2","13":"product_tag-rodinirano-srebro-925","14":"product_tag-zlati-obsidijan","16":"first","17":"instock","18":"purchasable","19":"product-type-simple"},"_links":{"self":[{"href":"https:\/\/moirai.si\/hr\/wp-json\/wp\/v2\/product\/12401","targetHints":{"allow":["GET"]}}],"collection":[{"href":"https:\/\/moirai.si\/hr\/wp-json\/wp\/v2\/product"}],"about":[{"href":"https:\/\/moirai.si\/hr\/wp-json\/wp\/v2\/types\/product"}],"wp:featuredmedia":[{"embeddable":true,"href":"https:\/\/moirai.si\/hr\/wp-json\/wp\/v2\/media\/26589"}],"wp:attachment":[{"href":"https:\/\/moirai.si\/hr\/wp-json\/wp\/v2\/media?parent=12401"}],"wp:term":[{"taxonomy":"product_brand","embeddable":true,"href":"https:\/\/moirai.si\/hr\/wp-json\/wp\/v2\/product_brand?post=12401"},{"taxonomy":"product_cat","embeddable":true,"href":"https:\/\/moirai.si\/hr\/wp-json\/wp\/v2\/product_cat?post=12401"},{"taxonomy":"product_tag","embeddable":true,"href":"https:\/\/moirai.si\/hr\/wp-json\/wp\/v2\/product_tag?post=12401"}],"curies":[{"name":"wp","href":"https:\/\/api.w.org\/{rel}","templated":true}]}}