{"id":12409,"date":"2019-03-27T19:42:43","date_gmt":"2019-03-27T19:42:43","guid":{"rendered":"https:\/\/moirai.si\/?post_type=product&#038;p=12409"},"modified":"2025-01-13T15:13:28","modified_gmt":"2025-01-13T15:13:28","slug":"clasic-tigrovo-oko-6","status":"publish","type":"product","link":"https:\/\/moirai.si\/hr\/izdelek\/clasic-tigrovo-oko-6\/","title":{"rendered":"Clasic Tigrovo Oko"},"content":{"rendered":"<p>Elegantna zapestnica kolekcije Clasic, ki je narejena iz Tigrovega O\u010desa in srebrnih 925 elementov, nizana na mehko, vendar mo\u010dno jekleno \u017eico. Slika je simboli\u010dna. Mo\u017ena so manj\u0161a odstopanja v barvi.<\/p>\n<p>Vi\u0161e informacija: <a href=\"https:\/\/moirai.si\/hr\/tigrovo-oko\/\" target=\"_blank\" rel=\"noopener noreferrer\">Tigrovo Oko<\/a><\/p>\n<p>MATERIAL: Tigrovo Oko, Srebro 925<br \/>\nDU\u017dINA: podesiva 17,5-20 cm<br \/>\nTE\u017dINA: 10.1 g<br \/>\nVELI\u010cINA KAMENA: 6 mm<br \/>\nKOP\u010cA: 9 mm<\/p>","protected":false},"excerpt":{"rendered":"<p>Elegantna zapestnica kolekcije Clasic, ki je narejena iz Tigrovega O\u010desa in srebrnih 925 elementov, nizana na mehko, vendar mo\u010dno jekleno \u017eico. Slika je simboli\u010dna. Mo\u017ena so manj\u0161a odstopanja v barvi. Ve\u010d informacij: Tigrovo Oko MATERIAL: Tigrovo Oko, Srebro 925 DOL\u017dINA: prilagodljiva 17,5-20 cm TE\u017dA: 10.1 g VELIKOST KAMNOV: 6 mm ZAPONKA: 9 mm<\/p>","protected":false},"featured_media":24097,"template":"","meta":[],"product_brand":[],"product_cat":[208,820,821,822,823,1137,81],"product_tag":[371,199],"class_list":{"0":"post-12409","1":"product","2":"type-product","3":"status-publish","4":"has-post-thumbnail","6":"product_cat-clasic","7":"product_cat-do-18cm","8":"product_cat-od-18-do-19cm","9":"product_cat-od-19-do-20cm","10":"product_cat-od-20cm","11":"product_cat-ogled-vseh-zapestnice-2","12":"product_cat-tigrovo-oko","13":"product_tag-srebro-925","14":"product_tag-tigrovo-oko","16":"first","17":"instock","18":"purchasable","19":"product-type-simple"},"_links":{"self":[{"href":"https:\/\/moirai.si\/hr\/wp-json\/wp\/v2\/product\/12409","targetHints":{"allow":["GET"]}}],"collection":[{"href":"https:\/\/moirai.si\/hr\/wp-json\/wp\/v2\/product"}],"about":[{"href":"https:\/\/moirai.si\/hr\/wp-json\/wp\/v2\/types\/product"}],"wp:featuredmedia":[{"embeddable":true,"href":"https:\/\/moirai.si\/hr\/wp-json\/wp\/v2\/media\/24097"}],"wp:attachment":[{"href":"https:\/\/moirai.si\/hr\/wp-json\/wp\/v2\/media?parent=12409"}],"wp:term":[{"taxonomy":"product_brand","embeddable":true,"href":"https:\/\/moirai.si\/hr\/wp-json\/wp\/v2\/product_brand?post=12409"},{"taxonomy":"product_cat","embeddable":true,"href":"https:\/\/moirai.si\/hr\/wp-json\/wp\/v2\/product_cat?post=12409"},{"taxonomy":"product_tag","embeddable":true,"href":"https:\/\/moirai.si\/hr\/wp-json\/wp\/v2\/product_tag?post=12409"}],"curies":[{"name":"wp","href":"https:\/\/api.w.org\/{rel}","templated":true}]}}