{"id":12412,"date":"2019-03-27T19:49:20","date_gmt":"2019-03-27T19:49:20","guid":{"rendered":"https:\/\/moirai.si\/?post_type=product&#038;p=12412"},"modified":"2025-01-13T15:13:17","modified_gmt":"2025-01-13T15:13:17","slug":"clasic-mesecev-2","status":"publish","type":"product","link":"https:\/\/moirai.si\/hr\/izdelek\/clasic-mesecev-2\/","title":{"rendered":"Clasic Mjese\u010dev kamen"},"content":{"rendered":"<p>Elegantna narukvica iz kolekcije Clasic, izra\u0111ena od duga mjese\u010devog kamena i rodiniranog srebra 925.  <\/p>\n<p>Vi\u0161e informacija: <a href=\"https:\/\/moirai.si\/hr\/mjeseca-kamena\/\" target=\"_blank\" rel=\"noopener noreferrer\">Mjese\u010dev kamen<\/a><\/p>\n<p>MATERIAL: Duga Mjese\u010dev Kamen, rodinirano Srebro 925<br \/>\nDU\u017dINA: podesiva 17-19,5 cm<br \/>\nTE\u017dINA: 9.7 g<br \/>\nVELI\u010cINA KAMENA: 6 mm<br \/>\nKOP\u010cA: 9 mm<\/p>","protected":false},"excerpt":{"rendered":"<p>Elegantna zapestnica kolekcije Clasic, ki je narejena iz Mavri\u010dnega Mese\u010devega Kamna ter rodiniranih srebrnih 925 elementov. Zapestnica je nizana na mehko, vendar mo\u010dno jekleno \u017eico. Ve\u010d informacij: Mese\u010dev Kamen MATERIAL: Mavri\u010dni Mese\u010dev Kamen, rodinirano Srebro 925 DOL\u017dINA: prilagodljiva 17-19.5 cm TE\u017dA: 9.7 g VELIKOST KAMNOV: 6mm ZAPONKA: 9 mm<\/p>","protected":false},"featured_media":23676,"template":"","meta":[],"product_brand":[],"product_cat":[208,820,59,821,822,1137],"product_tag":[279,637],"class_list":{"0":"post-12412","1":"product","2":"type-product","3":"status-publish","4":"has-post-thumbnail","6":"product_cat-clasic","7":"product_cat-do-18cm","8":"product_cat-mesecev-kamen","9":"product_cat-od-18-do-19cm","10":"product_cat-od-19-do-20cm","11":"product_cat-ogled-vseh-zapestnice-2","12":"product_tag-mavricni-mesecev-kamen","13":"product_tag-rodinirano-srebro-925","15":"first","16":"instock","17":"purchasable","18":"product-type-simple"},"_links":{"self":[{"href":"https:\/\/moirai.si\/hr\/wp-json\/wp\/v2\/product\/12412","targetHints":{"allow":["GET"]}}],"collection":[{"href":"https:\/\/moirai.si\/hr\/wp-json\/wp\/v2\/product"}],"about":[{"href":"https:\/\/moirai.si\/hr\/wp-json\/wp\/v2\/types\/product"}],"wp:featuredmedia":[{"embeddable":true,"href":"https:\/\/moirai.si\/hr\/wp-json\/wp\/v2\/media\/23676"}],"wp:attachment":[{"href":"https:\/\/moirai.si\/hr\/wp-json\/wp\/v2\/media?parent=12412"}],"wp:term":[{"taxonomy":"product_brand","embeddable":true,"href":"https:\/\/moirai.si\/hr\/wp-json\/wp\/v2\/product_brand?post=12412"},{"taxonomy":"product_cat","embeddable":true,"href":"https:\/\/moirai.si\/hr\/wp-json\/wp\/v2\/product_cat?post=12412"},{"taxonomy":"product_tag","embeddable":true,"href":"https:\/\/moirai.si\/hr\/wp-json\/wp\/v2\/product_tag?post=12412"}],"curies":[{"name":"wp","href":"https:\/\/api.w.org\/{rel}","templated":true}]}}