{"id":12435,"date":"2019-03-28T16:03:36","date_gmt":"2019-03-28T16:03:36","guid":{"rendered":"https:\/\/moirai.si\/?post_type=product&#038;p=12435"},"modified":"2026-03-26T12:39:54","modified_gmt":"2026-03-26T12:39:54","slug":"unakit-s","status":"publish","type":"product","link":"https:\/\/moirai.si\/hr\/izdelek\/unakit-s\/","title":{"rendered":"Unakit S"},"content":{"rendered":"<p>Prekrasan komad poliranog unakita (SAD), prikladan kao ljekoviti ru\u010dni kamen ili kao poklon za va\u0161e najmilije. Slika je simboli\u010dna. Mogu\u0107a su manja odstupanja u boji, te\u017eini i obliku.<\/p>\n<p>Vi\u0161e informacija: <a href=\"https:\/\/moirai.si\/hr\/unakit\/\" target=\"_blank\" rel=\"noopener noreferrer\">Unakit<\/a><\/p>\n<p>MATERIJAL: Unakit<br \/>\nDIMENZIJE: cca 1-1,5 cm<br \/>\nTE\u017dINA: 5-15 g<\/p>","protected":false},"excerpt":{"rendered":"<p>\u010cudovit kos spoliranega Unakita (ZDA), primeren kot zdravilni ro\u010dni kamen ali kot darilo za va\u0161e najbli\u017enje. Slika je simboli\u010dna. Mo\u017ena so manj\u0161a odstopanja v barvi, te\u017ei in obliki. Ve\u010d informacij: Unakit MATERIAL: Unakit DIMENZIJE: cca 1-1,5 cm TE\u017dA: 5-15 g<\/p>","protected":false},"featured_media":22521,"template":"","meta":[],"product_brand":[],"product_cat":[753,751],"product_tag":[488],"class_list":{"0":"post-12435","1":"product","2":"type-product","3":"status-publish","4":"has-post-thumbnail","6":"product_cat-rocni-kamni","7":"product_cat-unakit","8":"product_tag-unakit","10":"first","11":"instock","12":"purchasable","13":"product-type-simple"},"_links":{"self":[{"href":"https:\/\/moirai.si\/hr\/wp-json\/wp\/v2\/product\/12435","targetHints":{"allow":["GET"]}}],"collection":[{"href":"https:\/\/moirai.si\/hr\/wp-json\/wp\/v2\/product"}],"about":[{"href":"https:\/\/moirai.si\/hr\/wp-json\/wp\/v2\/types\/product"}],"wp:featuredmedia":[{"embeddable":true,"href":"https:\/\/moirai.si\/hr\/wp-json\/wp\/v2\/media\/22521"}],"wp:attachment":[{"href":"https:\/\/moirai.si\/hr\/wp-json\/wp\/v2\/media?parent=12435"}],"wp:term":[{"taxonomy":"product_brand","embeddable":true,"href":"https:\/\/moirai.si\/hr\/wp-json\/wp\/v2\/product_brand?post=12435"},{"taxonomy":"product_cat","embeddable":true,"href":"https:\/\/moirai.si\/hr\/wp-json\/wp\/v2\/product_cat?post=12435"},{"taxonomy":"product_tag","embeddable":true,"href":"https:\/\/moirai.si\/hr\/wp-json\/wp\/v2\/product_tag?post=12435"}],"curies":[{"name":"wp","href":"https:\/\/api.w.org\/{rel}","templated":true}]}}