{"id":12449,"date":"2019-03-28T17:41:53","date_gmt":"2019-03-28T17:41:53","guid":{"rendered":"https:\/\/moirai.si\/?post_type=product&#038;p=12449"},"modified":"2026-03-26T12:40:27","modified_gmt":"2026-03-26T12:40:27","slug":"hematit-s","status":"publish","type":"product","link":"https:\/\/moirai.si\/hr\/izdelek\/hematit-s\/","title":{"rendered":"Hematit S"},"content":{"rendered":"<p>Prekrasan komad poliranog hematita, prikladan kao ljekoviti ru\u010dni kamen ili kao dar za va\u0161e najmilije. Slika je simboli\u010dna. Mogu\u0107a su manja odstupanja u boji, te\u017eini i obliku.<\/p>\n<p>Vi\u0161e informacija: <a href=\"https:\/\/moirai.si\/hr\/hematit\/\" target=\"_blank\" rel=\"noopener noreferrer\">Hematit<\/a><\/p>\n<p>MATERIJAL: Hematit<br \/>\nDIMENZIJE: cca 1-1,5 cm<br \/>\nTE\u017dINA: 5-15g<\/p>","protected":false},"excerpt":{"rendered":"<p>\u010cudovit kos spoliranega Hematita, primeren kot zdravilni ro\u010dni kamen ali kot darilo za va\u0161e najbli\u017enje. Slika je simboli\u010dna. Mo\u017ena so manj\u0161a odstopanja v barvi, te\u017ei in obliki. Ve\u010d informacij: Hematit MATERIAL: Hematit DIMENZIJE: cca 1-1,5 cm TE\u017dA: 5-15g<\/p>","protected":false},"featured_media":19949,"template":"","meta":[],"product_brand":[],"product_cat":[42,753],"product_tag":[202],"class_list":{"0":"post-12449","1":"product","2":"type-product","3":"status-publish","4":"has-post-thumbnail","6":"product_cat-hematit","7":"product_cat-rocni-kamni","8":"product_tag-hematit","10":"first","11":"instock","12":"purchasable","13":"product-type-simple"},"_links":{"self":[{"href":"https:\/\/moirai.si\/hr\/wp-json\/wp\/v2\/product\/12449","targetHints":{"allow":["GET"]}}],"collection":[{"href":"https:\/\/moirai.si\/hr\/wp-json\/wp\/v2\/product"}],"about":[{"href":"https:\/\/moirai.si\/hr\/wp-json\/wp\/v2\/types\/product"}],"wp:featuredmedia":[{"embeddable":true,"href":"https:\/\/moirai.si\/hr\/wp-json\/wp\/v2\/media\/19949"}],"wp:attachment":[{"href":"https:\/\/moirai.si\/hr\/wp-json\/wp\/v2\/media?parent=12449"}],"wp:term":[{"taxonomy":"product_brand","embeddable":true,"href":"https:\/\/moirai.si\/hr\/wp-json\/wp\/v2\/product_brand?post=12449"},{"taxonomy":"product_cat","embeddable":true,"href":"https:\/\/moirai.si\/hr\/wp-json\/wp\/v2\/product_cat?post=12449"},{"taxonomy":"product_tag","embeddable":true,"href":"https:\/\/moirai.si\/hr\/wp-json\/wp\/v2\/product_tag?post=12449"}],"curies":[{"name":"wp","href":"https:\/\/api.w.org\/{rel}","templated":true}]}}