{"id":12781,"date":"2019-04-22T11:03:27","date_gmt":"2019-04-22T11:03:27","guid":{"rendered":"https:\/\/moirai.si\/?post_type=product&#038;p=12781"},"modified":"2026-01-13T20:33:21","modified_gmt":"2026-01-13T20:33:21","slug":"iridescentni-fluorit","status":"publish","type":"product","link":"https:\/\/moirai.si\/hr\/izdelek\/fluorit-mavricni\/","title":{"rendered":"Fluorit Duga"},"content":{"rendered":"<p>Prekrasan komad poliranog duginog fluorita (Meksiko), prikladan kao kamen za iscjeljivanje ruku ili kao dar. Slika je simboli\u010dna. Mogu\u0107a su manja odstupanja u boji, te\u017eini i obliku.<\/p>\n<p>Vi\u0161e informacija: <a href=\"https:\/\/moirai.si\/hr\/fluorit\/\" target=\"_blank\" rel=\"noopener noreferrer\">Fluorit<\/a><\/p>\n<p>MATERIJAL: duga fluorit<br \/>\nVELI\u010cINA: 3-5 cm<br \/>\nTE\u017dINA: 10-35 g<\/p>","protected":false},"excerpt":{"rendered":"<p>\u010cudovit kos spoliranega mavri\u010dnega Fluorita (Mehika), primeren kot zdravilni ro\u010dni kamen ali kot darilo. Slika je simboli\u010dna. Mo\u017ena so manj\u0161a odstopanja v barvi, te\u017ei in obliki. Ve\u010d informacij: Fluorit MATERIAL: mavri\u010dni Fluorit DIMENZIJE: 3-5 cm TE\u017dA: 10-35 g<\/p>","protected":false},"featured_media":19955,"template":"","meta":[],"product_brand":[],"product_cat":[39,753],"product_tag":[831],"class_list":{"0":"post-12781","1":"product","2":"type-product","3":"status-publish","4":"has-post-thumbnail","6":"product_cat-fluorit","7":"product_cat-rocni-kamni","8":"product_tag-mavricni-fluorit","10":"first","11":"instock","12":"purchasable","13":"product-type-simple"},"_links":{"self":[{"href":"https:\/\/moirai.si\/hr\/wp-json\/wp\/v2\/product\/12781","targetHints":{"allow":["GET"]}}],"collection":[{"href":"https:\/\/moirai.si\/hr\/wp-json\/wp\/v2\/product"}],"about":[{"href":"https:\/\/moirai.si\/hr\/wp-json\/wp\/v2\/types\/product"}],"wp:featuredmedia":[{"embeddable":true,"href":"https:\/\/moirai.si\/hr\/wp-json\/wp\/v2\/media\/19955"}],"wp:attachment":[{"href":"https:\/\/moirai.si\/hr\/wp-json\/wp\/v2\/media?parent=12781"}],"wp:term":[{"taxonomy":"product_brand","embeddable":true,"href":"https:\/\/moirai.si\/hr\/wp-json\/wp\/v2\/product_brand?post=12781"},{"taxonomy":"product_cat","embeddable":true,"href":"https:\/\/moirai.si\/hr\/wp-json\/wp\/v2\/product_cat?post=12781"},{"taxonomy":"product_tag","embeddable":true,"href":"https:\/\/moirai.si\/hr\/wp-json\/wp\/v2\/product_tag?post=12781"}],"curies":[{"name":"wp","href":"https:\/\/api.w.org\/{rel}","templated":true}]}}