{"id":12785,"date":"2019-04-22T11:10:45","date_gmt":"2019-04-22T11:10:45","guid":{"rendered":"https:\/\/moirai.si\/?post_type=product&#038;p=12785"},"modified":"2025-11-11T13:40:18","modified_gmt":"2025-11-11T13:40:18","slug":"prelivajuci-se-opsidijan","status":"publish","type":"product","link":"https:\/\/moirai.si\/hr\/izdelek\/obsidijan-mavricni\/","title":{"rendered":"Opsidijan Duga"},"content":{"rendered":"<p>Prekrasan komad poliranog duga opsidijana (Meksiko), prikladan kao kamen za iscjeljivanje ruku ili kao dar za va\u0161e najmilije. Slika je simboli\u010dna. Mogu\u0107a su manja odstupanja u boji, te\u017eini i obliku.<\/p>\n<p>Vi\u0161e informacija: <a href=\"https:\/\/moirai.si\/hr\/opsidijan-2\/\" target=\"_blank\" rel=\"noopener noreferrer\">Opsidijan<\/a><\/p>\n<p>MATERIJAL: Duga opsidijan<br \/>\nDIMENZIJE: 2-5 cm<br \/>\nTE\u017dINA: 10-30 g<\/p>","protected":false},"excerpt":{"rendered":"<p>\u010cudovit kos spoliranega Mavri\u010dnega Obsidijana (Mehika), primeren kot zdravilni ro\u010dni kamen ali kot darilo za va\u0161e najbli\u017enje. Slika je simboli\u010dna. Mo\u017ena so manj\u0161a odstopanja v barvi, te\u017ei in obliki. Ve\u010d informacij: Obsidijan MATERIAL: Mavri\u010dni Obsidijan DIMENZIJE: 2-5 cm TE\u017dA: 10-30 g<\/p>","protected":false},"featured_media":19136,"template":"","meta":[],"product_brand":[],"product_cat":[63,753],"product_tag":[832],"class_list":{"0":"post-12785","1":"product","2":"type-product","3":"status-publish","4":"has-post-thumbnail","6":"product_cat-obsidijan","7":"product_cat-rocni-kamni","8":"product_tag-mavricni-obsidijan","10":"first","11":"instock","12":"purchasable","13":"product-type-simple"},"_links":{"self":[{"href":"https:\/\/moirai.si\/hr\/wp-json\/wp\/v2\/product\/12785","targetHints":{"allow":["GET"]}}],"collection":[{"href":"https:\/\/moirai.si\/hr\/wp-json\/wp\/v2\/product"}],"about":[{"href":"https:\/\/moirai.si\/hr\/wp-json\/wp\/v2\/types\/product"}],"wp:featuredmedia":[{"embeddable":true,"href":"https:\/\/moirai.si\/hr\/wp-json\/wp\/v2\/media\/19136"}],"wp:attachment":[{"href":"https:\/\/moirai.si\/hr\/wp-json\/wp\/v2\/media?parent=12785"}],"wp:term":[{"taxonomy":"product_brand","embeddable":true,"href":"https:\/\/moirai.si\/hr\/wp-json\/wp\/v2\/product_brand?post=12785"},{"taxonomy":"product_cat","embeddable":true,"href":"https:\/\/moirai.si\/hr\/wp-json\/wp\/v2\/product_cat?post=12785"},{"taxonomy":"product_tag","embeddable":true,"href":"https:\/\/moirai.si\/hr\/wp-json\/wp\/v2\/product_tag?post=12785"}],"curies":[{"name":"wp","href":"https:\/\/api.w.org\/{rel}","templated":true}]}}