{"id":13326,"date":"2019-05-30T12:14:21","date_gmt":"2019-05-30T12:14:21","guid":{"rendered":"https:\/\/moirai.si\/?post_type=product&#038;p=13326"},"modified":"2023-05-31T10:33:10","modified_gmt":"2023-05-31T10:33:10","slug":"zoisit-l","status":"publish","type":"product","link":"https:\/\/moirai.si\/hr\/izdelek\/zoisit-l\/","title":{"rendered":"Zoisit L"},"content":{"rendered":"<p>\u010cudovit kos spoliranega Zoisita (Tanzanija), primeren kot zdravilni ro\u010dni kamen ali kot darilo za va\u0161e najbli\u017enje. Slika je simboli\u010dna. Mo\u017ena so manj\u0161a odstopanja v barvi, te\u017ei in obliki.<\/p>\n<p>Vi\u0161e informacija: <a href=\"https:\/\/moirai.si\/hr\/zoisit\/\" target=\"_blank\" rel=\"noopener noreferrer\">Zoisit<\/a><\/p>\n<p>MATERIAL: Zoisit (Tanzanija)<br \/>\nDIMENZIJE: 1,5-4 cm<br \/>\nTE\u017dA: 15-35 g<\/p>","protected":false},"excerpt":{"rendered":"<p>\u010cudovit kos spoliranega Zoisita (Tanzanija), primeren kot zdravilni ro\u010dni kamen ali kot darilo za va\u0161e najbli\u017enje. Slika je simboli\u010dna. Mo\u017ena so manj\u0161a odstopanja v barvi, te\u017ei in obliki. Ve\u010d informacij: Zoisit MATERIAL: Zoisit (Tanzanija) DIMENZIJE: 1,5-4 cm TE\u017dA: 15-35 g<\/p>","protected":false},"featured_media":19991,"template":"","meta":[],"product_brand":[],"product_cat":[753,849],"product_tag":[952],"class_list":{"0":"post-13326","1":"product","2":"type-product","3":"status-publish","4":"has-post-thumbnail","6":"product_cat-rocni-kamni","7":"product_cat-zoisit","8":"product_tag-zoisit-tanzanija","10":"first","11":"outofstock","12":"purchasable","13":"product-type-simple"},"_links":{"self":[{"href":"https:\/\/moirai.si\/hr\/wp-json\/wp\/v2\/product\/13326","targetHints":{"allow":["GET"]}}],"collection":[{"href":"https:\/\/moirai.si\/hr\/wp-json\/wp\/v2\/product"}],"about":[{"href":"https:\/\/moirai.si\/hr\/wp-json\/wp\/v2\/types\/product"}],"wp:featuredmedia":[{"embeddable":true,"href":"https:\/\/moirai.si\/hr\/wp-json\/wp\/v2\/media\/19991"}],"wp:attachment":[{"href":"https:\/\/moirai.si\/hr\/wp-json\/wp\/v2\/media?parent=13326"}],"wp:term":[{"taxonomy":"product_brand","embeddable":true,"href":"https:\/\/moirai.si\/hr\/wp-json\/wp\/v2\/product_brand?post=13326"},{"taxonomy":"product_cat","embeddable":true,"href":"https:\/\/moirai.si\/hr\/wp-json\/wp\/v2\/product_cat?post=13326"},{"taxonomy":"product_tag","embeddable":true,"href":"https:\/\/moirai.si\/hr\/wp-json\/wp\/v2\/product_tag?post=13326"}],"curies":[{"name":"wp","href":"https:\/\/api.w.org\/{rel}","templated":true}]}}