{"id":13334,"date":"2019-05-30T13:20:21","date_gmt":"2019-05-30T13:20:21","guid":{"rendered":"https:\/\/moirai.si\/?post_type=product&#038;p=13334"},"modified":"2025-11-11T13:44:07","modified_gmt":"2025-11-11T13:44:07","slug":"rodonit-l-peru","status":"publish","type":"product","link":"https:\/\/moirai.si\/hr\/izdelek\/rodonit-l-peru\/","title":{"rendered":"Rodonit L (Peru)"},"content":{"rendered":"<p>Prekrasan komad poliranog rodonita (Peru), pogodan kao ljekoviti kamen za ruke ili kao poklon. Slika je simboli\u010dna. Mogu\u0107a su manja odstupanja u boji, te\u017eini i obliku.<\/p>\n<p>Vi\u0161e informacija: <a href=\"https:\/\/moirai.si\/hr\/rodonit\/\" target=\"_blank\" rel=\"noopener noreferrer\">Rodonit<\/a><\/p>\n<p>MATERIJAL: Rodonit<br \/>\nVELI\u010cINA: cca 1,5-2,5 cm<br \/>\nTE\u017dINA: 15-20 g<\/p>","protected":false},"excerpt":{"rendered":"<p>\u010cudovit kos spoliranega Rodonita (Peru), primeren kot zdravilni ro\u010dni kamen ali kot darilo. Slika je simboli\u010dna. Mo\u017ena so manj\u0161a odstopanja v barvi, te\u017ei in obliki. Ve\u010d informacij: Rodonit MATERIAL: Rodonit DIMENZIJE: cca 1,5-2,5 cm TE\u017dA: 15-20 g<\/p>","protected":false},"featured_media":22460,"template":"","meta":[],"product_brand":[],"product_cat":[753,70],"product_tag":[204],"class_list":{"0":"post-13334","1":"product","2":"type-product","3":"status-publish","4":"has-post-thumbnail","6":"product_cat-rocni-kamni","7":"product_cat-rodonit","8":"product_tag-rodonit","10":"first","11":"instock","12":"purchasable","13":"product-type-simple"},"_links":{"self":[{"href":"https:\/\/moirai.si\/hr\/wp-json\/wp\/v2\/product\/13334","targetHints":{"allow":["GET"]}}],"collection":[{"href":"https:\/\/moirai.si\/hr\/wp-json\/wp\/v2\/product"}],"about":[{"href":"https:\/\/moirai.si\/hr\/wp-json\/wp\/v2\/types\/product"}],"wp:featuredmedia":[{"embeddable":true,"href":"https:\/\/moirai.si\/hr\/wp-json\/wp\/v2\/media\/22460"}],"wp:attachment":[{"href":"https:\/\/moirai.si\/hr\/wp-json\/wp\/v2\/media?parent=13334"}],"wp:term":[{"taxonomy":"product_brand","embeddable":true,"href":"https:\/\/moirai.si\/hr\/wp-json\/wp\/v2\/product_brand?post=13334"},{"taxonomy":"product_cat","embeddable":true,"href":"https:\/\/moirai.si\/hr\/wp-json\/wp\/v2\/product_cat?post=13334"},{"taxonomy":"product_tag","embeddable":true,"href":"https:\/\/moirai.si\/hr\/wp-json\/wp\/v2\/product_tag?post=13334"}],"curies":[{"name":"wp","href":"https:\/\/api.w.org\/{rel}","templated":true}]}}