{"id":13378,"date":"2019-05-31T16:26:25","date_gmt":"2019-05-31T16:26:25","guid":{"rendered":"https:\/\/moirai.si\/?post_type=product&#038;p=13378"},"modified":"2025-01-12T19:50:41","modified_gmt":"2025-01-12T19:50:41","slug":"lungo-mix-10","status":"publish","type":"product","link":"https:\/\/moirai.si\/hr\/izdelek\/lungo-mix-10\/","title":{"rendered":"Lungo Mix"},"content":{"rendered":"<p>Unikatna dolga ogrlica kolekcije Lungo, ki je narejena iz razli\u010dnih oblik in velikosti Lapis Lazulija in sladovodno gojenih biserov. <\/p>\n<p>Vi\u0161e informacija: <a href=\"https:\/\/moirai.si\/hr\/lapis-lazuli\/\" target=\"_blank\" rel=\"noopener noreferrer\">Lapis Lazuli<\/a><\/p>\n<p>MATERIAL: Lapis Lazuli, sladkovodno gojeni biseri<br \/>\nDOL\u017dINA: 180 cm<br \/>\nTE\u017dA:\t43,8 g<br \/>\nVELI\u010cINA KAMENA: 3-8 mm<\/p>","protected":false},"excerpt":{"rendered":"<p>Unikatna dolga ogrlica kolekcije Lungo, ki je narejena iz razli\u010dnih oblik in velikosti Lapis Lazulija in sladovodno gojenih biserov. Ve\u010d informacij: Lapis Lazuli MATERIAL: Lapis Lazuli, sladkovodno gojeni biseri DOL\u017dINA: 180 cm TE\u017dA: 43,8 g VELIKOST KAMNOV: 3-8 mm<\/p>","protected":false},"featured_media":21608,"template":"","meta":[],"product_brand":[],"product_cat":[687,1135,55,276,819,1136],"product_tag":[280,296],"class_list":{"0":"post-13378","1":"product","2":"type-product","3":"status-publish","4":"has-post-thumbnail","6":"product_cat-biser","7":"product_cat-biseri-in-skoljke","8":"product_cat-lapis-lazuli","9":"product_cat-lungo-2","10":"product_cat-od-70cm","11":"product_cat-ogled-vseh","12":"product_tag-lapis-lazuli","13":"product_tag-sladkovodno-gojeni-biseri","15":"first","16":"instock","17":"purchasable","18":"product-type-simple"},"_links":{"self":[{"href":"https:\/\/moirai.si\/hr\/wp-json\/wp\/v2\/product\/13378","targetHints":{"allow":["GET"]}}],"collection":[{"href":"https:\/\/moirai.si\/hr\/wp-json\/wp\/v2\/product"}],"about":[{"href":"https:\/\/moirai.si\/hr\/wp-json\/wp\/v2\/types\/product"}],"wp:featuredmedia":[{"embeddable":true,"href":"https:\/\/moirai.si\/hr\/wp-json\/wp\/v2\/media\/21608"}],"wp:attachment":[{"href":"https:\/\/moirai.si\/hr\/wp-json\/wp\/v2\/media?parent=13378"}],"wp:term":[{"taxonomy":"product_brand","embeddable":true,"href":"https:\/\/moirai.si\/hr\/wp-json\/wp\/v2\/product_brand?post=13378"},{"taxonomy":"product_cat","embeddable":true,"href":"https:\/\/moirai.si\/hr\/wp-json\/wp\/v2\/product_cat?post=13378"},{"taxonomy":"product_tag","embeddable":true,"href":"https:\/\/moirai.si\/hr\/wp-json\/wp\/v2\/product_tag?post=13378"}],"curies":[{"name":"wp","href":"https:\/\/api.w.org\/{rel}","templated":true}]}}