{"id":13418,"date":"2019-06-05T10:21:11","date_gmt":"2019-06-05T10:21:11","guid":{"rendered":"https:\/\/moirai.si\/?post_type=product&#038;p=13418"},"modified":"2025-11-11T13:40:08","modified_gmt":"2025-11-11T13:40:08","slug":"obsidijan-srebrni-l","status":"publish","type":"product","link":"https:\/\/moirai.si\/hr\/izdelek\/obsidijan-srebrni-l\/","title":{"rendered":"Opsidijan srebrni L"},"content":{"rendered":"<p>Prekrasan komad poliranog srebrnog Opsidijana (Brazil), prikladan kao ljekoviti ru\u010dni kamen ili kao poklon za va\u0161e najmilije. Slika je simboli\u010dna. Mogu\u0107a su manja odstupanja u boji, te\u017eini i obliku.<\/p>\n<p>Vi\u0161e informacija: <a href=\"https:\/\/moirai.si\/hr\/opsidijan-2\/\" target=\"_blank\" rel=\"noopener noreferrer\">Opsidijan<\/a><\/p>\n<p>MATERIAL: Srebrni Opsidijan<br \/>\nVELI\u010cINA: 2-6 cm<br \/>\nTE\u017dINA: 15-40 g<\/p>","protected":false},"excerpt":{"rendered":"<p>\u010cudovit kos spoliranega Srebrnega Obsidijana (Brazilija), primeren kot zdravilni ro\u010dni kamen ali kot darilo za va\u0161e najbli\u017enje. Slika je simboli\u010dna. Mo\u017ena so manj\u0161a odstopanja v barvi, te\u017ei in obliki. Ve\u010d informacij: Obsidijan MATERIAL: Srebrni Obsidijan DIMENZIJE: 2-6 cm TE\u017dA: 15-40 g<\/p>","protected":false},"featured_media":19139,"template":"","meta":[],"product_brand":[],"product_cat":[63,753],"product_tag":[827],"class_list":{"0":"post-13418","1":"product","2":"type-product","3":"status-publish","4":"has-post-thumbnail","6":"product_cat-obsidijan","7":"product_cat-rocni-kamni","8":"product_tag-srebrni-obsidijan","10":"first","11":"instock","12":"purchasable","13":"product-type-simple"},"_links":{"self":[{"href":"https:\/\/moirai.si\/hr\/wp-json\/wp\/v2\/product\/13418","targetHints":{"allow":["GET"]}}],"collection":[{"href":"https:\/\/moirai.si\/hr\/wp-json\/wp\/v2\/product"}],"about":[{"href":"https:\/\/moirai.si\/hr\/wp-json\/wp\/v2\/types\/product"}],"wp:featuredmedia":[{"embeddable":true,"href":"https:\/\/moirai.si\/hr\/wp-json\/wp\/v2\/media\/19139"}],"wp:attachment":[{"href":"https:\/\/moirai.si\/hr\/wp-json\/wp\/v2\/media?parent=13418"}],"wp:term":[{"taxonomy":"product_brand","embeddable":true,"href":"https:\/\/moirai.si\/hr\/wp-json\/wp\/v2\/product_brand?post=13418"},{"taxonomy":"product_cat","embeddable":true,"href":"https:\/\/moirai.si\/hr\/wp-json\/wp\/v2\/product_cat?post=13418"},{"taxonomy":"product_tag","embeddable":true,"href":"https:\/\/moirai.si\/hr\/wp-json\/wp\/v2\/product_tag?post=13418"}],"curies":[{"name":"wp","href":"https:\/\/api.w.org\/{rel}","templated":true}]}}