{"id":13424,"date":"2019-06-05T11:34:46","date_gmt":"2019-06-05T11:34:46","guid":{"rendered":"https:\/\/moirai.si\/?post_type=product&#038;p=13424"},"modified":"2026-03-26T12:41:01","modified_gmt":"2026-03-26T12:41:01","slug":"jaspis-epidot-s","status":"publish","type":"product","link":"https:\/\/moirai.si\/hr\/izdelek\/jaspis-epidot-s\/","title":{"rendered":"Jaspis Epidot S"},"content":{"rendered":"<p>Prekrasan komad poliranog Epidote Jaspera (Ju\u017ena Afrika), pogodan kao ljekoviti kamen za ruke ili kao poklon za va\u0161e voljene. Slika je simboli\u010dna. Mogu\u0107a su manja odstupanja u boji, te\u017eini i obliku.<\/p>\n<p>Vi\u0161e informacija: <a href=\"https:\/\/moirai.si\/hr\/epidot\/\" target=\"_blank\" rel=\"noopener noreferrer\">Epidot<\/a><\/p>\n<p>MATERIJAL: Epidot Jasper<br \/>\nDIMENZIJE: 1,5-5 cm<br \/>\nTE\u017dINA: 5-15 g<\/p>","protected":false},"excerpt":{"rendered":"<p>\u010cudovit kos spoliranega Epidot Jaspisa (Ju\u017ena Afrika), primeren kot zdravilni ro\u010dni kamen ali kot darilo za va\u0161e najbli\u017enje. Slika je simboli\u010dna. Mo\u017ena so manj\u0161a odstopanja v barvi, te\u017ei in obliki. Ve\u010d informacij: Epidot MATERIAL: Epidot Jaspis DIMENZIJE: 1,5-5 cm TE\u017dA: 5-15 g<\/p>","protected":false},"featured_media":20046,"template":"","meta":[],"product_brand":[],"product_cat":[850,47,753],"product_tag":[843],"class_list":{"0":"post-13424","1":"product","2":"type-product","3":"status-publish","4":"has-post-thumbnail","6":"product_cat-epidot","7":"product_cat-jaspis","8":"product_cat-rocni-kamni","9":"product_tag-epidot-jaspis","11":"first","12":"instock","13":"purchasable","14":"product-type-simple"},"_links":{"self":[{"href":"https:\/\/moirai.si\/hr\/wp-json\/wp\/v2\/product\/13424","targetHints":{"allow":["GET"]}}],"collection":[{"href":"https:\/\/moirai.si\/hr\/wp-json\/wp\/v2\/product"}],"about":[{"href":"https:\/\/moirai.si\/hr\/wp-json\/wp\/v2\/types\/product"}],"wp:featuredmedia":[{"embeddable":true,"href":"https:\/\/moirai.si\/hr\/wp-json\/wp\/v2\/media\/20046"}],"wp:attachment":[{"href":"https:\/\/moirai.si\/hr\/wp-json\/wp\/v2\/media?parent=13424"}],"wp:term":[{"taxonomy":"product_brand","embeddable":true,"href":"https:\/\/moirai.si\/hr\/wp-json\/wp\/v2\/product_brand?post=13424"},{"taxonomy":"product_cat","embeddable":true,"href":"https:\/\/moirai.si\/hr\/wp-json\/wp\/v2\/product_cat?post=13424"},{"taxonomy":"product_tag","embeddable":true,"href":"https:\/\/moirai.si\/hr\/wp-json\/wp\/v2\/product_tag?post=13424"}],"curies":[{"name":"wp","href":"https:\/\/api.w.org\/{rel}","templated":true}]}}