{"id":13671,"date":"2019-06-20T17:01:07","date_gmt":"2019-06-20T17:01:07","guid":{"rendered":"https:\/\/moirai.si\/?post_type=product&#038;p=13671"},"modified":"2024-07-17T11:46:07","modified_gmt":"2024-07-17T11:46:07","slug":"vrlo-granatno-zelena-3","status":"publish","type":"product","link":"https:\/\/moirai.si\/hr\/izdelek\/versy-granat-zeleni-3\/","title":{"rendered":"Versy Granat Zeleni"},"content":{"rendered":"<p>Unikatan privjesak kolekcije Versy Zeleni Granat na crni ko\u017ei podesive duljine (povucite \u010dvor gore ili dolje). Ogrlica je unisex i pogodna je za djecu i odrasle. <\/p>\n<p>Vi\u0161e informacija: <a href=\"https:\/\/moirai.si\/hr\/granat\/\" target=\"_blank\" rel=\"noopener noreferrer\">Granat<\/a><\/p>\n<p>MATERIJAL: zeleni granat (tsavorit ili tsavolit), ko\u017ea<br \/>\nDU\u017dINA: podesiva (38-77 cm)<br \/>\nTE\u017dINA: 14,8 g<br \/>\nVELI\u010cINA PRIVJESKA: 2 x 2,8 cm<br \/>\nDEBLJINA KAMENA: 1,1 cm<\/p>","protected":false},"excerpt":{"rendered":"<p>Unikaten obesek kolekcije Versy iz Zelenega Granata na \u010drnem usnjenem traku s prilagodljivo dol\u017eino (poteg vozla gor oz. dol). Ogrlica je unisex in je primerna za otroke in odrasle. Ve\u010d informacij: Granat MATERIAL: zeleni Granat (Tsavorit ali Tsavolit), usnje DOL\u017dINA: prilagodljiva (38-77 cm) TE\u017dA: 14.8 g VELIKOST OBESKA: 2 x 2,8 cm DEBELINA KAMNA: 1,1 [&hellip;]<\/p>\n","protected":false},"featured_media":13672,"template":"","meta":[],"product_brand":[],"product_cat":[41,92,309],"product_tag":[193,1117],"class_list":{"0":"post-13671","1":"product","2":"type-product","3":"status-publish","4":"has-post-thumbnail","6":"product_cat-granat","7":"product_cat-obeski-in-usnje","8":"product_cat-versy","9":"product_tag-usnje","10":"product_tag-zeleni-granat-tsavorit-ali-tsavolit","12":"first","13":"instock","14":"purchasable","15":"product-type-simple"},"_links":{"self":[{"href":"https:\/\/moirai.si\/hr\/wp-json\/wp\/v2\/product\/13671","targetHints":{"allow":["GET"]}}],"collection":[{"href":"https:\/\/moirai.si\/hr\/wp-json\/wp\/v2\/product"}],"about":[{"href":"https:\/\/moirai.si\/hr\/wp-json\/wp\/v2\/types\/product"}],"wp:featuredmedia":[{"embeddable":true,"href":"https:\/\/moirai.si\/hr\/wp-json\/wp\/v2\/media\/13672"}],"wp:attachment":[{"href":"https:\/\/moirai.si\/hr\/wp-json\/wp\/v2\/media?parent=13671"}],"wp:term":[{"taxonomy":"product_brand","embeddable":true,"href":"https:\/\/moirai.si\/hr\/wp-json\/wp\/v2\/product_brand?post=13671"},{"taxonomy":"product_cat","embeddable":true,"href":"https:\/\/moirai.si\/hr\/wp-json\/wp\/v2\/product_cat?post=13671"},{"taxonomy":"product_tag","embeddable":true,"href":"https:\/\/moirai.si\/hr\/wp-json\/wp\/v2\/product_tag?post=13671"}],"curies":[{"name":"wp","href":"https:\/\/api.w.org\/{rel}","templated":true}]}}