{"id":13828,"date":"2019-07-19T10:40:42","date_gmt":"2019-07-19T10:40:42","guid":{"rendered":"https:\/\/moirai.si\/?post_type=product&#038;p=13828"},"modified":"2026-03-29T14:23:05","modified_gmt":"2026-03-29T14:23:05","slug":"macrame-ahat-2","status":"publish","type":"product","link":"https:\/\/moirai.si\/hr\/izdelek\/macrame-ahat-2\/","title":{"rendered":"Macrame Ahat"},"content":{"rendered":"<p>Unisex narukvica iz Macrame kolekcije koja je izra\u0111ena od Ahata. Narukvica je fleksibilna i laka za no\u0161enje. Slika je simboli\u010dna. Mogu\u0107a su mala odstupanja u boji.<\/p>\n<p>Vi\u0161e informacija: <a href=\"https:\/\/moirai.si\/hr\/ahat\/\" target=\"_blank\" rel=\"noopener noreferrer\">Ahat<\/a><\/p>\n<p>MATERIAL: Ahat<br \/>\nDU\u017dINA: podesiva od 16-25 cm<br \/>\nTE\u017dA:\tcca 12g<br \/>\nVELI\u010cINA KAMENA: 6-8mm<\/p>","protected":false},"excerpt":{"rendered":"<p>Unisex zapestnica kolekcije Macrame, ki je narejena Ahata. Slika je simboli\u010dna. Mo\u017ena so manj\u0161a odstopanja v barvi. Ve\u010d informacij: Ahat MATERIAL: Ahat DOL\u017dINA: prilagodljiva od 16-25 cm TE\u017dA: cca 12g VELIKOST KAMNOV: 6-8mm<\/p>","protected":false},"featured_media":13829,"template":"","meta":[],"product_brand":[],"product_cat":[30,820,212,821,822,823,1137],"product_tag":[277],"class_list":{"0":"post-13828","1":"product","2":"type-product","3":"status-publish","4":"has-post-thumbnail","6":"product_cat-ahat","7":"product_cat-do-18cm","8":"product_cat-macrame-2","9":"product_cat-od-18-do-19cm","10":"product_cat-od-19-do-20cm","11":"product_cat-od-20cm","12":"product_cat-ogled-vseh-zapestnice-2","13":"product_tag-ahat","15":"first","16":"outofstock","17":"purchasable","18":"product-type-simple"},"_links":{"self":[{"href":"https:\/\/moirai.si\/hr\/wp-json\/wp\/v2\/product\/13828","targetHints":{"allow":["GET"]}}],"collection":[{"href":"https:\/\/moirai.si\/hr\/wp-json\/wp\/v2\/product"}],"about":[{"href":"https:\/\/moirai.si\/hr\/wp-json\/wp\/v2\/types\/product"}],"wp:featuredmedia":[{"embeddable":true,"href":"https:\/\/moirai.si\/hr\/wp-json\/wp\/v2\/media\/13829"}],"wp:attachment":[{"href":"https:\/\/moirai.si\/hr\/wp-json\/wp\/v2\/media?parent=13828"}],"wp:term":[{"taxonomy":"product_brand","embeddable":true,"href":"https:\/\/moirai.si\/hr\/wp-json\/wp\/v2\/product_brand?post=13828"},{"taxonomy":"product_cat","embeddable":true,"href":"https:\/\/moirai.si\/hr\/wp-json\/wp\/v2\/product_cat?post=13828"},{"taxonomy":"product_tag","embeddable":true,"href":"https:\/\/moirai.si\/hr\/wp-json\/wp\/v2\/product_tag?post=13828"}],"curies":[{"name":"wp","href":"https:\/\/api.w.org\/{rel}","templated":true}]}}