{"id":13835,"date":"2019-07-19T11:29:25","date_gmt":"2019-07-19T11:29:25","guid":{"rendered":"https:\/\/moirai.si\/?post_type=product&#038;p=13835"},"modified":"2025-07-07T16:49:59","modified_gmt":"2025-07-07T16:49:59","slug":"mjesavina-za-makrame-2","status":"publish","type":"product","link":"https:\/\/moirai.si\/hr\/izdelek\/macrame-mix-2\/","title":{"rendered":"Macrame Mix"},"content":{"rendered":"<p>Unisex narukvica iz kolekcije Macrame, izra\u0111ena od aventurina, hematita i oniksa. Narukvica je podesiva i jednostavna za no\u0161enje. <\/p>\n<p>MATERIJAL: Aventurin, Hematit, Oniks<br \/>\nDU\u017dINA: podesiva od 16-25 cm<br \/>\nTE\u017dINA: 11,7 g<br \/>\nVELI\u010cINA KAMENA: 6-8mm<\/p>","protected":false},"excerpt":{"rendered":"<p>Unisex zapestnica kolekcije Macrame, ki je narejena iz Aventurina, Hematita in Oniksa. Zapestnica je prilagodljiva in enostavna za no\u0161enje. MATERIAL: Aventurin, Hematit, Oniks DOL\u017dINA: prilagodljiva od 16-25 cm TE\u017dA: 11.7g VELIKOST KAMNOV: 6-8mm<\/p>","protected":false},"featured_media":26124,"template":"","meta":[],"product_brand":[],"product_cat":[31,820,42,212,821,822,823,1137,62],"product_tag":[200,202,206],"class_list":{"0":"post-13835","1":"product","2":"type-product","3":"status-publish","4":"has-post-thumbnail","6":"product_cat-aventurin","7":"product_cat-do-18cm","8":"product_cat-hematit","9":"product_cat-macrame-2","10":"product_cat-od-18-do-19cm","11":"product_cat-od-19-do-20cm","12":"product_cat-od-20cm","13":"product_cat-ogled-vseh-zapestnice-2","14":"product_cat-oniks","15":"product_tag-aventurin","16":"product_tag-hematit","17":"product_tag-oniks","19":"first","20":"instock","21":"purchasable","22":"product-type-simple"},"_links":{"self":[{"href":"https:\/\/moirai.si\/hr\/wp-json\/wp\/v2\/product\/13835","targetHints":{"allow":["GET"]}}],"collection":[{"href":"https:\/\/moirai.si\/hr\/wp-json\/wp\/v2\/product"}],"about":[{"href":"https:\/\/moirai.si\/hr\/wp-json\/wp\/v2\/types\/product"}],"wp:featuredmedia":[{"embeddable":true,"href":"https:\/\/moirai.si\/hr\/wp-json\/wp\/v2\/media\/26124"}],"wp:attachment":[{"href":"https:\/\/moirai.si\/hr\/wp-json\/wp\/v2\/media?parent=13835"}],"wp:term":[{"taxonomy":"product_brand","embeddable":true,"href":"https:\/\/moirai.si\/hr\/wp-json\/wp\/v2\/product_brand?post=13835"},{"taxonomy":"product_cat","embeddable":true,"href":"https:\/\/moirai.si\/hr\/wp-json\/wp\/v2\/product_cat?post=13835"},{"taxonomy":"product_tag","embeddable":true,"href":"https:\/\/moirai.si\/hr\/wp-json\/wp\/v2\/product_tag?post=13835"}],"curies":[{"name":"wp","href":"https:\/\/api.w.org\/{rel}","templated":true}]}}