{"id":13839,"date":"2019-07-20T07:00:39","date_gmt":"2019-07-20T07:00:39","guid":{"rendered":"https:\/\/moirai.si\/?post_type=product&#038;p=13839"},"modified":"2025-10-13T09:59:33","modified_gmt":"2025-10-13T09:59:33","slug":"macrame-mix-cakra-5","status":"publish","type":"product","link":"https:\/\/moirai.si\/hr\/izdelek\/macrame-mix-cakra-5\/","title":{"rendered":"Macrame Mix \u010cakra"},"content":{"rendered":"<p>Unisex narukvica iz Macrame kolekcije koja je izra\u0111ena od raznih kamen\u010di\u0107a. Narukvica je fleksibilna i laka za no\u0161enje. <\/p>\n<p>Slika je simboli\u010dna. Mo\u017ena so manj\u0161a odstopanja v barvi in te\u017ei.<\/p>\n<p>MATERIAL: \u010drni Obsidijan, Tigrovo Oko, Pokrajinski Jaspis, Turmalin Kvarc, Sodalit, Mahovni Ahat, Aventurin, Prehnit, rde\u010di Jaspis, Karneol, Ametist, Ro\u017eevec, Mavri\u010dni Mese\u010dev Kamen, Dimni Kvarc, Kamena Strela, \u010drni Turmalin<br \/>\nDU\u017dINA: podesiva od 16-25 cm<br \/>\nTE\u017dA:\tcca 6.9 g<br \/>\nVELI\u010cINA KAMENA: 6 mm<\/p>","protected":false},"excerpt":{"rendered":"<p>Unisex narukvica iz Macrame kolekcije koja je izra\u0111ena od razli\u010ditih kamen\u010di\u0107a.<\/p>","protected":false},"featured_media":26269,"template":"","meta":[],"product_brand":[],"product_cat":[30,33,31,820,47,68,48,848,212,59,63,821,822,823,1137,701,69,77,81,85],"product_tag":[195,200,868,766,365,203,198,775,279,516,699,779,225,227,199,1015],"class_list":{"0":"post-13839","1":"product","2":"type-product","3":"status-publish","4":"has-post-thumbnail","6":"product_cat-ahat","7":"product_cat-ametist","8":"product_cat-aventurin","9":"product_cat-do-18cm","10":"product_cat-jaspis","11":"product_cat-kamena-strela","12":"product_cat-karneol","13":"product_cat-kvarc","14":"product_cat-macrame-2","15":"product_cat-mesecev-kamen","16":"product_cat-obsidijan","17":"product_cat-od-18-do-19cm","18":"product_cat-od-19-do-20cm","19":"product_cat-od-20cm","20":"product_cat-ogled-vseh-zapestnice-2","21":"product_cat-prehnit","22":"product_cat-rozevec","23":"product_cat-sodalit","24":"product_cat-tigrovo-oko","25":"product_cat-turmalin","26":"product_tag-ametist","27":"product_tag-aventurin","28":"product_tag-crni-obsidijan","29":"product_tag-crni-turmalin","30":"product_tag-dimni-kvarc","31":"product_tag-kamena-strela","32":"product_tag-karneol","33":"product_tag-mahovni-ahat","34":"product_tag-mavricni-mesecev-kamen","35":"product_tag-pokrajinski-jaspis","36":"product_tag-prehnit","37":"product_tag-rdeci-jaspis","38":"product_tag-rozevec","39":"product_tag-sodalit","40":"product_tag-tigrovo-oko","41":"product_tag-turmalin-kvarc","43":"first","44":"instock","45":"purchasable","46":"product-type-simple"},"_links":{"self":[{"href":"https:\/\/moirai.si\/hr\/wp-json\/wp\/v2\/product\/13839","targetHints":{"allow":["GET"]}}],"collection":[{"href":"https:\/\/moirai.si\/hr\/wp-json\/wp\/v2\/product"}],"about":[{"href":"https:\/\/moirai.si\/hr\/wp-json\/wp\/v2\/types\/product"}],"wp:featuredmedia":[{"embeddable":true,"href":"https:\/\/moirai.si\/hr\/wp-json\/wp\/v2\/media\/26269"}],"wp:attachment":[{"href":"https:\/\/moirai.si\/hr\/wp-json\/wp\/v2\/media?parent=13839"}],"wp:term":[{"taxonomy":"product_brand","embeddable":true,"href":"https:\/\/moirai.si\/hr\/wp-json\/wp\/v2\/product_brand?post=13839"},{"taxonomy":"product_cat","embeddable":true,"href":"https:\/\/moirai.si\/hr\/wp-json\/wp\/v2\/product_cat?post=13839"},{"taxonomy":"product_tag","embeddable":true,"href":"https:\/\/moirai.si\/hr\/wp-json\/wp\/v2\/product_tag?post=13839"}],"curies":[{"name":"wp","href":"https:\/\/api.w.org\/{rel}","templated":true}]}}