{"id":13925,"date":"2019-07-24T09:48:59","date_gmt":"2019-07-24T09:48:59","guid":{"rendered":"https:\/\/moirai.si\/?post_type=product&#038;p=13925"},"modified":"2022-11-09T12:05:50","modified_gmt":"2022-11-09T12:05:50","slug":"krizoprasov-stih-6","status":"publish","type":"product","link":"https:\/\/moirai.si\/hr\/izdelek\/versy-hrizopras-6\/","title":{"rendered":"Versy Krizopras"},"content":{"rendered":"<p>Jedinstveni privjesak iz Versy kolekcije izra\u0111en od krizopraza na crnom ko\u017enom remenu s podesivom duljinom (povucite \u010dvor gore ili dolje). Ogrlica je unisex i prikladna za djecu i odrasle. <\/p>\n<p>Vi\u0161e informacija: <a href=\"https:\/\/moirai.si\/hr\/krizopraza\/\" target=\"_blank\" rel=\"noopener noreferrer\">Krizopras<\/a><\/p>\n<p>MATERIJAL: Krizopraz (Chrysoprase), crna ko\u017ea<br \/>\nDU\u017dINA: podesiva (38-77 cm)<br \/>\nTE\u017dINA: 9,5 g<br \/>\nVELI\u010cINA KAMENA: 2 x 3 cm<br \/>\nDEBLJINA KAMENA: 0,5 cm<\/p>","protected":false},"excerpt":{"rendered":"<p>Unikaten obesek kolekcije Versy iz Hrizopraza na \u010drnem usnjenem traku s prilagodljivo dol\u017eino (poteg vozla gor oz. dol). Ogrlica je unisex in je primerna za otroke in odrasle. Ve\u010d informacij: Hrizopras MATERIAL: Hrizopras (Hrizopraz), \u010drno usnje DOL\u017dINA: prilagodljiva (38-77 cm) TE\u017dA: 9,5 g VELIKOST KAMNA: 2 x 3 cm DEBELINA KAMNA: 0.5 cm<\/p>","protected":false},"featured_media":13926,"template":"","meta":[],"product_brand":[],"product_cat":[43,92,309],"product_tag":[648,776],"class_list":{"0":"post-13925","1":"product","2":"type-product","3":"status-publish","4":"has-post-thumbnail","6":"product_cat-hrizopras","7":"product_cat-obeski-in-usnje","8":"product_cat-versy","9":"product_tag-crno-usnje","10":"product_tag-hrizopras-hrizopraz","12":"first","13":"instock","14":"purchasable","15":"product-type-simple"},"_links":{"self":[{"href":"https:\/\/moirai.si\/hr\/wp-json\/wp\/v2\/product\/13925","targetHints":{"allow":["GET"]}}],"collection":[{"href":"https:\/\/moirai.si\/hr\/wp-json\/wp\/v2\/product"}],"about":[{"href":"https:\/\/moirai.si\/hr\/wp-json\/wp\/v2\/types\/product"}],"wp:featuredmedia":[{"embeddable":true,"href":"https:\/\/moirai.si\/hr\/wp-json\/wp\/v2\/media\/13926"}],"wp:attachment":[{"href":"https:\/\/moirai.si\/hr\/wp-json\/wp\/v2\/media?parent=13925"}],"wp:term":[{"taxonomy":"product_brand","embeddable":true,"href":"https:\/\/moirai.si\/hr\/wp-json\/wp\/v2\/product_brand?post=13925"},{"taxonomy":"product_cat","embeddable":true,"href":"https:\/\/moirai.si\/hr\/wp-json\/wp\/v2\/product_cat?post=13925"},{"taxonomy":"product_tag","embeddable":true,"href":"https:\/\/moirai.si\/hr\/wp-json\/wp\/v2\/product_tag?post=13925"}],"curies":[{"name":"wp","href":"https:\/\/api.w.org\/{rel}","templated":true}]}}