{"id":14055,"date":"2019-08-06T13:57:35","date_gmt":"2019-08-06T13:57:35","guid":{"rendered":"https:\/\/moirai.si\/?post_type=product&#038;p=14055"},"modified":"2025-08-19T18:16:56","modified_gmt":"2025-08-19T18:16:56","slug":"klasicna-kamena-strijela-7","status":"publish","type":"product","link":"https:\/\/moirai.si\/hr\/izdelek\/clasic-kamena-strela-7\/","title":{"rendered":"Clasic Gorski kristal"},"content":{"rendered":"<p>Elegantne nau\u0161nice iz Clasic kolekcije izra\u0111ene od Gorskog Kristala i rodiniranog srebra 925.<\/p>\n<p>Vi\u0161e informacija: <a href=\"https:\/\/moirai.si\/hr\/gorski-kristal\/\" target=\"_blank\" rel=\"noopener noreferrer\">Gorski Kristal<\/a><\/p>\n<p>MATERIAL: Gorski Kristal, rodinirano srebro 925<br \/>\nVELI\u010cINA KAMENI\u0106A: 15 mm<br \/>\nTE\u017dINA: 4,6 g<br \/>\nDU\u017dINA: 3,8 cm<\/p>","protected":false},"excerpt":{"rendered":"<p>Elegantni uhani kolekcije Clasic, ki so narejeni iz Kamene Strele in rodiniranega srebra 925. Ve\u010d informacij: Kamena Strela MATERIAL: Kamena Strela, rodinirano srebro 925 VELIKOST KAMNOV: 15mm TE\u017dA: 4.6 g DOL\u017dINA: 3.8 cm<\/p>","protected":false},"featured_media":24056,"template":"","meta":[],"product_brand":[],"product_cat":[208,68,848,1138,27,1141],"product_tag":[203,637],"class_list":{"0":"post-14055","1":"product","2":"type-product","3":"status-publish","4":"has-post-thumbnail","6":"product_cat-clasic","7":"product_cat-kamena-strela","8":"product_cat-kvarc","9":"product_cat-ogled-vseh-uhani","10":"product_cat-uhani","11":"product_cat-uhani-clasic","12":"product_tag-kamena-strela","13":"product_tag-rodinirano-srebro-925","15":"first","16":"instock","17":"purchasable","18":"product-type-simple"},"_links":{"self":[{"href":"https:\/\/moirai.si\/hr\/wp-json\/wp\/v2\/product\/14055","targetHints":{"allow":["GET"]}}],"collection":[{"href":"https:\/\/moirai.si\/hr\/wp-json\/wp\/v2\/product"}],"about":[{"href":"https:\/\/moirai.si\/hr\/wp-json\/wp\/v2\/types\/product"}],"wp:featuredmedia":[{"embeddable":true,"href":"https:\/\/moirai.si\/hr\/wp-json\/wp\/v2\/media\/24056"}],"wp:attachment":[{"href":"https:\/\/moirai.si\/hr\/wp-json\/wp\/v2\/media?parent=14055"}],"wp:term":[{"taxonomy":"product_brand","embeddable":true,"href":"https:\/\/moirai.si\/hr\/wp-json\/wp\/v2\/product_brand?post=14055"},{"taxonomy":"product_cat","embeddable":true,"href":"https:\/\/moirai.si\/hr\/wp-json\/wp\/v2\/product_cat?post=14055"},{"taxonomy":"product_tag","embeddable":true,"href":"https:\/\/moirai.si\/hr\/wp-json\/wp\/v2\/product_tag?post=14055"}],"curies":[{"name":"wp","href":"https:\/\/api.w.org\/{rel}","templated":true}]}}