{"id":14057,"date":"2019-08-06T14:01:08","date_gmt":"2019-08-06T14:01:08","guid":{"rendered":"https:\/\/moirai.si\/?post_type=product&#038;p=14057"},"modified":"2025-01-12T20:09:26","modified_gmt":"2025-01-12T20:09:26","slug":"klasicna-kamena-strelica-8","status":"publish","type":"product","link":"https:\/\/moirai.si\/hr\/izdelek\/clasic-kamena-strela-8\/","title":{"rendered":"Clasic Gorski kristal"},"content":{"rendered":"<p>Elegantne nau\u0161nice iz kolekcije Classic, izra\u0111ene od Stone Arrow i 925 srebra.<\/p>\n<p>Vi\u0161e informacija: <a href=\"https:\/\/moirai.si\/hr\/gorski-kristal\/\" target=\"_blank\" rel=\"noopener noreferrer\">Gorski Kristal<\/a><\/p>\n<p>MATERIJAL: fasetirana Kamena Munja, Kamena Munja, srebro 925<br \/>\nVELI\u010cINA KAMENI\u0106A: 6-15 mm<br \/>\nTE\u017dINA: 8,5 g<br \/>\nDU\u017dINA: 4,2 cm<\/p>","protected":false},"excerpt":{"rendered":"<p>Elegantni uhani kolekcije Clasic, ki so narejeni iz Kamene Strele in srebra 925. Ve\u010d informacij: Kamena Strela MATERIAL: fasetirana Kamena Strela, Kamena Strela, srebro 925 VELIKOST KAMNOV: 6-15mm TE\u017dA: 8,5 g DOL\u017dINA: 4,2 cm<\/p>","protected":false},"featured_media":14058,"template":"","meta":[],"product_brand":[],"product_cat":[208,68,848,1138,27,1141],"product_tag":[295,203,371],"class_list":{"0":"post-14057","1":"product","2":"type-product","3":"status-publish","4":"has-post-thumbnail","6":"product_cat-clasic","7":"product_cat-kamena-strela","8":"product_cat-kvarc","9":"product_cat-ogled-vseh-uhani","10":"product_cat-uhani","11":"product_cat-uhani-clasic","12":"product_tag-fasetirana-kamena-strela","13":"product_tag-kamena-strela","14":"product_tag-srebro-925","16":"first","17":"instock","18":"purchasable","19":"product-type-simple"},"_links":{"self":[{"href":"https:\/\/moirai.si\/hr\/wp-json\/wp\/v2\/product\/14057","targetHints":{"allow":["GET"]}}],"collection":[{"href":"https:\/\/moirai.si\/hr\/wp-json\/wp\/v2\/product"}],"about":[{"href":"https:\/\/moirai.si\/hr\/wp-json\/wp\/v2\/types\/product"}],"wp:featuredmedia":[{"embeddable":true,"href":"https:\/\/moirai.si\/hr\/wp-json\/wp\/v2\/media\/14058"}],"wp:attachment":[{"href":"https:\/\/moirai.si\/hr\/wp-json\/wp\/v2\/media?parent=14057"}],"wp:term":[{"taxonomy":"product_brand","embeddable":true,"href":"https:\/\/moirai.si\/hr\/wp-json\/wp\/v2\/product_brand?post=14057"},{"taxonomy":"product_cat","embeddable":true,"href":"https:\/\/moirai.si\/hr\/wp-json\/wp\/v2\/product_cat?post=14057"},{"taxonomy":"product_tag","embeddable":true,"href":"https:\/\/moirai.si\/hr\/wp-json\/wp\/v2\/product_tag?post=14057"}],"curies":[{"name":"wp","href":"https:\/\/api.w.org\/{rel}","templated":true}]}}